{"id":10387,"date":"2025-03-19T13:00:33","date_gmt":"2025-03-19T13:00:33","guid":{"rendered":"https:\/\/kertigepalkatreszek.hu\/?post_type=product&#038;p=10387"},"modified":"2025-03-19T13:00:33","modified_gmt":"2025-03-19T13:00:33","slug":"kinai-permetezo-szorofej-3w-3-sp415","status":"publish","type":"product","link":"https:\/\/kertigepalkatreszek.hu\/index.php\/termek\/kinai-permetezo-szorofej-3w-3-sp415\/","title":{"rendered":"K\u00ednai Permetez\u0151 sz\u00f3r\u00f3fej 3W-3 SP415"},"content":{"rendered":"<pre>3W-3 SP415 permetez\u0151h\u00f6z komplett sz\u00f3r\u00f3fej.\r\nMagass\u00e1g 152.5mm\r\n\u00c1tm\u00e9r\u0151 82.5mm\r\nBels\u0151 \u00e1tm\u00e9r\u0151 58.25mm\r\nCikksz\u00e1m: KL-115(SP415-163)\r\n\r\n<\/pre>\n","protected":false},"excerpt":{"rendered":"<p>3W-3 SP415 permetez\u0151h\u00f6z komplett sz\u00f3r\u00f3fej. Magass\u00e1g 152.5mm \u00c1tm\u00e9r\u0151 82.5mm Bels\u0151 \u00e1tm\u00e9r\u0151 58.25mm Cikksz\u00e1m: KL-115(SP415-163)<\/p>\n","protected":false},"featured_media":10391,"comment_status":"open","ping_status":"closed","template":"","meta":[],"product_cat":[60,75],"product_tag":[],"class_list":{"0":"post-10387","1":"product","2":"type-product","3":"status-publish","4":"has-post-thumbnail","6":"product_cat-kinai","7":"product_cat-permetezo","9":"first","10":"instock","11":"shipping-taxable","12":"purchasable","13":"product-type-simple"},"yoast_head":"<!-- This site is optimized with the Yoast SEO plugin v22.9 - https:\/\/yoast.com\/wordpress\/plugins\/seo\/ -->\n<title>K\u00ednai Permetez\u0151 sz\u00f3r\u00f3fej 3W-3 SP415 - Kertig\u00e9palkatr\u00e9szek.hu<\/title>\n<meta name=\"robots\" content=\"index, follow, max-snippet:-1, max-image-preview:large, max-video-preview:-1\" \/>\n<link rel=\"canonical\" href=\"https:\/\/kertigepalkatreszek.hu\/index.php\/termek\/kinai-permetezo-szorofej-3w-3-sp415\/\" \/>\n<meta property=\"og:locale\" content=\"hu_HU\" \/>\n<meta property=\"og:type\" content=\"article\" \/>\n<meta property=\"og:title\" content=\"K\u00ednai Permetez\u0151 sz\u00f3r\u00f3fej 3W-3 SP415 - Kertig\u00e9palkatr\u00e9szek.hu\" \/>\n<meta property=\"og:description\" content=\"3W-3 SP415 permetez\u0151h\u00f6z komplett sz\u00f3r\u00f3fej. Magass\u00e1g 152.5mm \u00c1tm\u00e9r\u0151 82.5mm Bels\u0151 \u00e1tm\u00e9r\u0151 58.25mm Cikksz\u00e1m: KL-115(SP415-163)\" \/>\n<meta property=\"og:url\" content=\"https:\/\/kertigepalkatreszek.hu\/index.php\/termek\/kinai-permetezo-szorofej-3w-3-sp415\/\" \/>\n<meta property=\"og:site_name\" content=\"Kertig\u00e9palkatr\u00e9szek.hu\" \/>\n<meta property=\"og:image\" content=\"https:\/\/kertigepalkatreszek.hu\/wp-content\/uploads\/2025\/03\/IMG_20250319_135135-scaled.jpg\" \/>\n\t<meta property=\"og:image:width\" content=\"1920\" \/>\n\t<meta property=\"og:image:height\" content=\"2560\" \/>\n\t<meta property=\"og:image:type\" content=\"image\/jpeg\" \/>\n<meta name=\"twitter:card\" content=\"summary_large_image\" \/>\n<script type=\"application\/ld+json\" class=\"yoast-schema-graph\">{\"@context\":\"https:\/\/schema.org\",\"@graph\":[{\"@type\":\"WebPage\",\"@id\":\"https:\/\/kertigepalkatreszek.hu\/index.php\/termek\/kinai-permetezo-szorofej-3w-3-sp415\/\",\"url\":\"https:\/\/kertigepalkatreszek.hu\/index.php\/termek\/kinai-permetezo-szorofej-3w-3-sp415\/\",\"name\":\"K\u00ednai Permetez\u0151 sz\u00f3r\u00f3fej 3W-3 SP415 - Kertig\u00e9palkatr\u00e9szek.hu\",\"isPartOf\":{\"@id\":\"https:\/\/kertigepalkatreszek.hu\/#website\"},\"primaryImageOfPage\":{\"@id\":\"https:\/\/kertigepalkatreszek.hu\/index.php\/termek\/kinai-permetezo-szorofej-3w-3-sp415\/#primaryimage\"},\"image\":{\"@id\":\"https:\/\/kertigepalkatreszek.hu\/index.php\/termek\/kinai-permetezo-szorofej-3w-3-sp415\/#primaryimage\"},\"thumbnailUrl\":\"https:\/\/i0.wp.com\/kertigepalkatreszek.hu\/wp-content\/uploads\/2025\/03\/IMG_20250319_135135-scaled.jpg?fit=1920%2C2560&ssl=1\",\"datePublished\":\"2025-03-19T13:00:33+00:00\",\"dateModified\":\"2025-03-19T13:00:33+00:00\",\"breadcrumb\":{\"@id\":\"https:\/\/kertigepalkatreszek.hu\/index.php\/termek\/kinai-permetezo-szorofej-3w-3-sp415\/#breadcrumb\"},\"inLanguage\":\"hu\",\"potentialAction\":[{\"@type\":\"ReadAction\",\"target\":[\"https:\/\/kertigepalkatreszek.hu\/index.php\/termek\/kinai-permetezo-szorofej-3w-3-sp415\/\"]}]},{\"@type\":\"ImageObject\",\"inLanguage\":\"hu\",\"@id\":\"https:\/\/kertigepalkatreszek.hu\/index.php\/termek\/kinai-permetezo-szorofej-3w-3-sp415\/#primaryimage\",\"url\":\"https:\/\/i0.wp.com\/kertigepalkatreszek.hu\/wp-content\/uploads\/2025\/03\/IMG_20250319_135135-scaled.jpg?fit=1920%2C2560&ssl=1\",\"contentUrl\":\"https:\/\/i0.wp.com\/kertigepalkatreszek.hu\/wp-content\/uploads\/2025\/03\/IMG_20250319_135135-scaled.jpg?fit=1920%2C2560&ssl=1\",\"width\":1920,\"height\":2560},{\"@type\":\"BreadcrumbList\",\"@id\":\"https:\/\/kertigepalkatreszek.hu\/index.php\/termek\/kinai-permetezo-szorofej-3w-3-sp415\/#breadcrumb\",\"itemListElement\":[{\"@type\":\"ListItem\",\"position\":1,\"name\":\"Kezd\u0151lap\",\"item\":\"https:\/\/kertigepalkatreszek.hu\/\"},{\"@type\":\"ListItem\",\"position\":2,\"name\":\"\u00dczlet\",\"item\":\"https:\/\/kertigepalkatreszek.hu\/index.php\/uzlet\/\"},{\"@type\":\"ListItem\",\"position\":3,\"name\":\"K\u00ednai Permetez\u0151 sz\u00f3r\u00f3fej 3W-3 SP415\"}]},{\"@type\":\"WebSite\",\"@id\":\"https:\/\/kertigepalkatreszek.hu\/#website\",\"url\":\"https:\/\/kertigepalkatreszek.hu\/\",\"name\":\"Kertig\u00e9palkatr\u00e9szek.hu\",\"description\":\"\",\"potentialAction\":[{\"@type\":\"SearchAction\",\"target\":{\"@type\":\"EntryPoint\",\"urlTemplate\":\"https:\/\/kertigepalkatreszek.hu\/?s={search_term_string}\"},\"query-input\":\"required name=search_term_string\"}],\"inLanguage\":\"hu\"}]}<\/script>\n<!-- \/ Yoast SEO plugin. -->","yoast_head_json":{"title":"K\u00ednai Permetez\u0151 sz\u00f3r\u00f3fej 3W-3 SP415 - Kertig\u00e9palkatr\u00e9szek.hu","robots":{"index":"index","follow":"follow","max-snippet":"max-snippet:-1","max-image-preview":"max-image-preview:large","max-video-preview":"max-video-preview:-1"},"canonical":"https:\/\/kertigepalkatreszek.hu\/index.php\/termek\/kinai-permetezo-szorofej-3w-3-sp415\/","og_locale":"hu_HU","og_type":"article","og_title":"K\u00ednai Permetez\u0151 sz\u00f3r\u00f3fej 3W-3 SP415 - Kertig\u00e9palkatr\u00e9szek.hu","og_description":"3W-3 SP415 permetez\u0151h\u00f6z komplett sz\u00f3r\u00f3fej. Magass\u00e1g 152.5mm \u00c1tm\u00e9r\u0151 82.5mm Bels\u0151 \u00e1tm\u00e9r\u0151 58.25mm Cikksz\u00e1m: KL-115(SP415-163)","og_url":"https:\/\/kertigepalkatreszek.hu\/index.php\/termek\/kinai-permetezo-szorofej-3w-3-sp415\/","og_site_name":"Kertig\u00e9palkatr\u00e9szek.hu","og_image":[{"width":1920,"height":2560,"url":"https:\/\/kertigepalkatreszek.hu\/wp-content\/uploads\/2025\/03\/IMG_20250319_135135-scaled.jpg","type":"image\/jpeg"}],"twitter_card":"summary_large_image","schema":{"@context":"https:\/\/schema.org","@graph":[{"@type":"WebPage","@id":"https:\/\/kertigepalkatreszek.hu\/index.php\/termek\/kinai-permetezo-szorofej-3w-3-sp415\/","url":"https:\/\/kertigepalkatreszek.hu\/index.php\/termek\/kinai-permetezo-szorofej-3w-3-sp415\/","name":"K\u00ednai Permetez\u0151 sz\u00f3r\u00f3fej 3W-3 SP415 - Kertig\u00e9palkatr\u00e9szek.hu","isPartOf":{"@id":"https:\/\/kertigepalkatreszek.hu\/#website"},"primaryImageOfPage":{"@id":"https:\/\/kertigepalkatreszek.hu\/index.php\/termek\/kinai-permetezo-szorofej-3w-3-sp415\/#primaryimage"},"image":{"@id":"https:\/\/kertigepalkatreszek.hu\/index.php\/termek\/kinai-permetezo-szorofej-3w-3-sp415\/#primaryimage"},"thumbnailUrl":"https:\/\/i0.wp.com\/kertigepalkatreszek.hu\/wp-content\/uploads\/2025\/03\/IMG_20250319_135135-scaled.jpg?fit=1920%2C2560&ssl=1","datePublished":"2025-03-19T13:00:33+00:00","dateModified":"2025-03-19T13:00:33+00:00","breadcrumb":{"@id":"https:\/\/kertigepalkatreszek.hu\/index.php\/termek\/kinai-permetezo-szorofej-3w-3-sp415\/#breadcrumb"},"inLanguage":"hu","potentialAction":[{"@type":"ReadAction","target":["https:\/\/kertigepalkatreszek.hu\/index.php\/termek\/kinai-permetezo-szorofej-3w-3-sp415\/"]}]},{"@type":"ImageObject","inLanguage":"hu","@id":"https:\/\/kertigepalkatreszek.hu\/index.php\/termek\/kinai-permetezo-szorofej-3w-3-sp415\/#primaryimage","url":"https:\/\/i0.wp.com\/kertigepalkatreszek.hu\/wp-content\/uploads\/2025\/03\/IMG_20250319_135135-scaled.jpg?fit=1920%2C2560&ssl=1","contentUrl":"https:\/\/i0.wp.com\/kertigepalkatreszek.hu\/wp-content\/uploads\/2025\/03\/IMG_20250319_135135-scaled.jpg?fit=1920%2C2560&ssl=1","width":1920,"height":2560},{"@type":"BreadcrumbList","@id":"https:\/\/kertigepalkatreszek.hu\/index.php\/termek\/kinai-permetezo-szorofej-3w-3-sp415\/#breadcrumb","itemListElement":[{"@type":"ListItem","position":1,"name":"Kezd\u0151lap","item":"https:\/\/kertigepalkatreszek.hu\/"},{"@type":"ListItem","position":2,"name":"\u00dczlet","item":"https:\/\/kertigepalkatreszek.hu\/index.php\/uzlet\/"},{"@type":"ListItem","position":3,"name":"K\u00ednai Permetez\u0151 sz\u00f3r\u00f3fej 3W-3 SP415"}]},{"@type":"WebSite","@id":"https:\/\/kertigepalkatreszek.hu\/#website","url":"https:\/\/kertigepalkatreszek.hu\/","name":"Kertig\u00e9palkatr\u00e9szek.hu","description":"","potentialAction":[{"@type":"SearchAction","target":{"@type":"EntryPoint","urlTemplate":"https:\/\/kertigepalkatreszek.hu\/?s={search_term_string}"},"query-input":"required name=search_term_string"}],"inLanguage":"hu"}]}},"jetpack_sharing_enabled":true,"_links":{"self":[{"href":"https:\/\/kertigepalkatreszek.hu\/index.php\/wp-json\/wp\/v2\/product\/10387","targetHints":{"allow":["GET"]}}],"collection":[{"href":"https:\/\/kertigepalkatreszek.hu\/index.php\/wp-json\/wp\/v2\/product"}],"about":[{"href":"https:\/\/kertigepalkatreszek.hu\/index.php\/wp-json\/wp\/v2\/types\/product"}],"replies":[{"embeddable":true,"href":"https:\/\/kertigepalkatreszek.hu\/index.php\/wp-json\/wp\/v2\/comments?post=10387"}],"wp:featuredmedia":[{"embeddable":true,"href":"https:\/\/kertigepalkatreszek.hu\/index.php\/wp-json\/wp\/v2\/media\/10391"}],"wp:attachment":[{"href":"https:\/\/kertigepalkatreszek.hu\/index.php\/wp-json\/wp\/v2\/media?parent=10387"}],"wp:term":[{"taxonomy":"product_cat","embeddable":true,"href":"https:\/\/kertigepalkatreszek.hu\/index.php\/wp-json\/wp\/v2\/product_cat?post=10387"},{"taxonomy":"product_tag","embeddable":true,"href":"https:\/\/kertigepalkatreszek.hu\/index.php\/wp-json\/wp\/v2\/product_tag?post=10387"}],"curies":[{"name":"wp","href":"https:\/\/api.w.org\/{rel}","templated":true}]}}