{"id":11186,"date":"2025-08-04T13:36:36","date_gmt":"2025-08-04T13:36:36","guid":{"rendered":"https:\/\/kertigepalkatreszek.hu\/?post_type=product&#038;p=11186"},"modified":"2025-08-04T13:36:37","modified_gmt":"2025-08-04T13:36:37","slug":"kasei-motoros-permetezo-ventilator","status":"publish","type":"product","link":"https:\/\/kertigepalkatreszek.hu\/index.php\/termek\/kasei-motoros-permetezo-ventilator\/","title":{"rendered":"Kasei motoros permetez\u0151 ventil\u00e1tor"},"content":{"rendered":"<pre>Gy\u00e1ri permetez\u0151 ventil\u00e1tor\r\n\u00c1tm\u00e9r\u0151 192mm\r\nMagass\u00e1g 47mm\r\nCikksz\u00e1m: L-1<\/pre>\n","protected":false},"excerpt":{"rendered":"<p>Gy\u00e1ri permetez\u0151 ventil\u00e1tor \u00c1tm\u00e9r\u0151 192mm Magass\u00e1g 47mm Cikksz\u00e1m: L-1<\/p>\n","protected":false},"featured_media":11187,"comment_status":"open","ping_status":"closed","template":"","meta":[],"product_cat":[92],"product_tag":[],"class_list":{"0":"post-11186","1":"product","2":"type-product","3":"status-publish","4":"has-post-thumbnail","6":"product_cat-kasei","8":"first","9":"instock","10":"shipping-taxable","11":"purchasable","12":"product-type-simple"},"yoast_head":"<!-- This site is optimized with the Yoast SEO plugin v22.9 - https:\/\/yoast.com\/wordpress\/plugins\/seo\/ -->\n<title>Kasei motoros permetez\u0151 ventil\u00e1tor - Kertig\u00e9palkatr\u00e9szek.hu<\/title>\n<meta name=\"robots\" content=\"index, follow, max-snippet:-1, max-image-preview:large, max-video-preview:-1\" \/>\n<link rel=\"canonical\" href=\"https:\/\/kertigepalkatreszek.hu\/index.php\/termek\/kasei-motoros-permetezo-ventilator\/\" \/>\n<meta property=\"og:locale\" content=\"hu_HU\" \/>\n<meta property=\"og:type\" content=\"article\" \/>\n<meta property=\"og:title\" content=\"Kasei motoros permetez\u0151 ventil\u00e1tor - Kertig\u00e9palkatr\u00e9szek.hu\" \/>\n<meta property=\"og:description\" content=\"Gy\u00e1ri permetez\u0151 ventil\u00e1tor \u00c1tm\u00e9r\u0151 192mm Magass\u00e1g 47mm Cikksz\u00e1m: L-1\" \/>\n<meta property=\"og:url\" content=\"https:\/\/kertigepalkatreszek.hu\/index.php\/termek\/kasei-motoros-permetezo-ventilator\/\" \/>\n<meta property=\"og:site_name\" content=\"Kertig\u00e9palkatr\u00e9szek.hu\" \/>\n<meta property=\"article:modified_time\" content=\"2025-08-04T13:36:37+00:00\" \/>\n<meta property=\"og:image\" content=\"https:\/\/kertigepalkatreszek.hu\/wp-content\/uploads\/2025\/08\/kasei_motoros_permetezo_ventilator_871262669931793.jpg\" \/>\n\t<meta property=\"og:image:width\" content=\"810\" \/>\n\t<meta property=\"og:image:height\" content=\"946\" \/>\n\t<meta property=\"og:image:type\" content=\"image\/jpeg\" \/>\n<meta name=\"twitter:card\" content=\"summary_large_image\" \/>\n<script type=\"application\/ld+json\" class=\"yoast-schema-graph\">{\"@context\":\"https:\/\/schema.org\",\"@graph\":[{\"@type\":\"WebPage\",\"@id\":\"https:\/\/kertigepalkatreszek.hu\/index.php\/termek\/kasei-motoros-permetezo-ventilator\/\",\"url\":\"https:\/\/kertigepalkatreszek.hu\/index.php\/termek\/kasei-motoros-permetezo-ventilator\/\",\"name\":\"Kasei motoros permetez\u0151 ventil\u00e1tor - Kertig\u00e9palkatr\u00e9szek.hu\",\"isPartOf\":{\"@id\":\"https:\/\/kertigepalkatreszek.hu\/#website\"},\"primaryImageOfPage\":{\"@id\":\"https:\/\/kertigepalkatreszek.hu\/index.php\/termek\/kasei-motoros-permetezo-ventilator\/#primaryimage\"},\"image\":{\"@id\":\"https:\/\/kertigepalkatreszek.hu\/index.php\/termek\/kasei-motoros-permetezo-ventilator\/#primaryimage\"},\"thumbnailUrl\":\"https:\/\/i0.wp.com\/kertigepalkatreszek.hu\/wp-content\/uploads\/2025\/08\/kasei_motoros_permetezo_ventilator_871262669931793.jpg?fit=810%2C946&ssl=1\",\"datePublished\":\"2025-08-04T13:36:36+00:00\",\"dateModified\":\"2025-08-04T13:36:37+00:00\",\"breadcrumb\":{\"@id\":\"https:\/\/kertigepalkatreszek.hu\/index.php\/termek\/kasei-motoros-permetezo-ventilator\/#breadcrumb\"},\"inLanguage\":\"hu\",\"potentialAction\":[{\"@type\":\"ReadAction\",\"target\":[\"https:\/\/kertigepalkatreszek.hu\/index.php\/termek\/kasei-motoros-permetezo-ventilator\/\"]}]},{\"@type\":\"ImageObject\",\"inLanguage\":\"hu\",\"@id\":\"https:\/\/kertigepalkatreszek.hu\/index.php\/termek\/kasei-motoros-permetezo-ventilator\/#primaryimage\",\"url\":\"https:\/\/i0.wp.com\/kertigepalkatreszek.hu\/wp-content\/uploads\/2025\/08\/kasei_motoros_permetezo_ventilator_871262669931793.jpg?fit=810%2C946&ssl=1\",\"contentUrl\":\"https:\/\/i0.wp.com\/kertigepalkatreszek.hu\/wp-content\/uploads\/2025\/08\/kasei_motoros_permetezo_ventilator_871262669931793.jpg?fit=810%2C946&ssl=1\",\"width\":810,\"height\":946},{\"@type\":\"BreadcrumbList\",\"@id\":\"https:\/\/kertigepalkatreszek.hu\/index.php\/termek\/kasei-motoros-permetezo-ventilator\/#breadcrumb\",\"itemListElement\":[{\"@type\":\"ListItem\",\"position\":1,\"name\":\"Kezd\u0151lap\",\"item\":\"https:\/\/kertigepalkatreszek.hu\/\"},{\"@type\":\"ListItem\",\"position\":2,\"name\":\"\u00dczlet\",\"item\":\"https:\/\/kertigepalkatreszek.hu\/index.php\/uzlet\/\"},{\"@type\":\"ListItem\",\"position\":3,\"name\":\"Kasei motoros permetez\u0151 ventil\u00e1tor\"}]},{\"@type\":\"WebSite\",\"@id\":\"https:\/\/kertigepalkatreszek.hu\/#website\",\"url\":\"https:\/\/kertigepalkatreszek.hu\/\",\"name\":\"Kertig\u00e9palkatr\u00e9szek.hu\",\"description\":\"\",\"potentialAction\":[{\"@type\":\"SearchAction\",\"target\":{\"@type\":\"EntryPoint\",\"urlTemplate\":\"https:\/\/kertigepalkatreszek.hu\/?s={search_term_string}\"},\"query-input\":\"required name=search_term_string\"}],\"inLanguage\":\"hu\"}]}<\/script>\n<!-- \/ Yoast SEO plugin. -->","yoast_head_json":{"title":"Kasei motoros permetez\u0151 ventil\u00e1tor - Kertig\u00e9palkatr\u00e9szek.hu","robots":{"index":"index","follow":"follow","max-snippet":"max-snippet:-1","max-image-preview":"max-image-preview:large","max-video-preview":"max-video-preview:-1"},"canonical":"https:\/\/kertigepalkatreszek.hu\/index.php\/termek\/kasei-motoros-permetezo-ventilator\/","og_locale":"hu_HU","og_type":"article","og_title":"Kasei motoros permetez\u0151 ventil\u00e1tor - Kertig\u00e9palkatr\u00e9szek.hu","og_description":"Gy\u00e1ri permetez\u0151 ventil\u00e1tor \u00c1tm\u00e9r\u0151 192mm Magass\u00e1g 47mm Cikksz\u00e1m: L-1","og_url":"https:\/\/kertigepalkatreszek.hu\/index.php\/termek\/kasei-motoros-permetezo-ventilator\/","og_site_name":"Kertig\u00e9palkatr\u00e9szek.hu","article_modified_time":"2025-08-04T13:36:37+00:00","og_image":[{"width":810,"height":946,"url":"https:\/\/kertigepalkatreszek.hu\/wp-content\/uploads\/2025\/08\/kasei_motoros_permetezo_ventilator_871262669931793.jpg","type":"image\/jpeg"}],"twitter_card":"summary_large_image","schema":{"@context":"https:\/\/schema.org","@graph":[{"@type":"WebPage","@id":"https:\/\/kertigepalkatreszek.hu\/index.php\/termek\/kasei-motoros-permetezo-ventilator\/","url":"https:\/\/kertigepalkatreszek.hu\/index.php\/termek\/kasei-motoros-permetezo-ventilator\/","name":"Kasei motoros permetez\u0151 ventil\u00e1tor - Kertig\u00e9palkatr\u00e9szek.hu","isPartOf":{"@id":"https:\/\/kertigepalkatreszek.hu\/#website"},"primaryImageOfPage":{"@id":"https:\/\/kertigepalkatreszek.hu\/index.php\/termek\/kasei-motoros-permetezo-ventilator\/#primaryimage"},"image":{"@id":"https:\/\/kertigepalkatreszek.hu\/index.php\/termek\/kasei-motoros-permetezo-ventilator\/#primaryimage"},"thumbnailUrl":"https:\/\/i0.wp.com\/kertigepalkatreszek.hu\/wp-content\/uploads\/2025\/08\/kasei_motoros_permetezo_ventilator_871262669931793.jpg?fit=810%2C946&ssl=1","datePublished":"2025-08-04T13:36:36+00:00","dateModified":"2025-08-04T13:36:37+00:00","breadcrumb":{"@id":"https:\/\/kertigepalkatreszek.hu\/index.php\/termek\/kasei-motoros-permetezo-ventilator\/#breadcrumb"},"inLanguage":"hu","potentialAction":[{"@type":"ReadAction","target":["https:\/\/kertigepalkatreszek.hu\/index.php\/termek\/kasei-motoros-permetezo-ventilator\/"]}]},{"@type":"ImageObject","inLanguage":"hu","@id":"https:\/\/kertigepalkatreszek.hu\/index.php\/termek\/kasei-motoros-permetezo-ventilator\/#primaryimage","url":"https:\/\/i0.wp.com\/kertigepalkatreszek.hu\/wp-content\/uploads\/2025\/08\/kasei_motoros_permetezo_ventilator_871262669931793.jpg?fit=810%2C946&ssl=1","contentUrl":"https:\/\/i0.wp.com\/kertigepalkatreszek.hu\/wp-content\/uploads\/2025\/08\/kasei_motoros_permetezo_ventilator_871262669931793.jpg?fit=810%2C946&ssl=1","width":810,"height":946},{"@type":"BreadcrumbList","@id":"https:\/\/kertigepalkatreszek.hu\/index.php\/termek\/kasei-motoros-permetezo-ventilator\/#breadcrumb","itemListElement":[{"@type":"ListItem","position":1,"name":"Kezd\u0151lap","item":"https:\/\/kertigepalkatreszek.hu\/"},{"@type":"ListItem","position":2,"name":"\u00dczlet","item":"https:\/\/kertigepalkatreszek.hu\/index.php\/uzlet\/"},{"@type":"ListItem","position":3,"name":"Kasei motoros permetez\u0151 ventil\u00e1tor"}]},{"@type":"WebSite","@id":"https:\/\/kertigepalkatreszek.hu\/#website","url":"https:\/\/kertigepalkatreszek.hu\/","name":"Kertig\u00e9palkatr\u00e9szek.hu","description":"","potentialAction":[{"@type":"SearchAction","target":{"@type":"EntryPoint","urlTemplate":"https:\/\/kertigepalkatreszek.hu\/?s={search_term_string}"},"query-input":"required name=search_term_string"}],"inLanguage":"hu"}]}},"jetpack_sharing_enabled":true,"_links":{"self":[{"href":"https:\/\/kertigepalkatreszek.hu\/index.php\/wp-json\/wp\/v2\/product\/11186","targetHints":{"allow":["GET"]}}],"collection":[{"href":"https:\/\/kertigepalkatreszek.hu\/index.php\/wp-json\/wp\/v2\/product"}],"about":[{"href":"https:\/\/kertigepalkatreszek.hu\/index.php\/wp-json\/wp\/v2\/types\/product"}],"replies":[{"embeddable":true,"href":"https:\/\/kertigepalkatreszek.hu\/index.php\/wp-json\/wp\/v2\/comments?post=11186"}],"wp:featuredmedia":[{"embeddable":true,"href":"https:\/\/kertigepalkatreszek.hu\/index.php\/wp-json\/wp\/v2\/media\/11187"}],"wp:attachment":[{"href":"https:\/\/kertigepalkatreszek.hu\/index.php\/wp-json\/wp\/v2\/media?parent=11186"}],"wp:term":[{"taxonomy":"product_cat","embeddable":true,"href":"https:\/\/kertigepalkatreszek.hu\/index.php\/wp-json\/wp\/v2\/product_cat?post=11186"},{"taxonomy":"product_tag","embeddable":true,"href":"https:\/\/kertigepalkatreszek.hu\/index.php\/wp-json\/wp\/v2\/product_tag?post=11186"}],"curies":[{"name":"wp","href":"https:\/\/api.w.org\/{rel}","templated":true}]}}