{"id":11220,"date":"2025-08-04T16:38:46","date_gmt":"2025-08-04T16:38:46","guid":{"rendered":"https:\/\/kertigepalkatreszek.hu\/?post_type=product&#038;p=11220"},"modified":"2025-08-04T16:38:46","modified_gmt":"2025-08-04T16:38:46","slug":"kasei-motoros-permetezo-turbina-haz","status":"publish","type":"product","link":"https:\/\/kertigepalkatreszek.hu\/index.php\/termek\/kasei-motoros-permetezo-turbina-haz\/","title":{"rendered":"Kasei motoros permetez\u0151 turbina h\u00e1z"},"content":{"rendered":"<pre>Kasei permetez\u0151 komplett \u00fcres turbina h\u00e1z.\r\nCikksz\u00e1m: Polc 15<\/pre>\n","protected":false},"excerpt":{"rendered":"<p>Kasei permetez\u0151 komplett \u00fcres turbina h\u00e1z. Cikksz\u00e1m: Polc 15<\/p>\n","protected":false},"featured_media":11223,"comment_status":"open","ping_status":"closed","template":"","meta":[],"product_cat":[92],"product_tag":[],"class_list":{"0":"post-11220","1":"product","2":"type-product","3":"status-publish","4":"has-post-thumbnail","6":"product_cat-kasei","8":"first","9":"instock","10":"shipping-taxable","11":"purchasable","12":"product-type-simple"},"yoast_head":"<!-- This site is optimized with the Yoast SEO plugin v22.9 - https:\/\/yoast.com\/wordpress\/plugins\/seo\/ -->\n<title>Kasei motoros permetez\u0151 turbina h\u00e1z - Kertig\u00e9palkatr\u00e9szek.hu<\/title>\n<meta name=\"robots\" content=\"index, follow, max-snippet:-1, max-image-preview:large, max-video-preview:-1\" \/>\n<link rel=\"canonical\" href=\"https:\/\/kertigepalkatreszek.hu\/index.php\/termek\/kasei-motoros-permetezo-turbina-haz\/\" \/>\n<meta property=\"og:locale\" content=\"hu_HU\" \/>\n<meta property=\"og:type\" content=\"article\" \/>\n<meta property=\"og:title\" content=\"Kasei motoros permetez\u0151 turbina h\u00e1z - Kertig\u00e9palkatr\u00e9szek.hu\" \/>\n<meta property=\"og:description\" content=\"Kasei permetez\u0151 komplett \u00fcres turbina h\u00e1z. Cikksz\u00e1m: Polc 15\" \/>\n<meta property=\"og:url\" content=\"https:\/\/kertigepalkatreszek.hu\/index.php\/termek\/kasei-motoros-permetezo-turbina-haz\/\" \/>\n<meta property=\"og:site_name\" content=\"Kertig\u00e9palkatr\u00e9szek.hu\" \/>\n<meta property=\"og:image\" content=\"https:\/\/kertigepalkatreszek.hu\/wp-content\/uploads\/2025\/08\/kasei_motoros_permetezo_turbina_haz_882192669946587.jpg\" \/>\n\t<meta property=\"og:image:width\" content=\"810\" \/>\n\t<meta property=\"og:image:height\" content=\"907\" \/>\n\t<meta property=\"og:image:type\" content=\"image\/jpeg\" \/>\n<meta name=\"twitter:card\" content=\"summary_large_image\" \/>\n<script type=\"application\/ld+json\" class=\"yoast-schema-graph\">{\"@context\":\"https:\/\/schema.org\",\"@graph\":[{\"@type\":\"WebPage\",\"@id\":\"https:\/\/kertigepalkatreszek.hu\/index.php\/termek\/kasei-motoros-permetezo-turbina-haz\/\",\"url\":\"https:\/\/kertigepalkatreszek.hu\/index.php\/termek\/kasei-motoros-permetezo-turbina-haz\/\",\"name\":\"Kasei motoros permetez\u0151 turbina h\u00e1z - Kertig\u00e9palkatr\u00e9szek.hu\",\"isPartOf\":{\"@id\":\"https:\/\/kertigepalkatreszek.hu\/#website\"},\"primaryImageOfPage\":{\"@id\":\"https:\/\/kertigepalkatreszek.hu\/index.php\/termek\/kasei-motoros-permetezo-turbina-haz\/#primaryimage\"},\"image\":{\"@id\":\"https:\/\/kertigepalkatreszek.hu\/index.php\/termek\/kasei-motoros-permetezo-turbina-haz\/#primaryimage\"},\"thumbnailUrl\":\"https:\/\/i0.wp.com\/kertigepalkatreszek.hu\/wp-content\/uploads\/2025\/08\/kasei_motoros_permetezo_turbina_haz_882192669946587.jpg?fit=810%2C907&ssl=1\",\"datePublished\":\"2025-08-04T16:38:46+00:00\",\"dateModified\":\"2025-08-04T16:38:46+00:00\",\"breadcrumb\":{\"@id\":\"https:\/\/kertigepalkatreszek.hu\/index.php\/termek\/kasei-motoros-permetezo-turbina-haz\/#breadcrumb\"},\"inLanguage\":\"hu\",\"potentialAction\":[{\"@type\":\"ReadAction\",\"target\":[\"https:\/\/kertigepalkatreszek.hu\/index.php\/termek\/kasei-motoros-permetezo-turbina-haz\/\"]}]},{\"@type\":\"ImageObject\",\"inLanguage\":\"hu\",\"@id\":\"https:\/\/kertigepalkatreszek.hu\/index.php\/termek\/kasei-motoros-permetezo-turbina-haz\/#primaryimage\",\"url\":\"https:\/\/i0.wp.com\/kertigepalkatreszek.hu\/wp-content\/uploads\/2025\/08\/kasei_motoros_permetezo_turbina_haz_882192669946587.jpg?fit=810%2C907&ssl=1\",\"contentUrl\":\"https:\/\/i0.wp.com\/kertigepalkatreszek.hu\/wp-content\/uploads\/2025\/08\/kasei_motoros_permetezo_turbina_haz_882192669946587.jpg?fit=810%2C907&ssl=1\",\"width\":810,\"height\":907},{\"@type\":\"BreadcrumbList\",\"@id\":\"https:\/\/kertigepalkatreszek.hu\/index.php\/termek\/kasei-motoros-permetezo-turbina-haz\/#breadcrumb\",\"itemListElement\":[{\"@type\":\"ListItem\",\"position\":1,\"name\":\"Kezd\u0151lap\",\"item\":\"https:\/\/kertigepalkatreszek.hu\/\"},{\"@type\":\"ListItem\",\"position\":2,\"name\":\"\u00dczlet\",\"item\":\"https:\/\/kertigepalkatreszek.hu\/index.php\/uzlet\/\"},{\"@type\":\"ListItem\",\"position\":3,\"name\":\"Kasei motoros permetez\u0151 turbina h\u00e1z\"}]},{\"@type\":\"WebSite\",\"@id\":\"https:\/\/kertigepalkatreszek.hu\/#website\",\"url\":\"https:\/\/kertigepalkatreszek.hu\/\",\"name\":\"Kertig\u00e9palkatr\u00e9szek.hu\",\"description\":\"\",\"potentialAction\":[{\"@type\":\"SearchAction\",\"target\":{\"@type\":\"EntryPoint\",\"urlTemplate\":\"https:\/\/kertigepalkatreszek.hu\/?s={search_term_string}\"},\"query-input\":\"required name=search_term_string\"}],\"inLanguage\":\"hu\"}]}<\/script>\n<!-- \/ Yoast SEO plugin. -->","yoast_head_json":{"title":"Kasei motoros permetez\u0151 turbina h\u00e1z - Kertig\u00e9palkatr\u00e9szek.hu","robots":{"index":"index","follow":"follow","max-snippet":"max-snippet:-1","max-image-preview":"max-image-preview:large","max-video-preview":"max-video-preview:-1"},"canonical":"https:\/\/kertigepalkatreszek.hu\/index.php\/termek\/kasei-motoros-permetezo-turbina-haz\/","og_locale":"hu_HU","og_type":"article","og_title":"Kasei motoros permetez\u0151 turbina h\u00e1z - Kertig\u00e9palkatr\u00e9szek.hu","og_description":"Kasei permetez\u0151 komplett \u00fcres turbina h\u00e1z. Cikksz\u00e1m: Polc 15","og_url":"https:\/\/kertigepalkatreszek.hu\/index.php\/termek\/kasei-motoros-permetezo-turbina-haz\/","og_site_name":"Kertig\u00e9palkatr\u00e9szek.hu","og_image":[{"width":810,"height":907,"url":"https:\/\/kertigepalkatreszek.hu\/wp-content\/uploads\/2025\/08\/kasei_motoros_permetezo_turbina_haz_882192669946587.jpg","type":"image\/jpeg"}],"twitter_card":"summary_large_image","schema":{"@context":"https:\/\/schema.org","@graph":[{"@type":"WebPage","@id":"https:\/\/kertigepalkatreszek.hu\/index.php\/termek\/kasei-motoros-permetezo-turbina-haz\/","url":"https:\/\/kertigepalkatreszek.hu\/index.php\/termek\/kasei-motoros-permetezo-turbina-haz\/","name":"Kasei motoros permetez\u0151 turbina h\u00e1z - Kertig\u00e9palkatr\u00e9szek.hu","isPartOf":{"@id":"https:\/\/kertigepalkatreszek.hu\/#website"},"primaryImageOfPage":{"@id":"https:\/\/kertigepalkatreszek.hu\/index.php\/termek\/kasei-motoros-permetezo-turbina-haz\/#primaryimage"},"image":{"@id":"https:\/\/kertigepalkatreszek.hu\/index.php\/termek\/kasei-motoros-permetezo-turbina-haz\/#primaryimage"},"thumbnailUrl":"https:\/\/i0.wp.com\/kertigepalkatreszek.hu\/wp-content\/uploads\/2025\/08\/kasei_motoros_permetezo_turbina_haz_882192669946587.jpg?fit=810%2C907&ssl=1","datePublished":"2025-08-04T16:38:46+00:00","dateModified":"2025-08-04T16:38:46+00:00","breadcrumb":{"@id":"https:\/\/kertigepalkatreszek.hu\/index.php\/termek\/kasei-motoros-permetezo-turbina-haz\/#breadcrumb"},"inLanguage":"hu","potentialAction":[{"@type":"ReadAction","target":["https:\/\/kertigepalkatreszek.hu\/index.php\/termek\/kasei-motoros-permetezo-turbina-haz\/"]}]},{"@type":"ImageObject","inLanguage":"hu","@id":"https:\/\/kertigepalkatreszek.hu\/index.php\/termek\/kasei-motoros-permetezo-turbina-haz\/#primaryimage","url":"https:\/\/i0.wp.com\/kertigepalkatreszek.hu\/wp-content\/uploads\/2025\/08\/kasei_motoros_permetezo_turbina_haz_882192669946587.jpg?fit=810%2C907&ssl=1","contentUrl":"https:\/\/i0.wp.com\/kertigepalkatreszek.hu\/wp-content\/uploads\/2025\/08\/kasei_motoros_permetezo_turbina_haz_882192669946587.jpg?fit=810%2C907&ssl=1","width":810,"height":907},{"@type":"BreadcrumbList","@id":"https:\/\/kertigepalkatreszek.hu\/index.php\/termek\/kasei-motoros-permetezo-turbina-haz\/#breadcrumb","itemListElement":[{"@type":"ListItem","position":1,"name":"Kezd\u0151lap","item":"https:\/\/kertigepalkatreszek.hu\/"},{"@type":"ListItem","position":2,"name":"\u00dczlet","item":"https:\/\/kertigepalkatreszek.hu\/index.php\/uzlet\/"},{"@type":"ListItem","position":3,"name":"Kasei motoros permetez\u0151 turbina h\u00e1z"}]},{"@type":"WebSite","@id":"https:\/\/kertigepalkatreszek.hu\/#website","url":"https:\/\/kertigepalkatreszek.hu\/","name":"Kertig\u00e9palkatr\u00e9szek.hu","description":"","potentialAction":[{"@type":"SearchAction","target":{"@type":"EntryPoint","urlTemplate":"https:\/\/kertigepalkatreszek.hu\/?s={search_term_string}"},"query-input":"required name=search_term_string"}],"inLanguage":"hu"}]}},"jetpack_sharing_enabled":true,"_links":{"self":[{"href":"https:\/\/kertigepalkatreszek.hu\/index.php\/wp-json\/wp\/v2\/product\/11220","targetHints":{"allow":["GET"]}}],"collection":[{"href":"https:\/\/kertigepalkatreszek.hu\/index.php\/wp-json\/wp\/v2\/product"}],"about":[{"href":"https:\/\/kertigepalkatreszek.hu\/index.php\/wp-json\/wp\/v2\/types\/product"}],"replies":[{"embeddable":true,"href":"https:\/\/kertigepalkatreszek.hu\/index.php\/wp-json\/wp\/v2\/comments?post=11220"}],"wp:featuredmedia":[{"embeddable":true,"href":"https:\/\/kertigepalkatreszek.hu\/index.php\/wp-json\/wp\/v2\/media\/11223"}],"wp:attachment":[{"href":"https:\/\/kertigepalkatreszek.hu\/index.php\/wp-json\/wp\/v2\/media?parent=11220"}],"wp:term":[{"taxonomy":"product_cat","embeddable":true,"href":"https:\/\/kertigepalkatreszek.hu\/index.php\/wp-json\/wp\/v2\/product_cat?post=11220"},{"taxonomy":"product_tag","embeddable":true,"href":"https:\/\/kertigepalkatreszek.hu\/index.php\/wp-json\/wp\/v2\/product_tag?post=11220"}],"curies":[{"name":"wp","href":"https:\/\/api.w.org\/{rel}","templated":true}]}}