{"id":12049,"date":"2025-10-06T12:45:57","date_gmt":"2025-10-06T12:45:57","guid":{"rendered":"https:\/\/kertigepalkatreszek.hu\/?post_type=product&#038;p=12049"},"modified":"2025-10-06T12:45:58","modified_gmt":"2025-10-06T12:45:58","slug":"forgo-fekes-villas-poliamid-kerek-200-as","status":"publish","type":"product","link":"https:\/\/kertigepalkatreszek.hu\/index.php\/termek\/forgo-fekes-villas-poliamid-kerek-200-as\/","title":{"rendered":"Forg\u00f3, f\u00e9kes vill\u00e1s poliamid ker\u00e9k 200-as"},"content":{"rendered":"<pre>Jellemz\u0151k:\r\nVilla anyaga: k\u00f6zepesen pr\u00e9selt ac\u00e9llemez;\r\nvilla: forgathat\u00f3\r\nF\u00e9kfelni: poliamid\/m\u0171anyag;\r\nFut\u00f3fel\u00fclet: poliamid\/m\u0171anyag;\r\nCsap\u00e1gy: lapos persely;\r\nR\u00f6gz\u00edt\u00e9si rendszer\/m\u00e9ret: nagym\u00e9ret\u0171 4 pontos lemez;\r\nKer\u00e9k \u00e1tm\u00e9r\u0151: 200 mm\r\nA term\u00e9k r\u00e9gen rakt\u00e1ron van ez\u00e9t lehetnek rajta eszt\u00e9tikai hib\u00e1k<\/pre>\n","protected":false},"excerpt":{"rendered":"<p>Jellemz\u0151k: Villa anyaga: k\u00f6zepesen pr\u00e9selt ac\u00e9llemez; villa: forgathat\u00f3 F\u00e9kfelni: poliamid\/m\u0171anyag; Fut\u00f3fel\u00fclet: poliamid\/m\u0171anyag; Csap\u00e1gy: lapos persely; R\u00f6gz\u00edt\u00e9si rendszer\/m\u00e9ret: nagym\u00e9ret\u0171 4 pontos&#8230;<\/p>\n","protected":false},"featured_media":12051,"comment_status":"open","ping_status":"closed","template":"","meta":[],"product_cat":[45],"product_tag":[],"class_list":{"0":"post-12049","1":"product","2":"type-product","3":"status-publish","4":"has-post-thumbnail","6":"product_cat-egyeb","8":"first","9":"instock","10":"shipping-taxable","11":"purchasable","12":"product-type-simple"},"yoast_head":"<!-- This site is optimized with the Yoast SEO plugin v22.9 - https:\/\/yoast.com\/wordpress\/plugins\/seo\/ -->\n<title>Forg\u00f3, f\u00e9kes vill\u00e1s poliamid ker\u00e9k 200-as - Kertig\u00e9palkatr\u00e9szek.hu<\/title>\n<meta name=\"robots\" content=\"index, follow, max-snippet:-1, max-image-preview:large, max-video-preview:-1\" \/>\n<link rel=\"canonical\" href=\"https:\/\/kertigepalkatreszek.hu\/index.php\/termek\/forgo-fekes-villas-poliamid-kerek-200-as\/\" \/>\n<meta property=\"og:locale\" content=\"hu_HU\" \/>\n<meta property=\"og:type\" content=\"article\" \/>\n<meta property=\"og:title\" content=\"Forg\u00f3, f\u00e9kes vill\u00e1s poliamid ker\u00e9k 200-as - Kertig\u00e9palkatr\u00e9szek.hu\" \/>\n<meta property=\"og:description\" content=\"Jellemz\u0151k: Villa anyaga: k\u00f6zepesen pr\u00e9selt ac\u00e9llemez; villa: forgathat\u00f3 F\u00e9kfelni: poliamid\/m\u0171anyag; Fut\u00f3fel\u00fclet: poliamid\/m\u0171anyag; Csap\u00e1gy: lapos persely; R\u00f6gz\u00edt\u00e9si rendszer\/m\u00e9ret: nagym\u00e9ret\u0171 4 pontos...\" \/>\n<meta property=\"og:url\" content=\"https:\/\/kertigepalkatreszek.hu\/index.php\/termek\/forgo-fekes-villas-poliamid-kerek-200-as\/\" \/>\n<meta property=\"og:site_name\" content=\"Kertig\u00e9palkatr\u00e9szek.hu\" \/>\n<meta property=\"article:modified_time\" content=\"2025-10-06T12:45:58+00:00\" \/>\n<meta property=\"og:image\" content=\"https:\/\/kertigepalkatreszek.hu\/wp-content\/uploads\/2025\/10\/Forgo__fekes_villas_poliamid_kerek_200_as_824482688034959.jpg\" \/>\n\t<meta property=\"og:image:width\" content=\"1440\" \/>\n\t<meta property=\"og:image:height\" content=\"996\" \/>\n\t<meta property=\"og:image:type\" content=\"image\/jpeg\" \/>\n<meta name=\"twitter:card\" content=\"summary_large_image\" \/>\n<script type=\"application\/ld+json\" class=\"yoast-schema-graph\">{\"@context\":\"https:\/\/schema.org\",\"@graph\":[{\"@type\":\"WebPage\",\"@id\":\"https:\/\/kertigepalkatreszek.hu\/index.php\/termek\/forgo-fekes-villas-poliamid-kerek-200-as\/\",\"url\":\"https:\/\/kertigepalkatreszek.hu\/index.php\/termek\/forgo-fekes-villas-poliamid-kerek-200-as\/\",\"name\":\"Forg\u00f3, f\u00e9kes vill\u00e1s poliamid ker\u00e9k 200-as - Kertig\u00e9palkatr\u00e9szek.hu\",\"isPartOf\":{\"@id\":\"https:\/\/kertigepalkatreszek.hu\/#website\"},\"primaryImageOfPage\":{\"@id\":\"https:\/\/kertigepalkatreszek.hu\/index.php\/termek\/forgo-fekes-villas-poliamid-kerek-200-as\/#primaryimage\"},\"image\":{\"@id\":\"https:\/\/kertigepalkatreszek.hu\/index.php\/termek\/forgo-fekes-villas-poliamid-kerek-200-as\/#primaryimage\"},\"thumbnailUrl\":\"https:\/\/i0.wp.com\/kertigepalkatreszek.hu\/wp-content\/uploads\/2025\/10\/Forgo__fekes_villas_poliamid_kerek_200_as_824482688034959.jpg?fit=1440%2C996&ssl=1\",\"datePublished\":\"2025-10-06T12:45:57+00:00\",\"dateModified\":\"2025-10-06T12:45:58+00:00\",\"breadcrumb\":{\"@id\":\"https:\/\/kertigepalkatreszek.hu\/index.php\/termek\/forgo-fekes-villas-poliamid-kerek-200-as\/#breadcrumb\"},\"inLanguage\":\"hu\",\"potentialAction\":[{\"@type\":\"ReadAction\",\"target\":[\"https:\/\/kertigepalkatreszek.hu\/index.php\/termek\/forgo-fekes-villas-poliamid-kerek-200-as\/\"]}]},{\"@type\":\"ImageObject\",\"inLanguage\":\"hu\",\"@id\":\"https:\/\/kertigepalkatreszek.hu\/index.php\/termek\/forgo-fekes-villas-poliamid-kerek-200-as\/#primaryimage\",\"url\":\"https:\/\/i0.wp.com\/kertigepalkatreszek.hu\/wp-content\/uploads\/2025\/10\/Forgo__fekes_villas_poliamid_kerek_200_as_824482688034959.jpg?fit=1440%2C996&ssl=1\",\"contentUrl\":\"https:\/\/i0.wp.com\/kertigepalkatreszek.hu\/wp-content\/uploads\/2025\/10\/Forgo__fekes_villas_poliamid_kerek_200_as_824482688034959.jpg?fit=1440%2C996&ssl=1\",\"width\":1440,\"height\":996},{\"@type\":\"BreadcrumbList\",\"@id\":\"https:\/\/kertigepalkatreszek.hu\/index.php\/termek\/forgo-fekes-villas-poliamid-kerek-200-as\/#breadcrumb\",\"itemListElement\":[{\"@type\":\"ListItem\",\"position\":1,\"name\":\"Kezd\u0151lap\",\"item\":\"https:\/\/kertigepalkatreszek.hu\/\"},{\"@type\":\"ListItem\",\"position\":2,\"name\":\"\u00dczlet\",\"item\":\"https:\/\/kertigepalkatreszek.hu\/index.php\/uzlet\/\"},{\"@type\":\"ListItem\",\"position\":3,\"name\":\"Forg\u00f3, f\u00e9kes vill\u00e1s poliamid ker\u00e9k 200-as\"}]},{\"@type\":\"WebSite\",\"@id\":\"https:\/\/kertigepalkatreszek.hu\/#website\",\"url\":\"https:\/\/kertigepalkatreszek.hu\/\",\"name\":\"Kertig\u00e9palkatr\u00e9szek.hu\",\"description\":\"\",\"potentialAction\":[{\"@type\":\"SearchAction\",\"target\":{\"@type\":\"EntryPoint\",\"urlTemplate\":\"https:\/\/kertigepalkatreszek.hu\/?s={search_term_string}\"},\"query-input\":\"required name=search_term_string\"}],\"inLanguage\":\"hu\"}]}<\/script>\n<!-- \/ Yoast SEO plugin. -->","yoast_head_json":{"title":"Forg\u00f3, f\u00e9kes vill\u00e1s poliamid ker\u00e9k 200-as - Kertig\u00e9palkatr\u00e9szek.hu","robots":{"index":"index","follow":"follow","max-snippet":"max-snippet:-1","max-image-preview":"max-image-preview:large","max-video-preview":"max-video-preview:-1"},"canonical":"https:\/\/kertigepalkatreszek.hu\/index.php\/termek\/forgo-fekes-villas-poliamid-kerek-200-as\/","og_locale":"hu_HU","og_type":"article","og_title":"Forg\u00f3, f\u00e9kes vill\u00e1s poliamid ker\u00e9k 200-as - Kertig\u00e9palkatr\u00e9szek.hu","og_description":"Jellemz\u0151k: Villa anyaga: k\u00f6zepesen pr\u00e9selt ac\u00e9llemez; villa: forgathat\u00f3 F\u00e9kfelni: poliamid\/m\u0171anyag; Fut\u00f3fel\u00fclet: poliamid\/m\u0171anyag; Csap\u00e1gy: lapos persely; R\u00f6gz\u00edt\u00e9si rendszer\/m\u00e9ret: nagym\u00e9ret\u0171 4 pontos...","og_url":"https:\/\/kertigepalkatreszek.hu\/index.php\/termek\/forgo-fekes-villas-poliamid-kerek-200-as\/","og_site_name":"Kertig\u00e9palkatr\u00e9szek.hu","article_modified_time":"2025-10-06T12:45:58+00:00","og_image":[{"width":1440,"height":996,"url":"https:\/\/kertigepalkatreszek.hu\/wp-content\/uploads\/2025\/10\/Forgo__fekes_villas_poliamid_kerek_200_as_824482688034959.jpg","type":"image\/jpeg"}],"twitter_card":"summary_large_image","schema":{"@context":"https:\/\/schema.org","@graph":[{"@type":"WebPage","@id":"https:\/\/kertigepalkatreszek.hu\/index.php\/termek\/forgo-fekes-villas-poliamid-kerek-200-as\/","url":"https:\/\/kertigepalkatreszek.hu\/index.php\/termek\/forgo-fekes-villas-poliamid-kerek-200-as\/","name":"Forg\u00f3, f\u00e9kes vill\u00e1s poliamid ker\u00e9k 200-as - Kertig\u00e9palkatr\u00e9szek.hu","isPartOf":{"@id":"https:\/\/kertigepalkatreszek.hu\/#website"},"primaryImageOfPage":{"@id":"https:\/\/kertigepalkatreszek.hu\/index.php\/termek\/forgo-fekes-villas-poliamid-kerek-200-as\/#primaryimage"},"image":{"@id":"https:\/\/kertigepalkatreszek.hu\/index.php\/termek\/forgo-fekes-villas-poliamid-kerek-200-as\/#primaryimage"},"thumbnailUrl":"https:\/\/i0.wp.com\/kertigepalkatreszek.hu\/wp-content\/uploads\/2025\/10\/Forgo__fekes_villas_poliamid_kerek_200_as_824482688034959.jpg?fit=1440%2C996&ssl=1","datePublished":"2025-10-06T12:45:57+00:00","dateModified":"2025-10-06T12:45:58+00:00","breadcrumb":{"@id":"https:\/\/kertigepalkatreszek.hu\/index.php\/termek\/forgo-fekes-villas-poliamid-kerek-200-as\/#breadcrumb"},"inLanguage":"hu","potentialAction":[{"@type":"ReadAction","target":["https:\/\/kertigepalkatreszek.hu\/index.php\/termek\/forgo-fekes-villas-poliamid-kerek-200-as\/"]}]},{"@type":"ImageObject","inLanguage":"hu","@id":"https:\/\/kertigepalkatreszek.hu\/index.php\/termek\/forgo-fekes-villas-poliamid-kerek-200-as\/#primaryimage","url":"https:\/\/i0.wp.com\/kertigepalkatreszek.hu\/wp-content\/uploads\/2025\/10\/Forgo__fekes_villas_poliamid_kerek_200_as_824482688034959.jpg?fit=1440%2C996&ssl=1","contentUrl":"https:\/\/i0.wp.com\/kertigepalkatreszek.hu\/wp-content\/uploads\/2025\/10\/Forgo__fekes_villas_poliamid_kerek_200_as_824482688034959.jpg?fit=1440%2C996&ssl=1","width":1440,"height":996},{"@type":"BreadcrumbList","@id":"https:\/\/kertigepalkatreszek.hu\/index.php\/termek\/forgo-fekes-villas-poliamid-kerek-200-as\/#breadcrumb","itemListElement":[{"@type":"ListItem","position":1,"name":"Kezd\u0151lap","item":"https:\/\/kertigepalkatreszek.hu\/"},{"@type":"ListItem","position":2,"name":"\u00dczlet","item":"https:\/\/kertigepalkatreszek.hu\/index.php\/uzlet\/"},{"@type":"ListItem","position":3,"name":"Forg\u00f3, f\u00e9kes vill\u00e1s poliamid ker\u00e9k 200-as"}]},{"@type":"WebSite","@id":"https:\/\/kertigepalkatreszek.hu\/#website","url":"https:\/\/kertigepalkatreszek.hu\/","name":"Kertig\u00e9palkatr\u00e9szek.hu","description":"","potentialAction":[{"@type":"SearchAction","target":{"@type":"EntryPoint","urlTemplate":"https:\/\/kertigepalkatreszek.hu\/?s={search_term_string}"},"query-input":"required name=search_term_string"}],"inLanguage":"hu"}]}},"jetpack_sharing_enabled":true,"_links":{"self":[{"href":"https:\/\/kertigepalkatreszek.hu\/index.php\/wp-json\/wp\/v2\/product\/12049","targetHints":{"allow":["GET"]}}],"collection":[{"href":"https:\/\/kertigepalkatreszek.hu\/index.php\/wp-json\/wp\/v2\/product"}],"about":[{"href":"https:\/\/kertigepalkatreszek.hu\/index.php\/wp-json\/wp\/v2\/types\/product"}],"replies":[{"embeddable":true,"href":"https:\/\/kertigepalkatreszek.hu\/index.php\/wp-json\/wp\/v2\/comments?post=12049"}],"wp:featuredmedia":[{"embeddable":true,"href":"https:\/\/kertigepalkatreszek.hu\/index.php\/wp-json\/wp\/v2\/media\/12051"}],"wp:attachment":[{"href":"https:\/\/kertigepalkatreszek.hu\/index.php\/wp-json\/wp\/v2\/media?parent=12049"}],"wp:term":[{"taxonomy":"product_cat","embeddable":true,"href":"https:\/\/kertigepalkatreszek.hu\/index.php\/wp-json\/wp\/v2\/product_cat?post=12049"},{"taxonomy":"product_tag","embeddable":true,"href":"https:\/\/kertigepalkatreszek.hu\/index.php\/wp-json\/wp\/v2\/product_tag?post=12049"}],"curies":[{"name":"wp","href":"https:\/\/api.w.org\/{rel}","templated":true}]}}