{"id":12256,"date":"2025-11-03T09:43:19","date_gmt":"2025-11-03T09:43:19","guid":{"rendered":"https:\/\/kertigepalkatreszek.hu\/?post_type=product&#038;p=12256"},"modified":"2025-11-03T09:43:20","modified_gmt":"2025-11-03T09:43:20","slug":"mtd-gcs-levegoszuro-haz","status":"publish","type":"product","link":"https:\/\/kertigepalkatreszek.hu\/index.php\/termek\/mtd-gcs-levegoszuro-haz\/","title":{"rendered":"Mtd Gcs Leveg\u0151sz\u0171r\u0151 h\u00e1z"},"content":{"rendered":"<pre>MTD GCS l\u00e1ncf\u0171r\u00e9sz leveg\u0151sz\u0171r\u0151h\u00e1z\r\nGy\u00e1ri cikksz\u00e1m: SG-2044690\r\nA k\u00f6vetkez\u0151 t\u00edpusokhoz is megfelel:\r\nGCS 38 \/ 35\r\nGCS 46 \/ 40\r\nGCS 46 \/ 45\r\nGCS 50 \/ 45\r\nBritech CS39\r\n\r\nCikksz\u00e1m: Doboz 5 (polc35)<\/pre>\n","protected":false},"excerpt":{"rendered":"<p>MTD GCS l\u00e1ncf\u0171r\u00e9sz leveg\u0151sz\u0171r\u0151h\u00e1z Gy\u00e1ri cikksz\u00e1m: SG-2044690 A k\u00f6vetkez\u0151 t\u00edpusokhoz is megfelel: GCS 38 \/ 35 GCS 46 \/ 40&#8230;<\/p>\n","protected":false},"featured_media":12259,"comment_status":"open","ping_status":"closed","template":"","meta":[],"product_cat":[57],"product_tag":[],"class_list":{"0":"post-12256","1":"product","2":"type-product","3":"status-publish","4":"has-post-thumbnail","6":"product_cat-mtd","8":"first","9":"instock","10":"shipping-taxable","11":"purchasable","12":"product-type-simple"},"yoast_head":"<!-- This site is optimized with the Yoast SEO plugin v22.9 - https:\/\/yoast.com\/wordpress\/plugins\/seo\/ -->\n<title>Mtd Gcs Leveg\u0151sz\u0171r\u0151 h\u00e1z - Kertig\u00e9palkatr\u00e9szek.hu<\/title>\n<meta name=\"robots\" content=\"index, follow, max-snippet:-1, max-image-preview:large, max-video-preview:-1\" \/>\n<link rel=\"canonical\" href=\"https:\/\/kertigepalkatreszek.hu\/index.php\/termek\/mtd-gcs-levegoszuro-haz\/\" \/>\n<meta property=\"og:locale\" content=\"hu_HU\" \/>\n<meta property=\"og:type\" content=\"article\" \/>\n<meta property=\"og:title\" content=\"Mtd Gcs Leveg\u0151sz\u0171r\u0151 h\u00e1z - Kertig\u00e9palkatr\u00e9szek.hu\" \/>\n<meta property=\"og:description\" content=\"MTD GCS l\u00e1ncf\u0171r\u00e9sz leveg\u0151sz\u0171r\u0151h\u00e1z Gy\u00e1ri cikksz\u00e1m: SG-2044690 A k\u00f6vetkez\u0151 t\u00edpusokhoz is megfelel: GCS 38 \/ 35 GCS 46 \/ 40...\" \/>\n<meta property=\"og:url\" content=\"https:\/\/kertigepalkatreszek.hu\/index.php\/termek\/mtd-gcs-levegoszuro-haz\/\" \/>\n<meta property=\"og:site_name\" content=\"Kertig\u00e9palkatr\u00e9szek.hu\" \/>\n<meta property=\"article:modified_time\" content=\"2025-11-03T09:43:20+00:00\" \/>\n<meta property=\"og:image\" content=\"https:\/\/kertigepalkatreszek.hu\/wp-content\/uploads\/2025\/11\/Levegoszuro_haz_MTD_GCS__lancfuresz_572982714247165.jpg\" \/>\n\t<meta property=\"og:image:width\" content=\"810\" \/>\n\t<meta property=\"og:image:height\" content=\"886\" \/>\n\t<meta property=\"og:image:type\" content=\"image\/jpeg\" \/>\n<meta name=\"twitter:card\" content=\"summary_large_image\" \/>\n<script type=\"application\/ld+json\" class=\"yoast-schema-graph\">{\"@context\":\"https:\/\/schema.org\",\"@graph\":[{\"@type\":\"WebPage\",\"@id\":\"https:\/\/kertigepalkatreszek.hu\/index.php\/termek\/mtd-gcs-levegoszuro-haz\/\",\"url\":\"https:\/\/kertigepalkatreszek.hu\/index.php\/termek\/mtd-gcs-levegoszuro-haz\/\",\"name\":\"Mtd Gcs Leveg\u0151sz\u0171r\u0151 h\u00e1z - Kertig\u00e9palkatr\u00e9szek.hu\",\"isPartOf\":{\"@id\":\"https:\/\/kertigepalkatreszek.hu\/#website\"},\"primaryImageOfPage\":{\"@id\":\"https:\/\/kertigepalkatreszek.hu\/index.php\/termek\/mtd-gcs-levegoszuro-haz\/#primaryimage\"},\"image\":{\"@id\":\"https:\/\/kertigepalkatreszek.hu\/index.php\/termek\/mtd-gcs-levegoszuro-haz\/#primaryimage\"},\"thumbnailUrl\":\"https:\/\/i0.wp.com\/kertigepalkatreszek.hu\/wp-content\/uploads\/2025\/11\/Levegoszuro_haz_MTD_GCS__lancfuresz_572982714247165.jpg?fit=810%2C886&ssl=1\",\"datePublished\":\"2025-11-03T09:43:19+00:00\",\"dateModified\":\"2025-11-03T09:43:20+00:00\",\"breadcrumb\":{\"@id\":\"https:\/\/kertigepalkatreszek.hu\/index.php\/termek\/mtd-gcs-levegoszuro-haz\/#breadcrumb\"},\"inLanguage\":\"hu\",\"potentialAction\":[{\"@type\":\"ReadAction\",\"target\":[\"https:\/\/kertigepalkatreszek.hu\/index.php\/termek\/mtd-gcs-levegoszuro-haz\/\"]}]},{\"@type\":\"ImageObject\",\"inLanguage\":\"hu\",\"@id\":\"https:\/\/kertigepalkatreszek.hu\/index.php\/termek\/mtd-gcs-levegoszuro-haz\/#primaryimage\",\"url\":\"https:\/\/i0.wp.com\/kertigepalkatreszek.hu\/wp-content\/uploads\/2025\/11\/Levegoszuro_haz_MTD_GCS__lancfuresz_572982714247165.jpg?fit=810%2C886&ssl=1\",\"contentUrl\":\"https:\/\/i0.wp.com\/kertigepalkatreszek.hu\/wp-content\/uploads\/2025\/11\/Levegoszuro_haz_MTD_GCS__lancfuresz_572982714247165.jpg?fit=810%2C886&ssl=1\",\"width\":810,\"height\":886},{\"@type\":\"BreadcrumbList\",\"@id\":\"https:\/\/kertigepalkatreszek.hu\/index.php\/termek\/mtd-gcs-levegoszuro-haz\/#breadcrumb\",\"itemListElement\":[{\"@type\":\"ListItem\",\"position\":1,\"name\":\"Kezd\u0151lap\",\"item\":\"https:\/\/kertigepalkatreszek.hu\/\"},{\"@type\":\"ListItem\",\"position\":2,\"name\":\"\u00dczlet\",\"item\":\"https:\/\/kertigepalkatreszek.hu\/index.php\/uzlet\/\"},{\"@type\":\"ListItem\",\"position\":3,\"name\":\"Mtd Gcs Leveg\u0151sz\u0171r\u0151 h\u00e1z\"}]},{\"@type\":\"WebSite\",\"@id\":\"https:\/\/kertigepalkatreszek.hu\/#website\",\"url\":\"https:\/\/kertigepalkatreszek.hu\/\",\"name\":\"Kertig\u00e9palkatr\u00e9szek.hu\",\"description\":\"\",\"potentialAction\":[{\"@type\":\"SearchAction\",\"target\":{\"@type\":\"EntryPoint\",\"urlTemplate\":\"https:\/\/kertigepalkatreszek.hu\/?s={search_term_string}\"},\"query-input\":\"required name=search_term_string\"}],\"inLanguage\":\"hu\"}]}<\/script>\n<!-- \/ Yoast SEO plugin. -->","yoast_head_json":{"title":"Mtd Gcs Leveg\u0151sz\u0171r\u0151 h\u00e1z - Kertig\u00e9palkatr\u00e9szek.hu","robots":{"index":"index","follow":"follow","max-snippet":"max-snippet:-1","max-image-preview":"max-image-preview:large","max-video-preview":"max-video-preview:-1"},"canonical":"https:\/\/kertigepalkatreszek.hu\/index.php\/termek\/mtd-gcs-levegoszuro-haz\/","og_locale":"hu_HU","og_type":"article","og_title":"Mtd Gcs Leveg\u0151sz\u0171r\u0151 h\u00e1z - Kertig\u00e9palkatr\u00e9szek.hu","og_description":"MTD GCS l\u00e1ncf\u0171r\u00e9sz leveg\u0151sz\u0171r\u0151h\u00e1z Gy\u00e1ri cikksz\u00e1m: SG-2044690 A k\u00f6vetkez\u0151 t\u00edpusokhoz is megfelel: GCS 38 \/ 35 GCS 46 \/ 40...","og_url":"https:\/\/kertigepalkatreszek.hu\/index.php\/termek\/mtd-gcs-levegoszuro-haz\/","og_site_name":"Kertig\u00e9palkatr\u00e9szek.hu","article_modified_time":"2025-11-03T09:43:20+00:00","og_image":[{"width":810,"height":886,"url":"https:\/\/kertigepalkatreszek.hu\/wp-content\/uploads\/2025\/11\/Levegoszuro_haz_MTD_GCS__lancfuresz_572982714247165.jpg","type":"image\/jpeg"}],"twitter_card":"summary_large_image","schema":{"@context":"https:\/\/schema.org","@graph":[{"@type":"WebPage","@id":"https:\/\/kertigepalkatreszek.hu\/index.php\/termek\/mtd-gcs-levegoszuro-haz\/","url":"https:\/\/kertigepalkatreszek.hu\/index.php\/termek\/mtd-gcs-levegoszuro-haz\/","name":"Mtd Gcs Leveg\u0151sz\u0171r\u0151 h\u00e1z - Kertig\u00e9palkatr\u00e9szek.hu","isPartOf":{"@id":"https:\/\/kertigepalkatreszek.hu\/#website"},"primaryImageOfPage":{"@id":"https:\/\/kertigepalkatreszek.hu\/index.php\/termek\/mtd-gcs-levegoszuro-haz\/#primaryimage"},"image":{"@id":"https:\/\/kertigepalkatreszek.hu\/index.php\/termek\/mtd-gcs-levegoszuro-haz\/#primaryimage"},"thumbnailUrl":"https:\/\/i0.wp.com\/kertigepalkatreszek.hu\/wp-content\/uploads\/2025\/11\/Levegoszuro_haz_MTD_GCS__lancfuresz_572982714247165.jpg?fit=810%2C886&ssl=1","datePublished":"2025-11-03T09:43:19+00:00","dateModified":"2025-11-03T09:43:20+00:00","breadcrumb":{"@id":"https:\/\/kertigepalkatreszek.hu\/index.php\/termek\/mtd-gcs-levegoszuro-haz\/#breadcrumb"},"inLanguage":"hu","potentialAction":[{"@type":"ReadAction","target":["https:\/\/kertigepalkatreszek.hu\/index.php\/termek\/mtd-gcs-levegoszuro-haz\/"]}]},{"@type":"ImageObject","inLanguage":"hu","@id":"https:\/\/kertigepalkatreszek.hu\/index.php\/termek\/mtd-gcs-levegoszuro-haz\/#primaryimage","url":"https:\/\/i0.wp.com\/kertigepalkatreszek.hu\/wp-content\/uploads\/2025\/11\/Levegoszuro_haz_MTD_GCS__lancfuresz_572982714247165.jpg?fit=810%2C886&ssl=1","contentUrl":"https:\/\/i0.wp.com\/kertigepalkatreszek.hu\/wp-content\/uploads\/2025\/11\/Levegoszuro_haz_MTD_GCS__lancfuresz_572982714247165.jpg?fit=810%2C886&ssl=1","width":810,"height":886},{"@type":"BreadcrumbList","@id":"https:\/\/kertigepalkatreszek.hu\/index.php\/termek\/mtd-gcs-levegoszuro-haz\/#breadcrumb","itemListElement":[{"@type":"ListItem","position":1,"name":"Kezd\u0151lap","item":"https:\/\/kertigepalkatreszek.hu\/"},{"@type":"ListItem","position":2,"name":"\u00dczlet","item":"https:\/\/kertigepalkatreszek.hu\/index.php\/uzlet\/"},{"@type":"ListItem","position":3,"name":"Mtd Gcs Leveg\u0151sz\u0171r\u0151 h\u00e1z"}]},{"@type":"WebSite","@id":"https:\/\/kertigepalkatreszek.hu\/#website","url":"https:\/\/kertigepalkatreszek.hu\/","name":"Kertig\u00e9palkatr\u00e9szek.hu","description":"","potentialAction":[{"@type":"SearchAction","target":{"@type":"EntryPoint","urlTemplate":"https:\/\/kertigepalkatreszek.hu\/?s={search_term_string}"},"query-input":"required name=search_term_string"}],"inLanguage":"hu"}]}},"jetpack_sharing_enabled":true,"_links":{"self":[{"href":"https:\/\/kertigepalkatreszek.hu\/index.php\/wp-json\/wp\/v2\/product\/12256","targetHints":{"allow":["GET"]}}],"collection":[{"href":"https:\/\/kertigepalkatreszek.hu\/index.php\/wp-json\/wp\/v2\/product"}],"about":[{"href":"https:\/\/kertigepalkatreszek.hu\/index.php\/wp-json\/wp\/v2\/types\/product"}],"replies":[{"embeddable":true,"href":"https:\/\/kertigepalkatreszek.hu\/index.php\/wp-json\/wp\/v2\/comments?post=12256"}],"wp:featuredmedia":[{"embeddable":true,"href":"https:\/\/kertigepalkatreszek.hu\/index.php\/wp-json\/wp\/v2\/media\/12259"}],"wp:attachment":[{"href":"https:\/\/kertigepalkatreszek.hu\/index.php\/wp-json\/wp\/v2\/media?parent=12256"}],"wp:term":[{"taxonomy":"product_cat","embeddable":true,"href":"https:\/\/kertigepalkatreszek.hu\/index.php\/wp-json\/wp\/v2\/product_cat?post=12256"},{"taxonomy":"product_tag","embeddable":true,"href":"https:\/\/kertigepalkatreszek.hu\/index.php\/wp-json\/wp\/v2\/product_tag?post=12256"}],"curies":[{"name":"wp","href":"https:\/\/api.w.org\/{rel}","templated":true}]}}