{"id":13583,"date":"2026-04-16T14:08:24","date_gmt":"2026-04-16T14:08:24","guid":{"rendered":"https:\/\/kertigepalkatreszek.hu\/?post_type=product&#038;p=13583"},"modified":"2026-04-16T14:08:24","modified_gmt":"2026-04-16T14:08:24","slug":"honda-gcv160-kapa-kapalogep","status":"publish","type":"product","link":"https:\/\/kertigepalkatreszek.hu\/index.php\/termek\/honda-gcv160-kapa-kapalogep\/","title":{"rendered":"Honda GCV160 kapa kap\u00e1l\u00f3g\u00e9p"},"content":{"rendered":"<pre>Elad\u00f3 Keveset haszn\u00e1lt, azonnal munk\u00e1ra foghat\u00f3 Honda rot\u00e1ci\u00f3s kapa.\r\nTelephelyi \u00e1tv\u00e9tel!\r\nSz\u00e1ll\u00edt\u00e1ssal kapcsolatban \u00e9rdekl\u0151dj\u00f6n!!<\/pre>\n","protected":false},"excerpt":{"rendered":"<p>Elad\u00f3 Keveset haszn\u00e1lt, azonnal munk\u00e1ra foghat\u00f3 Honda rot\u00e1ci\u00f3s kapa. Telephelyi \u00e1tv\u00e9tel! Sz\u00e1ll\u00edt\u00e1ssal kapcsolatban \u00e9rdekl\u0151dj\u00f6n!!<\/p>\n","protected":false},"featured_media":13584,"comment_status":"open","ping_status":"closed","template":"","meta":[],"product_cat":[99],"product_tag":[],"class_list":{"0":"post-13583","1":"product","2":"type-product","3":"status-publish","4":"has-post-thumbnail","6":"product_cat-honda-gcv","8":"first","9":"instock","10":"shipping-taxable","11":"purchasable","12":"product-type-simple"},"yoast_head":"<!-- This site is optimized with the Yoast SEO plugin v22.9 - https:\/\/yoast.com\/wordpress\/plugins\/seo\/ -->\n<title>Honda GCV160 kapa kap\u00e1l\u00f3g\u00e9p - Kertig\u00e9palkatr\u00e9szek.hu<\/title>\n<meta name=\"robots\" content=\"index, follow, max-snippet:-1, max-image-preview:large, max-video-preview:-1\" \/>\n<link rel=\"canonical\" href=\"https:\/\/kertigepalkatreszek.hu\/index.php\/termek\/honda-gcv160-kapa-kapalogep\/\" \/>\n<meta property=\"og:locale\" content=\"hu_HU\" \/>\n<meta property=\"og:type\" content=\"article\" \/>\n<meta property=\"og:title\" content=\"Honda GCV160 kapa kap\u00e1l\u00f3g\u00e9p - Kertig\u00e9palkatr\u00e9szek.hu\" \/>\n<meta property=\"og:description\" content=\"Elad\u00f3 Keveset haszn\u00e1lt, azonnal munk\u00e1ra foghat\u00f3 Honda rot\u00e1ci\u00f3s kapa. Telephelyi \u00e1tv\u00e9tel! Sz\u00e1ll\u00edt\u00e1ssal kapcsolatban \u00e9rdekl\u0151dj\u00f6n!!\" \/>\n<meta property=\"og:url\" content=\"https:\/\/kertigepalkatreszek.hu\/index.php\/termek\/honda-gcv160-kapa-kapalogep\/\" \/>\n<meta property=\"og:site_name\" content=\"Kertig\u00e9palkatr\u00e9szek.hu\" \/>\n<meta property=\"og:image\" content=\"https:\/\/kertigepalkatreszek.hu\/wp-content\/uploads\/2026\/04\/Honda_Gcv160_kapa_kapalogep__800322775825681.jpg\" \/>\n\t<meta property=\"og:image:width\" content=\"667\" \/>\n\t<meta property=\"og:image:height\" content=\"986\" \/>\n\t<meta property=\"og:image:type\" content=\"image\/jpeg\" \/>\n<meta name=\"twitter:card\" content=\"summary_large_image\" \/>\n<script type=\"application\/ld+json\" class=\"yoast-schema-graph\">{\"@context\":\"https:\/\/schema.org\",\"@graph\":[{\"@type\":\"WebPage\",\"@id\":\"https:\/\/kertigepalkatreszek.hu\/index.php\/termek\/honda-gcv160-kapa-kapalogep\/\",\"url\":\"https:\/\/kertigepalkatreszek.hu\/index.php\/termek\/honda-gcv160-kapa-kapalogep\/\",\"name\":\"Honda GCV160 kapa kap\u00e1l\u00f3g\u00e9p - Kertig\u00e9palkatr\u00e9szek.hu\",\"isPartOf\":{\"@id\":\"https:\/\/kertigepalkatreszek.hu\/#website\"},\"primaryImageOfPage\":{\"@id\":\"https:\/\/kertigepalkatreszek.hu\/index.php\/termek\/honda-gcv160-kapa-kapalogep\/#primaryimage\"},\"image\":{\"@id\":\"https:\/\/kertigepalkatreszek.hu\/index.php\/termek\/honda-gcv160-kapa-kapalogep\/#primaryimage\"},\"thumbnailUrl\":\"https:\/\/i0.wp.com\/kertigepalkatreszek.hu\/wp-content\/uploads\/2026\/04\/Honda_Gcv160_kapa_kapalogep__800322775825681.jpg?fit=667%2C986&ssl=1\",\"datePublished\":\"2026-04-16T14:08:24+00:00\",\"dateModified\":\"2026-04-16T14:08:24+00:00\",\"breadcrumb\":{\"@id\":\"https:\/\/kertigepalkatreszek.hu\/index.php\/termek\/honda-gcv160-kapa-kapalogep\/#breadcrumb\"},\"inLanguage\":\"hu\",\"potentialAction\":[{\"@type\":\"ReadAction\",\"target\":[\"https:\/\/kertigepalkatreszek.hu\/index.php\/termek\/honda-gcv160-kapa-kapalogep\/\"]}]},{\"@type\":\"ImageObject\",\"inLanguage\":\"hu\",\"@id\":\"https:\/\/kertigepalkatreszek.hu\/index.php\/termek\/honda-gcv160-kapa-kapalogep\/#primaryimage\",\"url\":\"https:\/\/i0.wp.com\/kertigepalkatreszek.hu\/wp-content\/uploads\/2026\/04\/Honda_Gcv160_kapa_kapalogep__800322775825681.jpg?fit=667%2C986&ssl=1\",\"contentUrl\":\"https:\/\/i0.wp.com\/kertigepalkatreszek.hu\/wp-content\/uploads\/2026\/04\/Honda_Gcv160_kapa_kapalogep__800322775825681.jpg?fit=667%2C986&ssl=1\",\"width\":667,\"height\":986},{\"@type\":\"BreadcrumbList\",\"@id\":\"https:\/\/kertigepalkatreszek.hu\/index.php\/termek\/honda-gcv160-kapa-kapalogep\/#breadcrumb\",\"itemListElement\":[{\"@type\":\"ListItem\",\"position\":1,\"name\":\"Kezd\u0151lap\",\"item\":\"https:\/\/kertigepalkatreszek.hu\/\"},{\"@type\":\"ListItem\",\"position\":2,\"name\":\"\u00dczlet\",\"item\":\"https:\/\/kertigepalkatreszek.hu\/index.php\/uzlet\/\"},{\"@type\":\"ListItem\",\"position\":3,\"name\":\"Honda GCV160 kapa kap\u00e1l\u00f3g\u00e9p\"}]},{\"@type\":\"WebSite\",\"@id\":\"https:\/\/kertigepalkatreszek.hu\/#website\",\"url\":\"https:\/\/kertigepalkatreszek.hu\/\",\"name\":\"Kertig\u00e9palkatr\u00e9szek.hu\",\"description\":\"\",\"potentialAction\":[{\"@type\":\"SearchAction\",\"target\":{\"@type\":\"EntryPoint\",\"urlTemplate\":\"https:\/\/kertigepalkatreszek.hu\/?s={search_term_string}\"},\"query-input\":\"required name=search_term_string\"}],\"inLanguage\":\"hu\"}]}<\/script>\n<!-- \/ Yoast SEO plugin. -->","yoast_head_json":{"title":"Honda GCV160 kapa kap\u00e1l\u00f3g\u00e9p - Kertig\u00e9palkatr\u00e9szek.hu","robots":{"index":"index","follow":"follow","max-snippet":"max-snippet:-1","max-image-preview":"max-image-preview:large","max-video-preview":"max-video-preview:-1"},"canonical":"https:\/\/kertigepalkatreszek.hu\/index.php\/termek\/honda-gcv160-kapa-kapalogep\/","og_locale":"hu_HU","og_type":"article","og_title":"Honda GCV160 kapa kap\u00e1l\u00f3g\u00e9p - Kertig\u00e9palkatr\u00e9szek.hu","og_description":"Elad\u00f3 Keveset haszn\u00e1lt, azonnal munk\u00e1ra foghat\u00f3 Honda rot\u00e1ci\u00f3s kapa. Telephelyi \u00e1tv\u00e9tel! Sz\u00e1ll\u00edt\u00e1ssal kapcsolatban \u00e9rdekl\u0151dj\u00f6n!!","og_url":"https:\/\/kertigepalkatreszek.hu\/index.php\/termek\/honda-gcv160-kapa-kapalogep\/","og_site_name":"Kertig\u00e9palkatr\u00e9szek.hu","og_image":[{"width":667,"height":986,"url":"https:\/\/kertigepalkatreszek.hu\/wp-content\/uploads\/2026\/04\/Honda_Gcv160_kapa_kapalogep__800322775825681.jpg","type":"image\/jpeg"}],"twitter_card":"summary_large_image","schema":{"@context":"https:\/\/schema.org","@graph":[{"@type":"WebPage","@id":"https:\/\/kertigepalkatreszek.hu\/index.php\/termek\/honda-gcv160-kapa-kapalogep\/","url":"https:\/\/kertigepalkatreszek.hu\/index.php\/termek\/honda-gcv160-kapa-kapalogep\/","name":"Honda GCV160 kapa kap\u00e1l\u00f3g\u00e9p - Kertig\u00e9palkatr\u00e9szek.hu","isPartOf":{"@id":"https:\/\/kertigepalkatreszek.hu\/#website"},"primaryImageOfPage":{"@id":"https:\/\/kertigepalkatreszek.hu\/index.php\/termek\/honda-gcv160-kapa-kapalogep\/#primaryimage"},"image":{"@id":"https:\/\/kertigepalkatreszek.hu\/index.php\/termek\/honda-gcv160-kapa-kapalogep\/#primaryimage"},"thumbnailUrl":"https:\/\/i0.wp.com\/kertigepalkatreszek.hu\/wp-content\/uploads\/2026\/04\/Honda_Gcv160_kapa_kapalogep__800322775825681.jpg?fit=667%2C986&ssl=1","datePublished":"2026-04-16T14:08:24+00:00","dateModified":"2026-04-16T14:08:24+00:00","breadcrumb":{"@id":"https:\/\/kertigepalkatreszek.hu\/index.php\/termek\/honda-gcv160-kapa-kapalogep\/#breadcrumb"},"inLanguage":"hu","potentialAction":[{"@type":"ReadAction","target":["https:\/\/kertigepalkatreszek.hu\/index.php\/termek\/honda-gcv160-kapa-kapalogep\/"]}]},{"@type":"ImageObject","inLanguage":"hu","@id":"https:\/\/kertigepalkatreszek.hu\/index.php\/termek\/honda-gcv160-kapa-kapalogep\/#primaryimage","url":"https:\/\/i0.wp.com\/kertigepalkatreszek.hu\/wp-content\/uploads\/2026\/04\/Honda_Gcv160_kapa_kapalogep__800322775825681.jpg?fit=667%2C986&ssl=1","contentUrl":"https:\/\/i0.wp.com\/kertigepalkatreszek.hu\/wp-content\/uploads\/2026\/04\/Honda_Gcv160_kapa_kapalogep__800322775825681.jpg?fit=667%2C986&ssl=1","width":667,"height":986},{"@type":"BreadcrumbList","@id":"https:\/\/kertigepalkatreszek.hu\/index.php\/termek\/honda-gcv160-kapa-kapalogep\/#breadcrumb","itemListElement":[{"@type":"ListItem","position":1,"name":"Kezd\u0151lap","item":"https:\/\/kertigepalkatreszek.hu\/"},{"@type":"ListItem","position":2,"name":"\u00dczlet","item":"https:\/\/kertigepalkatreszek.hu\/index.php\/uzlet\/"},{"@type":"ListItem","position":3,"name":"Honda GCV160 kapa kap\u00e1l\u00f3g\u00e9p"}]},{"@type":"WebSite","@id":"https:\/\/kertigepalkatreszek.hu\/#website","url":"https:\/\/kertigepalkatreszek.hu\/","name":"Kertig\u00e9palkatr\u00e9szek.hu","description":"","potentialAction":[{"@type":"SearchAction","target":{"@type":"EntryPoint","urlTemplate":"https:\/\/kertigepalkatreszek.hu\/?s={search_term_string}"},"query-input":"required name=search_term_string"}],"inLanguage":"hu"}]}},"jetpack_sharing_enabled":true,"_links":{"self":[{"href":"https:\/\/kertigepalkatreszek.hu\/index.php\/wp-json\/wp\/v2\/product\/13583","targetHints":{"allow":["GET"]}}],"collection":[{"href":"https:\/\/kertigepalkatreszek.hu\/index.php\/wp-json\/wp\/v2\/product"}],"about":[{"href":"https:\/\/kertigepalkatreszek.hu\/index.php\/wp-json\/wp\/v2\/types\/product"}],"replies":[{"embeddable":true,"href":"https:\/\/kertigepalkatreszek.hu\/index.php\/wp-json\/wp\/v2\/comments?post=13583"}],"wp:featuredmedia":[{"embeddable":true,"href":"https:\/\/kertigepalkatreszek.hu\/index.php\/wp-json\/wp\/v2\/media\/13584"}],"wp:attachment":[{"href":"https:\/\/kertigepalkatreszek.hu\/index.php\/wp-json\/wp\/v2\/media?parent=13583"}],"wp:term":[{"taxonomy":"product_cat","embeddable":true,"href":"https:\/\/kertigepalkatreszek.hu\/index.php\/wp-json\/wp\/v2\/product_cat?post=13583"},{"taxonomy":"product_tag","embeddable":true,"href":"https:\/\/kertigepalkatreszek.hu\/index.php\/wp-json\/wp\/v2\/product_tag?post=13583"}],"curies":[{"name":"wp","href":"https:\/\/api.w.org\/{rel}","templated":true}]}}