{"id":13918,"date":"2026-05-12T16:11:26","date_gmt":"2026-05-12T16:11:26","guid":{"rendered":"https:\/\/kertigepalkatreszek.hu\/?post_type=product&#038;p=13918"},"modified":"2026-05-12T16:55:28","modified_gmt":"2026-05-12T16:55:28","slug":"terra-robi-kapa-kistraktor-borona-fogas","status":"publish","type":"product","link":"https:\/\/kertigepalkatreszek.hu\/index.php\/termek\/terra-robi-kapa-kistraktor-borona-fogas\/","title":{"rendered":"Terra Robi kapa kistraktor borona fogas 0025"},"content":{"rendered":"<pre>\u00c1ll\u00edthat\u00f3 sz\u00e9less\u00e9g\u0171 j\u00f3 \u00e1llapot\u00fa kertig\u00e9p borona<\/pre>\n","protected":false},"excerpt":{"rendered":"<p>\u00c1ll\u00edthat\u00f3 sz\u00e9less\u00e9g\u0171 j\u00f3 \u00e1llapot\u00fa kertig\u00e9p borona<\/p>\n","protected":false},"featured_media":13923,"comment_status":"open","ping_status":"closed","template":"","meta":[],"product_cat":[49,46],"product_tag":[],"class_list":{"0":"post-13918","1":"product","2":"type-product","3":"status-publish","4":"has-post-thumbnail","6":"product_cat-robi","7":"product_cat-terra","9":"first","10":"instock","11":"shipping-taxable","12":"purchasable","13":"product-type-simple"},"yoast_head":"<!-- This site is optimized with the Yoast SEO plugin v22.9 - https:\/\/yoast.com\/wordpress\/plugins\/seo\/ -->\n<title>Terra Robi kapa kistraktor borona fogas 0025 - Kertig\u00e9palkatr\u00e9szek.hu<\/title>\n<meta name=\"robots\" content=\"index, follow, max-snippet:-1, max-image-preview:large, max-video-preview:-1\" \/>\n<link rel=\"canonical\" href=\"https:\/\/kertigepalkatreszek.hu\/index.php\/termek\/terra-robi-kapa-kistraktor-borona-fogas\/\" \/>\n<meta property=\"og:locale\" content=\"hu_HU\" \/>\n<meta property=\"og:type\" content=\"article\" \/>\n<meta property=\"og:title\" content=\"Terra Robi kapa kistraktor borona fogas 0025 - Kertig\u00e9palkatr\u00e9szek.hu\" \/>\n<meta property=\"og:description\" content=\"\u00c1ll\u00edthat\u00f3 sz\u00e9less\u00e9g\u0171 j\u00f3 \u00e1llapot\u00fa kertig\u00e9p borona\" \/>\n<meta property=\"og:url\" content=\"https:\/\/kertigepalkatreszek.hu\/index.php\/termek\/terra-robi-kapa-kistraktor-borona-fogas\/\" \/>\n<meta property=\"og:site_name\" content=\"Kertig\u00e9palkatr\u00e9szek.hu\" \/>\n<meta property=\"article:modified_time\" content=\"2026-05-12T16:55:28+00:00\" \/>\n<meta property=\"og:image\" content=\"https:\/\/kertigepalkatreszek.hu\/wp-content\/uploads\/2026\/05\/terra_robi_kapa_kistraktor_borona_fogas_945262789286481.jpg\" \/>\n\t<meta property=\"og:image:width\" content=\"810\" \/>\n\t<meta property=\"og:image:height\" content=\"783\" \/>\n\t<meta property=\"og:image:type\" content=\"image\/jpeg\" \/>\n<meta name=\"twitter:card\" content=\"summary_large_image\" \/>\n<script type=\"application\/ld+json\" class=\"yoast-schema-graph\">{\"@context\":\"https:\/\/schema.org\",\"@graph\":[{\"@type\":\"WebPage\",\"@id\":\"https:\/\/kertigepalkatreszek.hu\/index.php\/termek\/terra-robi-kapa-kistraktor-borona-fogas\/\",\"url\":\"https:\/\/kertigepalkatreszek.hu\/index.php\/termek\/terra-robi-kapa-kistraktor-borona-fogas\/\",\"name\":\"Terra Robi kapa kistraktor borona fogas 0025 - Kertig\u00e9palkatr\u00e9szek.hu\",\"isPartOf\":{\"@id\":\"https:\/\/kertigepalkatreszek.hu\/#website\"},\"primaryImageOfPage\":{\"@id\":\"https:\/\/kertigepalkatreszek.hu\/index.php\/termek\/terra-robi-kapa-kistraktor-borona-fogas\/#primaryimage\"},\"image\":{\"@id\":\"https:\/\/kertigepalkatreszek.hu\/index.php\/termek\/terra-robi-kapa-kistraktor-borona-fogas\/#primaryimage\"},\"thumbnailUrl\":\"https:\/\/i0.wp.com\/kertigepalkatreszek.hu\/wp-content\/uploads\/2026\/05\/terra_robi_kapa_kistraktor_borona_fogas_945262789286481.jpg?fit=810%2C783&ssl=1\",\"datePublished\":\"2026-05-12T16:11:26+00:00\",\"dateModified\":\"2026-05-12T16:55:28+00:00\",\"breadcrumb\":{\"@id\":\"https:\/\/kertigepalkatreszek.hu\/index.php\/termek\/terra-robi-kapa-kistraktor-borona-fogas\/#breadcrumb\"},\"inLanguage\":\"hu\",\"potentialAction\":[{\"@type\":\"ReadAction\",\"target\":[\"https:\/\/kertigepalkatreszek.hu\/index.php\/termek\/terra-robi-kapa-kistraktor-borona-fogas\/\"]}]},{\"@type\":\"ImageObject\",\"inLanguage\":\"hu\",\"@id\":\"https:\/\/kertigepalkatreszek.hu\/index.php\/termek\/terra-robi-kapa-kistraktor-borona-fogas\/#primaryimage\",\"url\":\"https:\/\/i0.wp.com\/kertigepalkatreszek.hu\/wp-content\/uploads\/2026\/05\/terra_robi_kapa_kistraktor_borona_fogas_945262789286481.jpg?fit=810%2C783&ssl=1\",\"contentUrl\":\"https:\/\/i0.wp.com\/kertigepalkatreszek.hu\/wp-content\/uploads\/2026\/05\/terra_robi_kapa_kistraktor_borona_fogas_945262789286481.jpg?fit=810%2C783&ssl=1\",\"width\":810,\"height\":783},{\"@type\":\"BreadcrumbList\",\"@id\":\"https:\/\/kertigepalkatreszek.hu\/index.php\/termek\/terra-robi-kapa-kistraktor-borona-fogas\/#breadcrumb\",\"itemListElement\":[{\"@type\":\"ListItem\",\"position\":1,\"name\":\"Kezd\u0151lap\",\"item\":\"https:\/\/kertigepalkatreszek.hu\/\"},{\"@type\":\"ListItem\",\"position\":2,\"name\":\"\u00dczlet\",\"item\":\"https:\/\/kertigepalkatreszek.hu\/index.php\/uzlet\/\"},{\"@type\":\"ListItem\",\"position\":3,\"name\":\"Terra Robi kapa kistraktor borona fogas 0025\"}]},{\"@type\":\"WebSite\",\"@id\":\"https:\/\/kertigepalkatreszek.hu\/#website\",\"url\":\"https:\/\/kertigepalkatreszek.hu\/\",\"name\":\"Kertig\u00e9palkatr\u00e9szek.hu\",\"description\":\"\",\"potentialAction\":[{\"@type\":\"SearchAction\",\"target\":{\"@type\":\"EntryPoint\",\"urlTemplate\":\"https:\/\/kertigepalkatreszek.hu\/?s={search_term_string}\"},\"query-input\":\"required name=search_term_string\"}],\"inLanguage\":\"hu\"}]}<\/script>\n<!-- \/ Yoast SEO plugin. -->","yoast_head_json":{"title":"Terra Robi kapa kistraktor borona fogas 0025 - Kertig\u00e9palkatr\u00e9szek.hu","robots":{"index":"index","follow":"follow","max-snippet":"max-snippet:-1","max-image-preview":"max-image-preview:large","max-video-preview":"max-video-preview:-1"},"canonical":"https:\/\/kertigepalkatreszek.hu\/index.php\/termek\/terra-robi-kapa-kistraktor-borona-fogas\/","og_locale":"hu_HU","og_type":"article","og_title":"Terra Robi kapa kistraktor borona fogas 0025 - Kertig\u00e9palkatr\u00e9szek.hu","og_description":"\u00c1ll\u00edthat\u00f3 sz\u00e9less\u00e9g\u0171 j\u00f3 \u00e1llapot\u00fa kertig\u00e9p borona","og_url":"https:\/\/kertigepalkatreszek.hu\/index.php\/termek\/terra-robi-kapa-kistraktor-borona-fogas\/","og_site_name":"Kertig\u00e9palkatr\u00e9szek.hu","article_modified_time":"2026-05-12T16:55:28+00:00","og_image":[{"width":810,"height":783,"url":"https:\/\/kertigepalkatreszek.hu\/wp-content\/uploads\/2026\/05\/terra_robi_kapa_kistraktor_borona_fogas_945262789286481.jpg","type":"image\/jpeg"}],"twitter_card":"summary_large_image","schema":{"@context":"https:\/\/schema.org","@graph":[{"@type":"WebPage","@id":"https:\/\/kertigepalkatreszek.hu\/index.php\/termek\/terra-robi-kapa-kistraktor-borona-fogas\/","url":"https:\/\/kertigepalkatreszek.hu\/index.php\/termek\/terra-robi-kapa-kistraktor-borona-fogas\/","name":"Terra Robi kapa kistraktor borona fogas 0025 - Kertig\u00e9palkatr\u00e9szek.hu","isPartOf":{"@id":"https:\/\/kertigepalkatreszek.hu\/#website"},"primaryImageOfPage":{"@id":"https:\/\/kertigepalkatreszek.hu\/index.php\/termek\/terra-robi-kapa-kistraktor-borona-fogas\/#primaryimage"},"image":{"@id":"https:\/\/kertigepalkatreszek.hu\/index.php\/termek\/terra-robi-kapa-kistraktor-borona-fogas\/#primaryimage"},"thumbnailUrl":"https:\/\/i0.wp.com\/kertigepalkatreszek.hu\/wp-content\/uploads\/2026\/05\/terra_robi_kapa_kistraktor_borona_fogas_945262789286481.jpg?fit=810%2C783&ssl=1","datePublished":"2026-05-12T16:11:26+00:00","dateModified":"2026-05-12T16:55:28+00:00","breadcrumb":{"@id":"https:\/\/kertigepalkatreszek.hu\/index.php\/termek\/terra-robi-kapa-kistraktor-borona-fogas\/#breadcrumb"},"inLanguage":"hu","potentialAction":[{"@type":"ReadAction","target":["https:\/\/kertigepalkatreszek.hu\/index.php\/termek\/terra-robi-kapa-kistraktor-borona-fogas\/"]}]},{"@type":"ImageObject","inLanguage":"hu","@id":"https:\/\/kertigepalkatreszek.hu\/index.php\/termek\/terra-robi-kapa-kistraktor-borona-fogas\/#primaryimage","url":"https:\/\/i0.wp.com\/kertigepalkatreszek.hu\/wp-content\/uploads\/2026\/05\/terra_robi_kapa_kistraktor_borona_fogas_945262789286481.jpg?fit=810%2C783&ssl=1","contentUrl":"https:\/\/i0.wp.com\/kertigepalkatreszek.hu\/wp-content\/uploads\/2026\/05\/terra_robi_kapa_kistraktor_borona_fogas_945262789286481.jpg?fit=810%2C783&ssl=1","width":810,"height":783},{"@type":"BreadcrumbList","@id":"https:\/\/kertigepalkatreszek.hu\/index.php\/termek\/terra-robi-kapa-kistraktor-borona-fogas\/#breadcrumb","itemListElement":[{"@type":"ListItem","position":1,"name":"Kezd\u0151lap","item":"https:\/\/kertigepalkatreszek.hu\/"},{"@type":"ListItem","position":2,"name":"\u00dczlet","item":"https:\/\/kertigepalkatreszek.hu\/index.php\/uzlet\/"},{"@type":"ListItem","position":3,"name":"Terra Robi kapa kistraktor borona fogas 0025"}]},{"@type":"WebSite","@id":"https:\/\/kertigepalkatreszek.hu\/#website","url":"https:\/\/kertigepalkatreszek.hu\/","name":"Kertig\u00e9palkatr\u00e9szek.hu","description":"","potentialAction":[{"@type":"SearchAction","target":{"@type":"EntryPoint","urlTemplate":"https:\/\/kertigepalkatreszek.hu\/?s={search_term_string}"},"query-input":"required name=search_term_string"}],"inLanguage":"hu"}]}},"jetpack_sharing_enabled":true,"_links":{"self":[{"href":"https:\/\/kertigepalkatreszek.hu\/index.php\/wp-json\/wp\/v2\/product\/13918","targetHints":{"allow":["GET"]}}],"collection":[{"href":"https:\/\/kertigepalkatreszek.hu\/index.php\/wp-json\/wp\/v2\/product"}],"about":[{"href":"https:\/\/kertigepalkatreszek.hu\/index.php\/wp-json\/wp\/v2\/types\/product"}],"replies":[{"embeddable":true,"href":"https:\/\/kertigepalkatreszek.hu\/index.php\/wp-json\/wp\/v2\/comments?post=13918"}],"wp:featuredmedia":[{"embeddable":true,"href":"https:\/\/kertigepalkatreszek.hu\/index.php\/wp-json\/wp\/v2\/media\/13923"}],"wp:attachment":[{"href":"https:\/\/kertigepalkatreszek.hu\/index.php\/wp-json\/wp\/v2\/media?parent=13918"}],"wp:term":[{"taxonomy":"product_cat","embeddable":true,"href":"https:\/\/kertigepalkatreszek.hu\/index.php\/wp-json\/wp\/v2\/product_cat?post=13918"},{"taxonomy":"product_tag","embeddable":true,"href":"https:\/\/kertigepalkatreszek.hu\/index.php\/wp-json\/wp\/v2\/product_tag?post=13918"}],"curies":[{"name":"wp","href":"https:\/\/api.w.org\/{rel}","templated":true}]}}