{"id":1746,"date":"2022-03-10T18:07:47","date_gmt":"2022-03-10T18:07:47","guid":{"rendered":"https:\/\/kertigepalkatreszek.hu\/?post_type=product&#038;p=1746"},"modified":"2026-03-31T15:31:26","modified_gmt":"2026-03-31T15:31:26","slug":"husqvarna-340-345-346xp-350-351-353-beranto-szerkezet","status":"publish","type":"product","link":"https:\/\/kertigepalkatreszek.hu\/index.php\/termek\/husqvarna-340-345-346xp-350-351-353-beranto-szerkezet\/","title":{"rendered":"Husqvarna 340 345 346XP 350 351 353 ber\u00e1nt\u00f3 szerkezet"},"content":{"rendered":"<div class=\"bi6gxh9e\" data-block=\"true\" data-editor=\"apou8\" data-offset-key=\"8pmbd-0-0\">\n<pre class=\"_1mf _1mj\" data-offset-key=\"8pmbd-0-0\">\u00daj husqvarna benzinmotoros l\u00e1ncf\u0171r\u00e9sz ber\u00e1nt\u00f3 elad\u00f3.<\/pre>\n<\/div>\n<pre class=\"_1mf _1mj\" data-offset-key=\"bq0qi-0-0\">Felfogat\u00e1si furat t\u00e1vols\u00e1g r\u00f6vid oldali: 100 mm\r\n\r\nFelfogat\u00e1si furat t\u00e1vols\u00e1g hosszabb oldali : 153 mm<\/pre>\n<div class=\"bi6gxh9e\" data-block=\"true\" data-editor=\"apou8\" data-offset-key=\"8r7tq-0-0\">\n<pre class=\"_1mf _1mj\" data-offset-key=\"8r7tq-0-0\">Al\u00e1bbi t\u00edpusokhoz j\u00f3 : Husqvarna 340 340E 345 345E 346XP 350 351 353<\/pre>\n<\/div>\n","protected":false},"excerpt":{"rendered":"<p>\u00daj husqvarna benzinmotoros l\u00e1ncf\u0171r\u00e9sz ber\u00e1nt\u00f3 elad\u00f3. Felfogat\u00e1si furat t\u00e1vols\u00e1g r\u00f6vid oldali: 100 mm Felfogat\u00e1si furat t\u00e1vols\u00e1g hosszabb oldali : 153&#8230;<\/p>\n","protected":false},"featured_media":1747,"comment_status":"open","ping_status":"closed","template":"","meta":[],"product_cat":[59],"product_tag":[],"class_list":{"0":"post-1746","1":"product","2":"type-product","3":"status-publish","4":"has-post-thumbnail","6":"product_cat-husqvarna","8":"first","9":"instock","10":"shipping-taxable","11":"purchasable","12":"product-type-simple"},"yoast_head":"<!-- This site is optimized with the Yoast SEO plugin v22.9 - https:\/\/yoast.com\/wordpress\/plugins\/seo\/ -->\n<title>Husqvarna 340 345 346XP 350 351 353 ber\u00e1nt\u00f3 szerkezet - Kertig\u00e9palkatr\u00e9szek.hu<\/title>\n<meta name=\"robots\" content=\"index, follow, max-snippet:-1, max-image-preview:large, max-video-preview:-1\" \/>\n<link rel=\"canonical\" href=\"https:\/\/kertigepalkatreszek.hu\/index.php\/termek\/husqvarna-340-345-346xp-350-351-353-beranto-szerkezet\/\" \/>\n<meta property=\"og:locale\" content=\"hu_HU\" \/>\n<meta property=\"og:type\" content=\"article\" \/>\n<meta property=\"og:title\" content=\"Husqvarna 340 345 346XP 350 351 353 ber\u00e1nt\u00f3 szerkezet - Kertig\u00e9palkatr\u00e9szek.hu\" \/>\n<meta property=\"og:description\" content=\"\u00daj husqvarna benzinmotoros l\u00e1ncf\u0171r\u00e9sz ber\u00e1nt\u00f3 elad\u00f3. Felfogat\u00e1si furat t\u00e1vols\u00e1g r\u00f6vid oldali: 100 mm Felfogat\u00e1si furat t\u00e1vols\u00e1g hosszabb oldali : 153...\" \/>\n<meta property=\"og:url\" content=\"https:\/\/kertigepalkatreszek.hu\/index.php\/termek\/husqvarna-340-345-346xp-350-351-353-beranto-szerkezet\/\" \/>\n<meta property=\"og:site_name\" content=\"Kertig\u00e9palkatr\u00e9szek.hu\" \/>\n<meta property=\"article:modified_time\" content=\"2026-03-31T15:31:26+00:00\" \/>\n<meta property=\"og:image\" content=\"https:\/\/kertigepalkatreszek.hu\/wp-content\/uploads\/2022\/03\/Husqvarna_340_345_346_XP_350_351_beranto_szerkezet__856092106469393.jpg\" \/>\n\t<meta property=\"og:image:width\" content=\"810\" \/>\n\t<meta property=\"og:image:height\" content=\"1080\" \/>\n\t<meta property=\"og:image:type\" content=\"image\/jpeg\" \/>\n<meta name=\"twitter:card\" content=\"summary_large_image\" \/>\n<meta name=\"twitter:label1\" content=\"Becs\u00fclt olvas\u00e1si id\u0151\" \/>\n\t<meta name=\"twitter:data1\" content=\"1 perc\" \/>\n<script type=\"application\/ld+json\" class=\"yoast-schema-graph\">{\"@context\":\"https:\/\/schema.org\",\"@graph\":[{\"@type\":\"WebPage\",\"@id\":\"https:\/\/kertigepalkatreszek.hu\/index.php\/termek\/husqvarna-340-345-346xp-350-351-353-beranto-szerkezet\/\",\"url\":\"https:\/\/kertigepalkatreszek.hu\/index.php\/termek\/husqvarna-340-345-346xp-350-351-353-beranto-szerkezet\/\",\"name\":\"Husqvarna 340 345 346XP 350 351 353 ber\u00e1nt\u00f3 szerkezet - Kertig\u00e9palkatr\u00e9szek.hu\",\"isPartOf\":{\"@id\":\"https:\/\/kertigepalkatreszek.hu\/#website\"},\"primaryImageOfPage\":{\"@id\":\"https:\/\/kertigepalkatreszek.hu\/index.php\/termek\/husqvarna-340-345-346xp-350-351-353-beranto-szerkezet\/#primaryimage\"},\"image\":{\"@id\":\"https:\/\/kertigepalkatreszek.hu\/index.php\/termek\/husqvarna-340-345-346xp-350-351-353-beranto-szerkezet\/#primaryimage\"},\"thumbnailUrl\":\"https:\/\/i0.wp.com\/kertigepalkatreszek.hu\/wp-content\/uploads\/2022\/03\/Husqvarna_340_345_346_XP_350_351_beranto_szerkezet__856092106469393.jpg?fit=810%2C1080&ssl=1\",\"datePublished\":\"2022-03-10T18:07:47+00:00\",\"dateModified\":\"2026-03-31T15:31:26+00:00\",\"breadcrumb\":{\"@id\":\"https:\/\/kertigepalkatreszek.hu\/index.php\/termek\/husqvarna-340-345-346xp-350-351-353-beranto-szerkezet\/#breadcrumb\"},\"inLanguage\":\"hu\",\"potentialAction\":[{\"@type\":\"ReadAction\",\"target\":[\"https:\/\/kertigepalkatreszek.hu\/index.php\/termek\/husqvarna-340-345-346xp-350-351-353-beranto-szerkezet\/\"]}]},{\"@type\":\"ImageObject\",\"inLanguage\":\"hu\",\"@id\":\"https:\/\/kertigepalkatreszek.hu\/index.php\/termek\/husqvarna-340-345-346xp-350-351-353-beranto-szerkezet\/#primaryimage\",\"url\":\"https:\/\/i0.wp.com\/kertigepalkatreszek.hu\/wp-content\/uploads\/2022\/03\/Husqvarna_340_345_346_XP_350_351_beranto_szerkezet__856092106469393.jpg?fit=810%2C1080&ssl=1\",\"contentUrl\":\"https:\/\/i0.wp.com\/kertigepalkatreszek.hu\/wp-content\/uploads\/2022\/03\/Husqvarna_340_345_346_XP_350_351_beranto_szerkezet__856092106469393.jpg?fit=810%2C1080&ssl=1\",\"width\":810,\"height\":1080},{\"@type\":\"BreadcrumbList\",\"@id\":\"https:\/\/kertigepalkatreszek.hu\/index.php\/termek\/husqvarna-340-345-346xp-350-351-353-beranto-szerkezet\/#breadcrumb\",\"itemListElement\":[{\"@type\":\"ListItem\",\"position\":1,\"name\":\"Kezd\u0151lap\",\"item\":\"https:\/\/kertigepalkatreszek.hu\/\"},{\"@type\":\"ListItem\",\"position\":2,\"name\":\"\u00dczlet\",\"item\":\"https:\/\/kertigepalkatreszek.hu\/index.php\/uzlet\/\"},{\"@type\":\"ListItem\",\"position\":3,\"name\":\"Husqvarna 340 345 346XP 350 351 353 ber\u00e1nt\u00f3 szerkezet\"}]},{\"@type\":\"WebSite\",\"@id\":\"https:\/\/kertigepalkatreszek.hu\/#website\",\"url\":\"https:\/\/kertigepalkatreszek.hu\/\",\"name\":\"Kertig\u00e9palkatr\u00e9szek.hu\",\"description\":\"\",\"potentialAction\":[{\"@type\":\"SearchAction\",\"target\":{\"@type\":\"EntryPoint\",\"urlTemplate\":\"https:\/\/kertigepalkatreszek.hu\/?s={search_term_string}\"},\"query-input\":\"required name=search_term_string\"}],\"inLanguage\":\"hu\"}]}<\/script>\n<!-- \/ Yoast SEO plugin. -->","yoast_head_json":{"title":"Husqvarna 340 345 346XP 350 351 353 ber\u00e1nt\u00f3 szerkezet - Kertig\u00e9palkatr\u00e9szek.hu","robots":{"index":"index","follow":"follow","max-snippet":"max-snippet:-1","max-image-preview":"max-image-preview:large","max-video-preview":"max-video-preview:-1"},"canonical":"https:\/\/kertigepalkatreszek.hu\/index.php\/termek\/husqvarna-340-345-346xp-350-351-353-beranto-szerkezet\/","og_locale":"hu_HU","og_type":"article","og_title":"Husqvarna 340 345 346XP 350 351 353 ber\u00e1nt\u00f3 szerkezet - Kertig\u00e9palkatr\u00e9szek.hu","og_description":"\u00daj husqvarna benzinmotoros l\u00e1ncf\u0171r\u00e9sz ber\u00e1nt\u00f3 elad\u00f3. Felfogat\u00e1si furat t\u00e1vols\u00e1g r\u00f6vid oldali: 100 mm Felfogat\u00e1si furat t\u00e1vols\u00e1g hosszabb oldali : 153...","og_url":"https:\/\/kertigepalkatreszek.hu\/index.php\/termek\/husqvarna-340-345-346xp-350-351-353-beranto-szerkezet\/","og_site_name":"Kertig\u00e9palkatr\u00e9szek.hu","article_modified_time":"2026-03-31T15:31:26+00:00","og_image":[{"width":810,"height":1080,"url":"https:\/\/kertigepalkatreszek.hu\/wp-content\/uploads\/2022\/03\/Husqvarna_340_345_346_XP_350_351_beranto_szerkezet__856092106469393.jpg","type":"image\/jpeg"}],"twitter_card":"summary_large_image","twitter_misc":{"Becs\u00fclt olvas\u00e1si id\u0151":"1 perc"},"schema":{"@context":"https:\/\/schema.org","@graph":[{"@type":"WebPage","@id":"https:\/\/kertigepalkatreszek.hu\/index.php\/termek\/husqvarna-340-345-346xp-350-351-353-beranto-szerkezet\/","url":"https:\/\/kertigepalkatreszek.hu\/index.php\/termek\/husqvarna-340-345-346xp-350-351-353-beranto-szerkezet\/","name":"Husqvarna 340 345 346XP 350 351 353 ber\u00e1nt\u00f3 szerkezet - Kertig\u00e9palkatr\u00e9szek.hu","isPartOf":{"@id":"https:\/\/kertigepalkatreszek.hu\/#website"},"primaryImageOfPage":{"@id":"https:\/\/kertigepalkatreszek.hu\/index.php\/termek\/husqvarna-340-345-346xp-350-351-353-beranto-szerkezet\/#primaryimage"},"image":{"@id":"https:\/\/kertigepalkatreszek.hu\/index.php\/termek\/husqvarna-340-345-346xp-350-351-353-beranto-szerkezet\/#primaryimage"},"thumbnailUrl":"https:\/\/i0.wp.com\/kertigepalkatreszek.hu\/wp-content\/uploads\/2022\/03\/Husqvarna_340_345_346_XP_350_351_beranto_szerkezet__856092106469393.jpg?fit=810%2C1080&ssl=1","datePublished":"2022-03-10T18:07:47+00:00","dateModified":"2026-03-31T15:31:26+00:00","breadcrumb":{"@id":"https:\/\/kertigepalkatreszek.hu\/index.php\/termek\/husqvarna-340-345-346xp-350-351-353-beranto-szerkezet\/#breadcrumb"},"inLanguage":"hu","potentialAction":[{"@type":"ReadAction","target":["https:\/\/kertigepalkatreszek.hu\/index.php\/termek\/husqvarna-340-345-346xp-350-351-353-beranto-szerkezet\/"]}]},{"@type":"ImageObject","inLanguage":"hu","@id":"https:\/\/kertigepalkatreszek.hu\/index.php\/termek\/husqvarna-340-345-346xp-350-351-353-beranto-szerkezet\/#primaryimage","url":"https:\/\/i0.wp.com\/kertigepalkatreszek.hu\/wp-content\/uploads\/2022\/03\/Husqvarna_340_345_346_XP_350_351_beranto_szerkezet__856092106469393.jpg?fit=810%2C1080&ssl=1","contentUrl":"https:\/\/i0.wp.com\/kertigepalkatreszek.hu\/wp-content\/uploads\/2022\/03\/Husqvarna_340_345_346_XP_350_351_beranto_szerkezet__856092106469393.jpg?fit=810%2C1080&ssl=1","width":810,"height":1080},{"@type":"BreadcrumbList","@id":"https:\/\/kertigepalkatreszek.hu\/index.php\/termek\/husqvarna-340-345-346xp-350-351-353-beranto-szerkezet\/#breadcrumb","itemListElement":[{"@type":"ListItem","position":1,"name":"Kezd\u0151lap","item":"https:\/\/kertigepalkatreszek.hu\/"},{"@type":"ListItem","position":2,"name":"\u00dczlet","item":"https:\/\/kertigepalkatreszek.hu\/index.php\/uzlet\/"},{"@type":"ListItem","position":3,"name":"Husqvarna 340 345 346XP 350 351 353 ber\u00e1nt\u00f3 szerkezet"}]},{"@type":"WebSite","@id":"https:\/\/kertigepalkatreszek.hu\/#website","url":"https:\/\/kertigepalkatreszek.hu\/","name":"Kertig\u00e9palkatr\u00e9szek.hu","description":"","potentialAction":[{"@type":"SearchAction","target":{"@type":"EntryPoint","urlTemplate":"https:\/\/kertigepalkatreszek.hu\/?s={search_term_string}"},"query-input":"required name=search_term_string"}],"inLanguage":"hu"}]}},"jetpack_sharing_enabled":true,"_links":{"self":[{"href":"https:\/\/kertigepalkatreszek.hu\/index.php\/wp-json\/wp\/v2\/product\/1746","targetHints":{"allow":["GET"]}}],"collection":[{"href":"https:\/\/kertigepalkatreszek.hu\/index.php\/wp-json\/wp\/v2\/product"}],"about":[{"href":"https:\/\/kertigepalkatreszek.hu\/index.php\/wp-json\/wp\/v2\/types\/product"}],"replies":[{"embeddable":true,"href":"https:\/\/kertigepalkatreszek.hu\/index.php\/wp-json\/wp\/v2\/comments?post=1746"}],"wp:featuredmedia":[{"embeddable":true,"href":"https:\/\/kertigepalkatreszek.hu\/index.php\/wp-json\/wp\/v2\/media\/1747"}],"wp:attachment":[{"href":"https:\/\/kertigepalkatreszek.hu\/index.php\/wp-json\/wp\/v2\/media?parent=1746"}],"wp:term":[{"taxonomy":"product_cat","embeddable":true,"href":"https:\/\/kertigepalkatreszek.hu\/index.php\/wp-json\/wp\/v2\/product_cat?post=1746"},{"taxonomy":"product_tag","embeddable":true,"href":"https:\/\/kertigepalkatreszek.hu\/index.php\/wp-json\/wp\/v2\/product_tag?post=1746"}],"curies":[{"name":"wp","href":"https:\/\/api.w.org\/{rel}","templated":true}]}}