{"id":1950,"date":"2022-04-22T16:38:21","date_gmt":"2022-04-22T16:38:21","guid":{"rendered":"https:\/\/kertigepalkatreszek.hu\/?post_type=product&#038;p=1950"},"modified":"2026-04-01T06:40:33","modified_gmt":"2026-04-01T06:40:33","slug":"uj-aggregator-beranto-szerkezet-ketutemu","status":"publish","type":"product","link":"https:\/\/kertigepalkatreszek.hu\/index.php\/termek\/uj-aggregator-beranto-szerkezet-ketutemu\/","title":{"rendered":"\u00daj aggreg\u00e1tor ber\u00e1nt\u00f3 szerkezet k\u00e9t\u00fctem\u0171"},"content":{"rendered":"<pre>Elad\u00f3 \u00faj k\u00e9t\u00fctem\u0171 aggreg\u00e1torhoz ber\u00e1nt\u00f3. \r\n\r\nFelfogat\u00e1si furatk\u00f6zepek t\u00e1vols\u00e1ga\r\n\r\n - v\u00edzszintesen: 135 mm \u00e9s 105 mm\r\n\r\n - f\u00fcgg\u0151legesen : 155 mm \u00e9s 180 mm<\/pre>\n<p>&nbsp;<\/p>\n","protected":false},"excerpt":{"rendered":"<p>Elad\u00f3 \u00faj k\u00e9t\u00fctem\u0171 aggreg\u00e1torhoz ber\u00e1nt\u00f3. Felfogat\u00e1si furatk\u00f6zepek t\u00e1vols\u00e1ga &#8211; v\u00edzszintesen: 135 mm \u00e9s 105 mm &#8211; f\u00fcgg\u0151legesen : 155 mm&#8230;<\/p>\n","protected":false},"featured_media":1951,"comment_status":"open","ping_status":"closed","template":"","meta":[],"product_cat":[56],"product_tag":[],"class_list":{"0":"post-1950","1":"product","2":"type-product","3":"status-publish","4":"has-post-thumbnail","6":"product_cat-aggregator","8":"first","9":"outofstock","10":"shipping-taxable","11":"purchasable","12":"product-type-simple"},"yoast_head":"<!-- This site is optimized with the Yoast SEO plugin v22.9 - https:\/\/yoast.com\/wordpress\/plugins\/seo\/ -->\n<title>\u00daj aggreg\u00e1tor ber\u00e1nt\u00f3 szerkezet k\u00e9t\u00fctem\u0171 - Kertig\u00e9palkatr\u00e9szek.hu<\/title>\n<meta name=\"robots\" content=\"index, follow, max-snippet:-1, max-image-preview:large, max-video-preview:-1\" \/>\n<link rel=\"canonical\" href=\"https:\/\/kertigepalkatreszek.hu\/index.php\/termek\/uj-aggregator-beranto-szerkezet-ketutemu\/\" \/>\n<meta property=\"og:locale\" content=\"hu_HU\" \/>\n<meta property=\"og:type\" content=\"article\" \/>\n<meta property=\"og:title\" content=\"\u00daj aggreg\u00e1tor ber\u00e1nt\u00f3 szerkezet k\u00e9t\u00fctem\u0171 - Kertig\u00e9palkatr\u00e9szek.hu\" \/>\n<meta property=\"og:description\" content=\"Elad\u00f3 \u00faj k\u00e9t\u00fctem\u0171 aggreg\u00e1torhoz ber\u00e1nt\u00f3. Felfogat\u00e1si furatk\u00f6zepek t\u00e1vols\u00e1ga - v\u00edzszintesen: 135 mm \u00e9s 105 mm - f\u00fcgg\u0151legesen : 155 mm...\" \/>\n<meta property=\"og:url\" content=\"https:\/\/kertigepalkatreszek.hu\/index.php\/termek\/uj-aggregator-beranto-szerkezet-ketutemu\/\" \/>\n<meta property=\"og:site_name\" content=\"Kertig\u00e9palkatr\u00e9szek.hu\" \/>\n<meta property=\"article:modified_time\" content=\"2026-04-01T06:40:33+00:00\" \/>\n<meta property=\"og:image\" content=\"https:\/\/kertigepalkatreszek.hu\/wp-content\/uploads\/2022\/04\/Uj_aggregator_beranto_szerkezet_ketutemu_473242125489691.jpg\" \/>\n\t<meta property=\"og:image:width\" content=\"1656\" \/>\n\t<meta property=\"og:image:height\" content=\"1080\" \/>\n\t<meta property=\"og:image:type\" content=\"image\/jpeg\" \/>\n<meta name=\"twitter:card\" content=\"summary_large_image\" \/>\n<meta name=\"twitter:label1\" content=\"Becs\u00fclt olvas\u00e1si id\u0151\" \/>\n\t<meta name=\"twitter:data1\" content=\"1 perc\" \/>\n<script type=\"application\/ld+json\" class=\"yoast-schema-graph\">{\"@context\":\"https:\/\/schema.org\",\"@graph\":[{\"@type\":\"WebPage\",\"@id\":\"https:\/\/kertigepalkatreszek.hu\/index.php\/termek\/uj-aggregator-beranto-szerkezet-ketutemu\/\",\"url\":\"https:\/\/kertigepalkatreszek.hu\/index.php\/termek\/uj-aggregator-beranto-szerkezet-ketutemu\/\",\"name\":\"\u00daj aggreg\u00e1tor ber\u00e1nt\u00f3 szerkezet k\u00e9t\u00fctem\u0171 - Kertig\u00e9palkatr\u00e9szek.hu\",\"isPartOf\":{\"@id\":\"https:\/\/kertigepalkatreszek.hu\/#website\"},\"primaryImageOfPage\":{\"@id\":\"https:\/\/kertigepalkatreszek.hu\/index.php\/termek\/uj-aggregator-beranto-szerkezet-ketutemu\/#primaryimage\"},\"image\":{\"@id\":\"https:\/\/kertigepalkatreszek.hu\/index.php\/termek\/uj-aggregator-beranto-szerkezet-ketutemu\/#primaryimage\"},\"thumbnailUrl\":\"https:\/\/i0.wp.com\/kertigepalkatreszek.hu\/wp-content\/uploads\/2022\/04\/Uj_aggregator_beranto_szerkezet_ketutemu_473242125489691.jpg?fit=1656%2C1080&ssl=1\",\"datePublished\":\"2022-04-22T16:38:21+00:00\",\"dateModified\":\"2026-04-01T06:40:33+00:00\",\"breadcrumb\":{\"@id\":\"https:\/\/kertigepalkatreszek.hu\/index.php\/termek\/uj-aggregator-beranto-szerkezet-ketutemu\/#breadcrumb\"},\"inLanguage\":\"hu\",\"potentialAction\":[{\"@type\":\"ReadAction\",\"target\":[\"https:\/\/kertigepalkatreszek.hu\/index.php\/termek\/uj-aggregator-beranto-szerkezet-ketutemu\/\"]}]},{\"@type\":\"ImageObject\",\"inLanguage\":\"hu\",\"@id\":\"https:\/\/kertigepalkatreszek.hu\/index.php\/termek\/uj-aggregator-beranto-szerkezet-ketutemu\/#primaryimage\",\"url\":\"https:\/\/i0.wp.com\/kertigepalkatreszek.hu\/wp-content\/uploads\/2022\/04\/Uj_aggregator_beranto_szerkezet_ketutemu_473242125489691.jpg?fit=1656%2C1080&ssl=1\",\"contentUrl\":\"https:\/\/i0.wp.com\/kertigepalkatreszek.hu\/wp-content\/uploads\/2022\/04\/Uj_aggregator_beranto_szerkezet_ketutemu_473242125489691.jpg?fit=1656%2C1080&ssl=1\",\"width\":1656,\"height\":1080},{\"@type\":\"BreadcrumbList\",\"@id\":\"https:\/\/kertigepalkatreszek.hu\/index.php\/termek\/uj-aggregator-beranto-szerkezet-ketutemu\/#breadcrumb\",\"itemListElement\":[{\"@type\":\"ListItem\",\"position\":1,\"name\":\"Kezd\u0151lap\",\"item\":\"https:\/\/kertigepalkatreszek.hu\/\"},{\"@type\":\"ListItem\",\"position\":2,\"name\":\"\u00dczlet\",\"item\":\"https:\/\/kertigepalkatreszek.hu\/index.php\/uzlet\/\"},{\"@type\":\"ListItem\",\"position\":3,\"name\":\"\u00daj aggreg\u00e1tor ber\u00e1nt\u00f3 szerkezet k\u00e9t\u00fctem\u0171\"}]},{\"@type\":\"WebSite\",\"@id\":\"https:\/\/kertigepalkatreszek.hu\/#website\",\"url\":\"https:\/\/kertigepalkatreszek.hu\/\",\"name\":\"Kertig\u00e9palkatr\u00e9szek.hu\",\"description\":\"\",\"potentialAction\":[{\"@type\":\"SearchAction\",\"target\":{\"@type\":\"EntryPoint\",\"urlTemplate\":\"https:\/\/kertigepalkatreszek.hu\/?s={search_term_string}\"},\"query-input\":\"required name=search_term_string\"}],\"inLanguage\":\"hu\"}]}<\/script>\n<!-- \/ Yoast SEO plugin. -->","yoast_head_json":{"title":"\u00daj aggreg\u00e1tor ber\u00e1nt\u00f3 szerkezet k\u00e9t\u00fctem\u0171 - Kertig\u00e9palkatr\u00e9szek.hu","robots":{"index":"index","follow":"follow","max-snippet":"max-snippet:-1","max-image-preview":"max-image-preview:large","max-video-preview":"max-video-preview:-1"},"canonical":"https:\/\/kertigepalkatreszek.hu\/index.php\/termek\/uj-aggregator-beranto-szerkezet-ketutemu\/","og_locale":"hu_HU","og_type":"article","og_title":"\u00daj aggreg\u00e1tor ber\u00e1nt\u00f3 szerkezet k\u00e9t\u00fctem\u0171 - Kertig\u00e9palkatr\u00e9szek.hu","og_description":"Elad\u00f3 \u00faj k\u00e9t\u00fctem\u0171 aggreg\u00e1torhoz ber\u00e1nt\u00f3. Felfogat\u00e1si furatk\u00f6zepek t\u00e1vols\u00e1ga - v\u00edzszintesen: 135 mm \u00e9s 105 mm - f\u00fcgg\u0151legesen : 155 mm...","og_url":"https:\/\/kertigepalkatreszek.hu\/index.php\/termek\/uj-aggregator-beranto-szerkezet-ketutemu\/","og_site_name":"Kertig\u00e9palkatr\u00e9szek.hu","article_modified_time":"2026-04-01T06:40:33+00:00","og_image":[{"width":1656,"height":1080,"url":"https:\/\/kertigepalkatreszek.hu\/wp-content\/uploads\/2022\/04\/Uj_aggregator_beranto_szerkezet_ketutemu_473242125489691.jpg","type":"image\/jpeg"}],"twitter_card":"summary_large_image","twitter_misc":{"Becs\u00fclt olvas\u00e1si id\u0151":"1 perc"},"schema":{"@context":"https:\/\/schema.org","@graph":[{"@type":"WebPage","@id":"https:\/\/kertigepalkatreszek.hu\/index.php\/termek\/uj-aggregator-beranto-szerkezet-ketutemu\/","url":"https:\/\/kertigepalkatreszek.hu\/index.php\/termek\/uj-aggregator-beranto-szerkezet-ketutemu\/","name":"\u00daj aggreg\u00e1tor ber\u00e1nt\u00f3 szerkezet k\u00e9t\u00fctem\u0171 - Kertig\u00e9palkatr\u00e9szek.hu","isPartOf":{"@id":"https:\/\/kertigepalkatreszek.hu\/#website"},"primaryImageOfPage":{"@id":"https:\/\/kertigepalkatreszek.hu\/index.php\/termek\/uj-aggregator-beranto-szerkezet-ketutemu\/#primaryimage"},"image":{"@id":"https:\/\/kertigepalkatreszek.hu\/index.php\/termek\/uj-aggregator-beranto-szerkezet-ketutemu\/#primaryimage"},"thumbnailUrl":"https:\/\/i0.wp.com\/kertigepalkatreszek.hu\/wp-content\/uploads\/2022\/04\/Uj_aggregator_beranto_szerkezet_ketutemu_473242125489691.jpg?fit=1656%2C1080&ssl=1","datePublished":"2022-04-22T16:38:21+00:00","dateModified":"2026-04-01T06:40:33+00:00","breadcrumb":{"@id":"https:\/\/kertigepalkatreszek.hu\/index.php\/termek\/uj-aggregator-beranto-szerkezet-ketutemu\/#breadcrumb"},"inLanguage":"hu","potentialAction":[{"@type":"ReadAction","target":["https:\/\/kertigepalkatreszek.hu\/index.php\/termek\/uj-aggregator-beranto-szerkezet-ketutemu\/"]}]},{"@type":"ImageObject","inLanguage":"hu","@id":"https:\/\/kertigepalkatreszek.hu\/index.php\/termek\/uj-aggregator-beranto-szerkezet-ketutemu\/#primaryimage","url":"https:\/\/i0.wp.com\/kertigepalkatreszek.hu\/wp-content\/uploads\/2022\/04\/Uj_aggregator_beranto_szerkezet_ketutemu_473242125489691.jpg?fit=1656%2C1080&ssl=1","contentUrl":"https:\/\/i0.wp.com\/kertigepalkatreszek.hu\/wp-content\/uploads\/2022\/04\/Uj_aggregator_beranto_szerkezet_ketutemu_473242125489691.jpg?fit=1656%2C1080&ssl=1","width":1656,"height":1080},{"@type":"BreadcrumbList","@id":"https:\/\/kertigepalkatreszek.hu\/index.php\/termek\/uj-aggregator-beranto-szerkezet-ketutemu\/#breadcrumb","itemListElement":[{"@type":"ListItem","position":1,"name":"Kezd\u0151lap","item":"https:\/\/kertigepalkatreszek.hu\/"},{"@type":"ListItem","position":2,"name":"\u00dczlet","item":"https:\/\/kertigepalkatreszek.hu\/index.php\/uzlet\/"},{"@type":"ListItem","position":3,"name":"\u00daj aggreg\u00e1tor ber\u00e1nt\u00f3 szerkezet k\u00e9t\u00fctem\u0171"}]},{"@type":"WebSite","@id":"https:\/\/kertigepalkatreszek.hu\/#website","url":"https:\/\/kertigepalkatreszek.hu\/","name":"Kertig\u00e9palkatr\u00e9szek.hu","description":"","potentialAction":[{"@type":"SearchAction","target":{"@type":"EntryPoint","urlTemplate":"https:\/\/kertigepalkatreszek.hu\/?s={search_term_string}"},"query-input":"required name=search_term_string"}],"inLanguage":"hu"}]}},"jetpack_sharing_enabled":true,"_links":{"self":[{"href":"https:\/\/kertigepalkatreszek.hu\/index.php\/wp-json\/wp\/v2\/product\/1950","targetHints":{"allow":["GET"]}}],"collection":[{"href":"https:\/\/kertigepalkatreszek.hu\/index.php\/wp-json\/wp\/v2\/product"}],"about":[{"href":"https:\/\/kertigepalkatreszek.hu\/index.php\/wp-json\/wp\/v2\/types\/product"}],"replies":[{"embeddable":true,"href":"https:\/\/kertigepalkatreszek.hu\/index.php\/wp-json\/wp\/v2\/comments?post=1950"}],"wp:featuredmedia":[{"embeddable":true,"href":"https:\/\/kertigepalkatreszek.hu\/index.php\/wp-json\/wp\/v2\/media\/1951"}],"wp:attachment":[{"href":"https:\/\/kertigepalkatreszek.hu\/index.php\/wp-json\/wp\/v2\/media?parent=1950"}],"wp:term":[{"taxonomy":"product_cat","embeddable":true,"href":"https:\/\/kertigepalkatreszek.hu\/index.php\/wp-json\/wp\/v2\/product_cat?post=1950"},{"taxonomy":"product_tag","embeddable":true,"href":"https:\/\/kertigepalkatreszek.hu\/index.php\/wp-json\/wp\/v2\/product_tag?post=1950"}],"curies":[{"name":"wp","href":"https:\/\/api.w.org\/{rel}","templated":true}]}}