{"id":2398,"date":"2022-12-08T15:10:23","date_gmt":"2022-12-08T15:10:23","guid":{"rendered":"https:\/\/kertigepalkatreszek.hu\/?post_type=product&#038;p=2398"},"modified":"2025-08-06T12:59:19","modified_gmt":"2025-08-06T12:59:19","slug":"wacker-bs-60-legszuro","status":"publish","type":"product","link":"https:\/\/kertigepalkatreszek.hu\/index.php\/termek\/wacker-bs-60-legszuro\/","title":{"rendered":"Wacker bs 60 l\u00e9gsz\u0171r\u0151 gy\u00e1ri"},"content":{"rendered":"<pre>Wacker BS50-2\/BS60-2\/BS70-2 t\u00edpus\u00fa g\u00e9phez leveg\u0151sz\u0171r\u0151 bet\u00e9t.\r\nHossz: 168mm\r\nSz\u00e9less\u00e9g: 96,5mm\r\nMagass\u00e1g: 53,5mm\r\nCikksz\u00e1m: KL-70\r\n\r\n\r\n<\/pre>\n","protected":false},"excerpt":{"rendered":"<p>Wacker BS50-2\/BS60-2\/BS70-2 t\u00edpus\u00fa g\u00e9phez leveg\u0151sz\u0171r\u0151 bet\u00e9t. Hossz: 168mm Sz\u00e9less\u00e9g: 96,5mm Magass\u00e1g: 53,5mm Cikksz\u00e1m: KL-70<\/p>\n","protected":false},"featured_media":11285,"comment_status":"open","ping_status":"closed","template":"","meta":[],"product_cat":[61],"product_tag":[],"class_list":{"0":"post-2398","1":"product","2":"type-product","3":"status-publish","4":"has-post-thumbnail","6":"product_cat-wacker","8":"first","9":"instock","10":"shipping-taxable","11":"purchasable","12":"product-type-simple"},"yoast_head":"<!-- This site is optimized with the Yoast SEO plugin v22.9 - https:\/\/yoast.com\/wordpress\/plugins\/seo\/ -->\n<title>Wacker bs 60 l\u00e9gsz\u0171r\u0151 gy\u00e1ri - Kertig\u00e9palkatr\u00e9szek.hu<\/title>\n<meta name=\"robots\" content=\"index, follow, max-snippet:-1, max-image-preview:large, max-video-preview:-1\" \/>\n<link rel=\"canonical\" href=\"https:\/\/kertigepalkatreszek.hu\/index.php\/termek\/wacker-bs-60-legszuro\/\" \/>\n<meta property=\"og:locale\" content=\"hu_HU\" \/>\n<meta property=\"og:type\" content=\"article\" \/>\n<meta property=\"og:title\" content=\"Wacker bs 60 l\u00e9gsz\u0171r\u0151 gy\u00e1ri - Kertig\u00e9palkatr\u00e9szek.hu\" \/>\n<meta property=\"og:description\" content=\"Wacker BS50-2\/BS60-2\/BS70-2 t\u00edpus\u00fa g\u00e9phez leveg\u0151sz\u0171r\u0151 bet\u00e9t. Hossz: 168mm Sz\u00e9less\u00e9g: 96,5mm Magass\u00e1g: 53,5mm Cikksz\u00e1m: KL-70\" \/>\n<meta property=\"og:url\" content=\"https:\/\/kertigepalkatreszek.hu\/index.php\/termek\/wacker-bs-60-legszuro\/\" \/>\n<meta property=\"og:site_name\" content=\"Kertig\u00e9palkatr\u00e9szek.hu\" \/>\n<meta property=\"article:modified_time\" content=\"2025-08-06T12:59:19+00:00\" \/>\n<meta property=\"og:image\" content=\"https:\/\/kertigepalkatreszek.hu\/wp-content\/uploads\/2022\/12\/gyari_wacker_legszuro_960342673787498.jpg\" \/>\n\t<meta property=\"og:image:width\" content=\"810\" \/>\n\t<meta property=\"og:image:height\" content=\"984\" \/>\n\t<meta property=\"og:image:type\" content=\"image\/jpeg\" \/>\n<meta name=\"twitter:card\" content=\"summary_large_image\" \/>\n<script type=\"application\/ld+json\" class=\"yoast-schema-graph\">{\"@context\":\"https:\/\/schema.org\",\"@graph\":[{\"@type\":\"WebPage\",\"@id\":\"https:\/\/kertigepalkatreszek.hu\/index.php\/termek\/wacker-bs-60-legszuro\/\",\"url\":\"https:\/\/kertigepalkatreszek.hu\/index.php\/termek\/wacker-bs-60-legszuro\/\",\"name\":\"Wacker bs 60 l\u00e9gsz\u0171r\u0151 gy\u00e1ri - Kertig\u00e9palkatr\u00e9szek.hu\",\"isPartOf\":{\"@id\":\"https:\/\/kertigepalkatreszek.hu\/#website\"},\"primaryImageOfPage\":{\"@id\":\"https:\/\/kertigepalkatreszek.hu\/index.php\/termek\/wacker-bs-60-legszuro\/#primaryimage\"},\"image\":{\"@id\":\"https:\/\/kertigepalkatreszek.hu\/index.php\/termek\/wacker-bs-60-legszuro\/#primaryimage\"},\"thumbnailUrl\":\"https:\/\/i0.wp.com\/kertigepalkatreszek.hu\/wp-content\/uploads\/2022\/12\/gyari_wacker_legszuro_960342673787498.jpg?fit=810%2C984&ssl=1\",\"datePublished\":\"2022-12-08T15:10:23+00:00\",\"dateModified\":\"2025-08-06T12:59:19+00:00\",\"breadcrumb\":{\"@id\":\"https:\/\/kertigepalkatreszek.hu\/index.php\/termek\/wacker-bs-60-legszuro\/#breadcrumb\"},\"inLanguage\":\"hu\",\"potentialAction\":[{\"@type\":\"ReadAction\",\"target\":[\"https:\/\/kertigepalkatreszek.hu\/index.php\/termek\/wacker-bs-60-legszuro\/\"]}]},{\"@type\":\"ImageObject\",\"inLanguage\":\"hu\",\"@id\":\"https:\/\/kertigepalkatreszek.hu\/index.php\/termek\/wacker-bs-60-legszuro\/#primaryimage\",\"url\":\"https:\/\/i0.wp.com\/kertigepalkatreszek.hu\/wp-content\/uploads\/2022\/12\/gyari_wacker_legszuro_960342673787498.jpg?fit=810%2C984&ssl=1\",\"contentUrl\":\"https:\/\/i0.wp.com\/kertigepalkatreszek.hu\/wp-content\/uploads\/2022\/12\/gyari_wacker_legszuro_960342673787498.jpg?fit=810%2C984&ssl=1\",\"width\":810,\"height\":984},{\"@type\":\"BreadcrumbList\",\"@id\":\"https:\/\/kertigepalkatreszek.hu\/index.php\/termek\/wacker-bs-60-legszuro\/#breadcrumb\",\"itemListElement\":[{\"@type\":\"ListItem\",\"position\":1,\"name\":\"Kezd\u0151lap\",\"item\":\"https:\/\/kertigepalkatreszek.hu\/\"},{\"@type\":\"ListItem\",\"position\":2,\"name\":\"\u00dczlet\",\"item\":\"https:\/\/kertigepalkatreszek.hu\/index.php\/uzlet\/\"},{\"@type\":\"ListItem\",\"position\":3,\"name\":\"Wacker bs 60 l\u00e9gsz\u0171r\u0151 gy\u00e1ri\"}]},{\"@type\":\"WebSite\",\"@id\":\"https:\/\/kertigepalkatreszek.hu\/#website\",\"url\":\"https:\/\/kertigepalkatreszek.hu\/\",\"name\":\"Kertig\u00e9palkatr\u00e9szek.hu\",\"description\":\"\",\"potentialAction\":[{\"@type\":\"SearchAction\",\"target\":{\"@type\":\"EntryPoint\",\"urlTemplate\":\"https:\/\/kertigepalkatreszek.hu\/?s={search_term_string}\"},\"query-input\":\"required name=search_term_string\"}],\"inLanguage\":\"hu\"}]}<\/script>\n<!-- \/ Yoast SEO plugin. -->","yoast_head_json":{"title":"Wacker bs 60 l\u00e9gsz\u0171r\u0151 gy\u00e1ri - Kertig\u00e9palkatr\u00e9szek.hu","robots":{"index":"index","follow":"follow","max-snippet":"max-snippet:-1","max-image-preview":"max-image-preview:large","max-video-preview":"max-video-preview:-1"},"canonical":"https:\/\/kertigepalkatreszek.hu\/index.php\/termek\/wacker-bs-60-legszuro\/","og_locale":"hu_HU","og_type":"article","og_title":"Wacker bs 60 l\u00e9gsz\u0171r\u0151 gy\u00e1ri - Kertig\u00e9palkatr\u00e9szek.hu","og_description":"Wacker BS50-2\/BS60-2\/BS70-2 t\u00edpus\u00fa g\u00e9phez leveg\u0151sz\u0171r\u0151 bet\u00e9t. Hossz: 168mm Sz\u00e9less\u00e9g: 96,5mm Magass\u00e1g: 53,5mm Cikksz\u00e1m: KL-70","og_url":"https:\/\/kertigepalkatreszek.hu\/index.php\/termek\/wacker-bs-60-legszuro\/","og_site_name":"Kertig\u00e9palkatr\u00e9szek.hu","article_modified_time":"2025-08-06T12:59:19+00:00","og_image":[{"width":810,"height":984,"url":"https:\/\/kertigepalkatreszek.hu\/wp-content\/uploads\/2022\/12\/gyari_wacker_legszuro_960342673787498.jpg","type":"image\/jpeg"}],"twitter_card":"summary_large_image","schema":{"@context":"https:\/\/schema.org","@graph":[{"@type":"WebPage","@id":"https:\/\/kertigepalkatreszek.hu\/index.php\/termek\/wacker-bs-60-legszuro\/","url":"https:\/\/kertigepalkatreszek.hu\/index.php\/termek\/wacker-bs-60-legszuro\/","name":"Wacker bs 60 l\u00e9gsz\u0171r\u0151 gy\u00e1ri - Kertig\u00e9palkatr\u00e9szek.hu","isPartOf":{"@id":"https:\/\/kertigepalkatreszek.hu\/#website"},"primaryImageOfPage":{"@id":"https:\/\/kertigepalkatreszek.hu\/index.php\/termek\/wacker-bs-60-legszuro\/#primaryimage"},"image":{"@id":"https:\/\/kertigepalkatreszek.hu\/index.php\/termek\/wacker-bs-60-legszuro\/#primaryimage"},"thumbnailUrl":"https:\/\/i0.wp.com\/kertigepalkatreszek.hu\/wp-content\/uploads\/2022\/12\/gyari_wacker_legszuro_960342673787498.jpg?fit=810%2C984&ssl=1","datePublished":"2022-12-08T15:10:23+00:00","dateModified":"2025-08-06T12:59:19+00:00","breadcrumb":{"@id":"https:\/\/kertigepalkatreszek.hu\/index.php\/termek\/wacker-bs-60-legszuro\/#breadcrumb"},"inLanguage":"hu","potentialAction":[{"@type":"ReadAction","target":["https:\/\/kertigepalkatreszek.hu\/index.php\/termek\/wacker-bs-60-legszuro\/"]}]},{"@type":"ImageObject","inLanguage":"hu","@id":"https:\/\/kertigepalkatreszek.hu\/index.php\/termek\/wacker-bs-60-legszuro\/#primaryimage","url":"https:\/\/i0.wp.com\/kertigepalkatreszek.hu\/wp-content\/uploads\/2022\/12\/gyari_wacker_legszuro_960342673787498.jpg?fit=810%2C984&ssl=1","contentUrl":"https:\/\/i0.wp.com\/kertigepalkatreszek.hu\/wp-content\/uploads\/2022\/12\/gyari_wacker_legszuro_960342673787498.jpg?fit=810%2C984&ssl=1","width":810,"height":984},{"@type":"BreadcrumbList","@id":"https:\/\/kertigepalkatreszek.hu\/index.php\/termek\/wacker-bs-60-legszuro\/#breadcrumb","itemListElement":[{"@type":"ListItem","position":1,"name":"Kezd\u0151lap","item":"https:\/\/kertigepalkatreszek.hu\/"},{"@type":"ListItem","position":2,"name":"\u00dczlet","item":"https:\/\/kertigepalkatreszek.hu\/index.php\/uzlet\/"},{"@type":"ListItem","position":3,"name":"Wacker bs 60 l\u00e9gsz\u0171r\u0151 gy\u00e1ri"}]},{"@type":"WebSite","@id":"https:\/\/kertigepalkatreszek.hu\/#website","url":"https:\/\/kertigepalkatreszek.hu\/","name":"Kertig\u00e9palkatr\u00e9szek.hu","description":"","potentialAction":[{"@type":"SearchAction","target":{"@type":"EntryPoint","urlTemplate":"https:\/\/kertigepalkatreszek.hu\/?s={search_term_string}"},"query-input":"required name=search_term_string"}],"inLanguage":"hu"}]}},"jetpack_sharing_enabled":true,"_links":{"self":[{"href":"https:\/\/kertigepalkatreszek.hu\/index.php\/wp-json\/wp\/v2\/product\/2398","targetHints":{"allow":["GET"]}}],"collection":[{"href":"https:\/\/kertigepalkatreszek.hu\/index.php\/wp-json\/wp\/v2\/product"}],"about":[{"href":"https:\/\/kertigepalkatreszek.hu\/index.php\/wp-json\/wp\/v2\/types\/product"}],"replies":[{"embeddable":true,"href":"https:\/\/kertigepalkatreszek.hu\/index.php\/wp-json\/wp\/v2\/comments?post=2398"}],"wp:featuredmedia":[{"embeddable":true,"href":"https:\/\/kertigepalkatreszek.hu\/index.php\/wp-json\/wp\/v2\/media\/11285"}],"wp:attachment":[{"href":"https:\/\/kertigepalkatreszek.hu\/index.php\/wp-json\/wp\/v2\/media?parent=2398"}],"wp:term":[{"taxonomy":"product_cat","embeddable":true,"href":"https:\/\/kertigepalkatreszek.hu\/index.php\/wp-json\/wp\/v2\/product_cat?post=2398"},{"taxonomy":"product_tag","embeddable":true,"href":"https:\/\/kertigepalkatreszek.hu\/index.php\/wp-json\/wp\/v2\/product_tag?post=2398"}],"curies":[{"name":"wp","href":"https:\/\/api.w.org\/{rel}","templated":true}]}}