{"id":3951,"date":"2023-08-18T12:28:38","date_gmt":"2023-08-18T12:28:38","guid":{"rendered":"https:\/\/kertigepalkatreszek.hu\/?post_type=product&#038;p=3951"},"modified":"2023-08-18T12:28:38","modified_gmt":"2023-08-18T12:28:38","slug":"simson-mofa-funyiro-uj-henger","status":"publish","type":"product","link":"https:\/\/kertigepalkatreszek.hu\/index.php\/termek\/simson-mofa-funyiro-uj-henger\/","title":{"rendered":"Simson Mofa f\u0171ny\u00edr\u00f3 \u00faj henger"},"content":{"rendered":"<h3>Elad\u00f3 gy\u00e1ri simson f\u0171ny\u00edr\u00f3 henger szett<\/h3>\n","protected":false},"excerpt":{"rendered":"<p>Elad\u00f3 gy\u00e1ri simson f\u0171ny\u00edr\u00f3 henger szett<\/p>\n","protected":false},"featured_media":0,"comment_status":"open","ping_status":"closed","template":"","meta":[],"product_cat":[45],"product_tag":[],"class_list":{"0":"post-3951","1":"product","2":"type-product","3":"status-publish","5":"product_cat-egyeb","7":"first","8":"instock","9":"shipping-taxable","10":"purchasable","11":"product-type-simple"},"yoast_head":"<!-- This site is optimized with the Yoast SEO plugin v22.9 - https:\/\/yoast.com\/wordpress\/plugins\/seo\/ -->\n<title>Simson Mofa f\u0171ny\u00edr\u00f3 \u00faj henger - Kertig\u00e9palkatr\u00e9szek.hu<\/title>\n<meta name=\"robots\" content=\"index, follow, max-snippet:-1, max-image-preview:large, max-video-preview:-1\" \/>\n<link rel=\"canonical\" href=\"https:\/\/kertigepalkatreszek.hu\/index.php\/termek\/simson-mofa-funyiro-uj-henger\/\" \/>\n<meta property=\"og:locale\" content=\"hu_HU\" \/>\n<meta property=\"og:type\" content=\"article\" \/>\n<meta property=\"og:title\" content=\"Simson Mofa f\u0171ny\u00edr\u00f3 \u00faj henger - Kertig\u00e9palkatr\u00e9szek.hu\" \/>\n<meta property=\"og:description\" content=\"Elad\u00f3 gy\u00e1ri simson f\u0171ny\u00edr\u00f3 henger szett\" \/>\n<meta property=\"og:url\" content=\"https:\/\/kertigepalkatreszek.hu\/index.php\/termek\/simson-mofa-funyiro-uj-henger\/\" \/>\n<meta property=\"og:site_name\" content=\"Kertig\u00e9palkatr\u00e9szek.hu\" \/>\n<meta property=\"og:image\" content=\"https:\/\/kertigepalkatreszek.hu\/wp-content\/uploads\/2023\/08\/Simson_mofa_funyiro_uj_henger_708972336794576.jpg\" \/>\n\t<meta property=\"og:image:width\" content=\"810\" \/>\n\t<meta property=\"og:image:height\" content=\"1080\" \/>\n\t<meta property=\"og:image:type\" content=\"image\/jpeg\" \/>\n<meta name=\"twitter:card\" content=\"summary_large_image\" \/>\n<script type=\"application\/ld+json\" class=\"yoast-schema-graph\">{\"@context\":\"https:\/\/schema.org\",\"@graph\":[{\"@type\":\"WebPage\",\"@id\":\"https:\/\/kertigepalkatreszek.hu\/index.php\/termek\/simson-mofa-funyiro-uj-henger\/\",\"url\":\"https:\/\/kertigepalkatreszek.hu\/index.php\/termek\/simson-mofa-funyiro-uj-henger\/\",\"name\":\"Simson Mofa f\u0171ny\u00edr\u00f3 \u00faj henger - Kertig\u00e9palkatr\u00e9szek.hu\",\"isPartOf\":{\"@id\":\"https:\/\/kertigepalkatreszek.hu\/#website\"},\"datePublished\":\"2023-08-18T12:28:38+00:00\",\"dateModified\":\"2023-08-18T12:28:38+00:00\",\"breadcrumb\":{\"@id\":\"https:\/\/kertigepalkatreszek.hu\/index.php\/termek\/simson-mofa-funyiro-uj-henger\/#breadcrumb\"},\"inLanguage\":\"hu\",\"potentialAction\":[{\"@type\":\"ReadAction\",\"target\":[\"https:\/\/kertigepalkatreszek.hu\/index.php\/termek\/simson-mofa-funyiro-uj-henger\/\"]}]},{\"@type\":\"BreadcrumbList\",\"@id\":\"https:\/\/kertigepalkatreszek.hu\/index.php\/termek\/simson-mofa-funyiro-uj-henger\/#breadcrumb\",\"itemListElement\":[{\"@type\":\"ListItem\",\"position\":1,\"name\":\"Kezd\u0151lap\",\"item\":\"https:\/\/kertigepalkatreszek.hu\/\"},{\"@type\":\"ListItem\",\"position\":2,\"name\":\"\u00dczlet\",\"item\":\"https:\/\/kertigepalkatreszek.hu\/index.php\/uzlet\/\"},{\"@type\":\"ListItem\",\"position\":3,\"name\":\"Simson Mofa f\u0171ny\u00edr\u00f3 \u00faj henger\"}]},{\"@type\":\"WebSite\",\"@id\":\"https:\/\/kertigepalkatreszek.hu\/#website\",\"url\":\"https:\/\/kertigepalkatreszek.hu\/\",\"name\":\"Kertig\u00e9palkatr\u00e9szek.hu\",\"description\":\"\",\"potentialAction\":[{\"@type\":\"SearchAction\",\"target\":{\"@type\":\"EntryPoint\",\"urlTemplate\":\"https:\/\/kertigepalkatreszek.hu\/?s={search_term_string}\"},\"query-input\":\"required name=search_term_string\"}],\"inLanguage\":\"hu\"}]}<\/script>\n<!-- \/ Yoast SEO plugin. -->","yoast_head_json":{"title":"Simson Mofa f\u0171ny\u00edr\u00f3 \u00faj henger - Kertig\u00e9palkatr\u00e9szek.hu","robots":{"index":"index","follow":"follow","max-snippet":"max-snippet:-1","max-image-preview":"max-image-preview:large","max-video-preview":"max-video-preview:-1"},"canonical":"https:\/\/kertigepalkatreszek.hu\/index.php\/termek\/simson-mofa-funyiro-uj-henger\/","og_locale":"hu_HU","og_type":"article","og_title":"Simson Mofa f\u0171ny\u00edr\u00f3 \u00faj henger - Kertig\u00e9palkatr\u00e9szek.hu","og_description":"Elad\u00f3 gy\u00e1ri simson f\u0171ny\u00edr\u00f3 henger szett","og_url":"https:\/\/kertigepalkatreszek.hu\/index.php\/termek\/simson-mofa-funyiro-uj-henger\/","og_site_name":"Kertig\u00e9palkatr\u00e9szek.hu","og_image":[{"width":810,"height":1080,"url":"https:\/\/kertigepalkatreszek.hu\/wp-content\/uploads\/2023\/08\/Simson_mofa_funyiro_uj_henger_708972336794576.jpg","type":"image\/jpeg"}],"twitter_card":"summary_large_image","schema":{"@context":"https:\/\/schema.org","@graph":[{"@type":"WebPage","@id":"https:\/\/kertigepalkatreszek.hu\/index.php\/termek\/simson-mofa-funyiro-uj-henger\/","url":"https:\/\/kertigepalkatreszek.hu\/index.php\/termek\/simson-mofa-funyiro-uj-henger\/","name":"Simson Mofa f\u0171ny\u00edr\u00f3 \u00faj henger - Kertig\u00e9palkatr\u00e9szek.hu","isPartOf":{"@id":"https:\/\/kertigepalkatreszek.hu\/#website"},"datePublished":"2023-08-18T12:28:38+00:00","dateModified":"2023-08-18T12:28:38+00:00","breadcrumb":{"@id":"https:\/\/kertigepalkatreszek.hu\/index.php\/termek\/simson-mofa-funyiro-uj-henger\/#breadcrumb"},"inLanguage":"hu","potentialAction":[{"@type":"ReadAction","target":["https:\/\/kertigepalkatreszek.hu\/index.php\/termek\/simson-mofa-funyiro-uj-henger\/"]}]},{"@type":"BreadcrumbList","@id":"https:\/\/kertigepalkatreszek.hu\/index.php\/termek\/simson-mofa-funyiro-uj-henger\/#breadcrumb","itemListElement":[{"@type":"ListItem","position":1,"name":"Kezd\u0151lap","item":"https:\/\/kertigepalkatreszek.hu\/"},{"@type":"ListItem","position":2,"name":"\u00dczlet","item":"https:\/\/kertigepalkatreszek.hu\/index.php\/uzlet\/"},{"@type":"ListItem","position":3,"name":"Simson Mofa f\u0171ny\u00edr\u00f3 \u00faj henger"}]},{"@type":"WebSite","@id":"https:\/\/kertigepalkatreszek.hu\/#website","url":"https:\/\/kertigepalkatreszek.hu\/","name":"Kertig\u00e9palkatr\u00e9szek.hu","description":"","potentialAction":[{"@type":"SearchAction","target":{"@type":"EntryPoint","urlTemplate":"https:\/\/kertigepalkatreszek.hu\/?s={search_term_string}"},"query-input":"required name=search_term_string"}],"inLanguage":"hu"}]}},"jetpack_sharing_enabled":true,"_links":{"self":[{"href":"https:\/\/kertigepalkatreszek.hu\/index.php\/wp-json\/wp\/v2\/product\/3951","targetHints":{"allow":["GET"]}}],"collection":[{"href":"https:\/\/kertigepalkatreszek.hu\/index.php\/wp-json\/wp\/v2\/product"}],"about":[{"href":"https:\/\/kertigepalkatreszek.hu\/index.php\/wp-json\/wp\/v2\/types\/product"}],"replies":[{"embeddable":true,"href":"https:\/\/kertigepalkatreszek.hu\/index.php\/wp-json\/wp\/v2\/comments?post=3951"}],"wp:attachment":[{"href":"https:\/\/kertigepalkatreszek.hu\/index.php\/wp-json\/wp\/v2\/media?parent=3951"}],"wp:term":[{"taxonomy":"product_cat","embeddable":true,"href":"https:\/\/kertigepalkatreszek.hu\/index.php\/wp-json\/wp\/v2\/product_cat?post=3951"},{"taxonomy":"product_tag","embeddable":true,"href":"https:\/\/kertigepalkatreszek.hu\/index.php\/wp-json\/wp\/v2\/product_tag?post=3951"}],"curies":[{"name":"wp","href":"https:\/\/api.w.org\/{rel}","templated":true}]}}