{"id":4567,"date":"2023-09-26T08:12:51","date_gmt":"2023-09-26T08:12:51","guid":{"rendered":"https:\/\/kertigepalkatreszek.hu\/?post_type=product&#038;p=4567"},"modified":"2023-09-26T08:12:51","modified_gmt":"2023-09-26T08:12:51","slug":"briggs-v-2-gyari-onindito","status":"publish","type":"product","link":"https:\/\/kertigepalkatreszek.hu\/index.php\/termek\/briggs-v-2-gyari-onindito\/","title":{"rendered":"Briggs V 2 gy\u00e1ri \u00f6nind\u00edt\u00f3"},"content":{"rendered":"<pre><strong>Elad\u00f3 gy\u00e1ri \u00fajszer\u0171 \u00f6nind\u00edt\u00f3. <\/strong><\/pre>\n<pre><strong>Fogak sz\u00e1ma 15<\/strong><\/pre>\n<pre><strong>Sorozatsz\u00e1m: 592407<\/strong><\/pre>\n","protected":false},"excerpt":{"rendered":"<p>Elad\u00f3 gy\u00e1ri \u00fajszer\u0171 \u00f6nind\u00edt\u00f3. Fogak sz\u00e1ma 15 Sorozatsz\u00e1m: 592407<\/p>\n","protected":false},"featured_media":4569,"comment_status":"open","ping_status":"closed","template":"","meta":[],"product_cat":[54],"product_tag":[],"class_list":{"0":"post-4567","1":"product","2":"type-product","3":"status-publish","4":"has-post-thumbnail","6":"product_cat-briggs","8":"first","9":"instock","10":"shipping-taxable","11":"purchasable","12":"product-type-simple"},"yoast_head":"<!-- This site is optimized with the Yoast SEO plugin v22.9 - https:\/\/yoast.com\/wordpress\/plugins\/seo\/ -->\n<title>Briggs V 2 gy\u00e1ri \u00f6nind\u00edt\u00f3 - Kertig\u00e9palkatr\u00e9szek.hu<\/title>\n<meta name=\"robots\" content=\"index, follow, max-snippet:-1, max-image-preview:large, max-video-preview:-1\" \/>\n<link rel=\"canonical\" href=\"https:\/\/kertigepalkatreszek.hu\/index.php\/termek\/briggs-v-2-gyari-onindito\/\" \/>\n<meta property=\"og:locale\" content=\"hu_HU\" \/>\n<meta property=\"og:type\" content=\"article\" \/>\n<meta property=\"og:title\" content=\"Briggs V 2 gy\u00e1ri \u00f6nind\u00edt\u00f3 - Kertig\u00e9palkatr\u00e9szek.hu\" \/>\n<meta property=\"og:description\" content=\"Elad\u00f3 gy\u00e1ri \u00fajszer\u0171 \u00f6nind\u00edt\u00f3. Fogak sz\u00e1ma 15 Sorozatsz\u00e1m: 592407\" \/>\n<meta property=\"og:url\" content=\"https:\/\/kertigepalkatreszek.hu\/index.php\/termek\/briggs-v-2-gyari-onindito\/\" \/>\n<meta property=\"og:site_name\" content=\"Kertig\u00e9palkatr\u00e9szek.hu\" \/>\n<meta property=\"og:image\" content=\"https:\/\/kertigepalkatreszek.hu\/wp-content\/uploads\/2023\/09\/Screenshot_20230926_101038.jpg\" \/>\n\t<meta property=\"og:image:width\" content=\"1080\" \/>\n\t<meta property=\"og:image:height\" content=\"2408\" \/>\n\t<meta property=\"og:image:type\" content=\"image\/jpeg\" \/>\n<meta name=\"twitter:card\" content=\"summary_large_image\" \/>\n<script type=\"application\/ld+json\" class=\"yoast-schema-graph\">{\"@context\":\"https:\/\/schema.org\",\"@graph\":[{\"@type\":\"WebPage\",\"@id\":\"https:\/\/kertigepalkatreszek.hu\/index.php\/termek\/briggs-v-2-gyari-onindito\/\",\"url\":\"https:\/\/kertigepalkatreszek.hu\/index.php\/termek\/briggs-v-2-gyari-onindito\/\",\"name\":\"Briggs V 2 gy\u00e1ri \u00f6nind\u00edt\u00f3 - Kertig\u00e9palkatr\u00e9szek.hu\",\"isPartOf\":{\"@id\":\"https:\/\/kertigepalkatreszek.hu\/#website\"},\"primaryImageOfPage\":{\"@id\":\"https:\/\/kertigepalkatreszek.hu\/index.php\/termek\/briggs-v-2-gyari-onindito\/#primaryimage\"},\"image\":{\"@id\":\"https:\/\/kertigepalkatreszek.hu\/index.php\/termek\/briggs-v-2-gyari-onindito\/#primaryimage\"},\"thumbnailUrl\":\"https:\/\/i0.wp.com\/kertigepalkatreszek.hu\/wp-content\/uploads\/2023\/09\/Screenshot_20230926_101038.jpg?fit=1080%2C2408&ssl=1\",\"datePublished\":\"2023-09-26T08:12:51+00:00\",\"dateModified\":\"2023-09-26T08:12:51+00:00\",\"breadcrumb\":{\"@id\":\"https:\/\/kertigepalkatreszek.hu\/index.php\/termek\/briggs-v-2-gyari-onindito\/#breadcrumb\"},\"inLanguage\":\"hu\",\"potentialAction\":[{\"@type\":\"ReadAction\",\"target\":[\"https:\/\/kertigepalkatreszek.hu\/index.php\/termek\/briggs-v-2-gyari-onindito\/\"]}]},{\"@type\":\"ImageObject\",\"inLanguage\":\"hu\",\"@id\":\"https:\/\/kertigepalkatreszek.hu\/index.php\/termek\/briggs-v-2-gyari-onindito\/#primaryimage\",\"url\":\"https:\/\/i0.wp.com\/kertigepalkatreszek.hu\/wp-content\/uploads\/2023\/09\/Screenshot_20230926_101038.jpg?fit=1080%2C2408&ssl=1\",\"contentUrl\":\"https:\/\/i0.wp.com\/kertigepalkatreszek.hu\/wp-content\/uploads\/2023\/09\/Screenshot_20230926_101038.jpg?fit=1080%2C2408&ssl=1\",\"width\":1080,\"height\":2408},{\"@type\":\"BreadcrumbList\",\"@id\":\"https:\/\/kertigepalkatreszek.hu\/index.php\/termek\/briggs-v-2-gyari-onindito\/#breadcrumb\",\"itemListElement\":[{\"@type\":\"ListItem\",\"position\":1,\"name\":\"Kezd\u0151lap\",\"item\":\"https:\/\/kertigepalkatreszek.hu\/\"},{\"@type\":\"ListItem\",\"position\":2,\"name\":\"\u00dczlet\",\"item\":\"https:\/\/kertigepalkatreszek.hu\/index.php\/uzlet\/\"},{\"@type\":\"ListItem\",\"position\":3,\"name\":\"Briggs V 2 gy\u00e1ri \u00f6nind\u00edt\u00f3\"}]},{\"@type\":\"WebSite\",\"@id\":\"https:\/\/kertigepalkatreszek.hu\/#website\",\"url\":\"https:\/\/kertigepalkatreszek.hu\/\",\"name\":\"Kertig\u00e9palkatr\u00e9szek.hu\",\"description\":\"\",\"potentialAction\":[{\"@type\":\"SearchAction\",\"target\":{\"@type\":\"EntryPoint\",\"urlTemplate\":\"https:\/\/kertigepalkatreszek.hu\/?s={search_term_string}\"},\"query-input\":\"required name=search_term_string\"}],\"inLanguage\":\"hu\"}]}<\/script>\n<!-- \/ Yoast SEO plugin. -->","yoast_head_json":{"title":"Briggs V 2 gy\u00e1ri \u00f6nind\u00edt\u00f3 - Kertig\u00e9palkatr\u00e9szek.hu","robots":{"index":"index","follow":"follow","max-snippet":"max-snippet:-1","max-image-preview":"max-image-preview:large","max-video-preview":"max-video-preview:-1"},"canonical":"https:\/\/kertigepalkatreszek.hu\/index.php\/termek\/briggs-v-2-gyari-onindito\/","og_locale":"hu_HU","og_type":"article","og_title":"Briggs V 2 gy\u00e1ri \u00f6nind\u00edt\u00f3 - Kertig\u00e9palkatr\u00e9szek.hu","og_description":"Elad\u00f3 gy\u00e1ri \u00fajszer\u0171 \u00f6nind\u00edt\u00f3. Fogak sz\u00e1ma 15 Sorozatsz\u00e1m: 592407","og_url":"https:\/\/kertigepalkatreszek.hu\/index.php\/termek\/briggs-v-2-gyari-onindito\/","og_site_name":"Kertig\u00e9palkatr\u00e9szek.hu","og_image":[{"width":1080,"height":2408,"url":"https:\/\/kertigepalkatreszek.hu\/wp-content\/uploads\/2023\/09\/Screenshot_20230926_101038.jpg","type":"image\/jpeg"}],"twitter_card":"summary_large_image","schema":{"@context":"https:\/\/schema.org","@graph":[{"@type":"WebPage","@id":"https:\/\/kertigepalkatreszek.hu\/index.php\/termek\/briggs-v-2-gyari-onindito\/","url":"https:\/\/kertigepalkatreszek.hu\/index.php\/termek\/briggs-v-2-gyari-onindito\/","name":"Briggs V 2 gy\u00e1ri \u00f6nind\u00edt\u00f3 - Kertig\u00e9palkatr\u00e9szek.hu","isPartOf":{"@id":"https:\/\/kertigepalkatreszek.hu\/#website"},"primaryImageOfPage":{"@id":"https:\/\/kertigepalkatreszek.hu\/index.php\/termek\/briggs-v-2-gyari-onindito\/#primaryimage"},"image":{"@id":"https:\/\/kertigepalkatreszek.hu\/index.php\/termek\/briggs-v-2-gyari-onindito\/#primaryimage"},"thumbnailUrl":"https:\/\/i0.wp.com\/kertigepalkatreszek.hu\/wp-content\/uploads\/2023\/09\/Screenshot_20230926_101038.jpg?fit=1080%2C2408&ssl=1","datePublished":"2023-09-26T08:12:51+00:00","dateModified":"2023-09-26T08:12:51+00:00","breadcrumb":{"@id":"https:\/\/kertigepalkatreszek.hu\/index.php\/termek\/briggs-v-2-gyari-onindito\/#breadcrumb"},"inLanguage":"hu","potentialAction":[{"@type":"ReadAction","target":["https:\/\/kertigepalkatreszek.hu\/index.php\/termek\/briggs-v-2-gyari-onindito\/"]}]},{"@type":"ImageObject","inLanguage":"hu","@id":"https:\/\/kertigepalkatreszek.hu\/index.php\/termek\/briggs-v-2-gyari-onindito\/#primaryimage","url":"https:\/\/i0.wp.com\/kertigepalkatreszek.hu\/wp-content\/uploads\/2023\/09\/Screenshot_20230926_101038.jpg?fit=1080%2C2408&ssl=1","contentUrl":"https:\/\/i0.wp.com\/kertigepalkatreszek.hu\/wp-content\/uploads\/2023\/09\/Screenshot_20230926_101038.jpg?fit=1080%2C2408&ssl=1","width":1080,"height":2408},{"@type":"BreadcrumbList","@id":"https:\/\/kertigepalkatreszek.hu\/index.php\/termek\/briggs-v-2-gyari-onindito\/#breadcrumb","itemListElement":[{"@type":"ListItem","position":1,"name":"Kezd\u0151lap","item":"https:\/\/kertigepalkatreszek.hu\/"},{"@type":"ListItem","position":2,"name":"\u00dczlet","item":"https:\/\/kertigepalkatreszek.hu\/index.php\/uzlet\/"},{"@type":"ListItem","position":3,"name":"Briggs V 2 gy\u00e1ri \u00f6nind\u00edt\u00f3"}]},{"@type":"WebSite","@id":"https:\/\/kertigepalkatreszek.hu\/#website","url":"https:\/\/kertigepalkatreszek.hu\/","name":"Kertig\u00e9palkatr\u00e9szek.hu","description":"","potentialAction":[{"@type":"SearchAction","target":{"@type":"EntryPoint","urlTemplate":"https:\/\/kertigepalkatreszek.hu\/?s={search_term_string}"},"query-input":"required name=search_term_string"}],"inLanguage":"hu"}]}},"jetpack_sharing_enabled":true,"_links":{"self":[{"href":"https:\/\/kertigepalkatreszek.hu\/index.php\/wp-json\/wp\/v2\/product\/4567","targetHints":{"allow":["GET"]}}],"collection":[{"href":"https:\/\/kertigepalkatreszek.hu\/index.php\/wp-json\/wp\/v2\/product"}],"about":[{"href":"https:\/\/kertigepalkatreszek.hu\/index.php\/wp-json\/wp\/v2\/types\/product"}],"replies":[{"embeddable":true,"href":"https:\/\/kertigepalkatreszek.hu\/index.php\/wp-json\/wp\/v2\/comments?post=4567"}],"wp:featuredmedia":[{"embeddable":true,"href":"https:\/\/kertigepalkatreszek.hu\/index.php\/wp-json\/wp\/v2\/media\/4569"}],"wp:attachment":[{"href":"https:\/\/kertigepalkatreszek.hu\/index.php\/wp-json\/wp\/v2\/media?parent=4567"}],"wp:term":[{"taxonomy":"product_cat","embeddable":true,"href":"https:\/\/kertigepalkatreszek.hu\/index.php\/wp-json\/wp\/v2\/product_cat?post=4567"},{"taxonomy":"product_tag","embeddable":true,"href":"https:\/\/kertigepalkatreszek.hu\/index.php\/wp-json\/wp\/v2\/product_tag?post=4567"}],"curies":[{"name":"wp","href":"https:\/\/api.w.org\/{rel}","templated":true}]}}