{"id":7345,"date":"2024-06-20T12:04:09","date_gmt":"2024-06-20T12:04:09","guid":{"rendered":"https:\/\/kertigepalkatreszek.hu\/?post_type=product&#038;p=7345"},"modified":"2026-04-13T15:39:21","modified_gmt":"2026-04-13T15:39:21","slug":"ujszeru-einhell-funyirovaz","status":"publish","type":"product","link":"https:\/\/kertigepalkatreszek.hu\/index.php\/termek\/ujszeru-einhell-funyirovaz\/","title":{"rendered":"\u00dajszer\u0171 Einhell f\u0171ny\u00edr\u00f3v\u00e1z"},"content":{"rendered":"<pre>Elad\u00f3 \u00fajszer\u0171 f\u0171ny\u00edr\u00f3v\u00e1z.\r\n\u00d6nj\u00e1r\u00f3s, ac\u00e9lv\u00e1z\u00fa, k\u00f6zponti magass\u00e1g \u00e1ll\u00edt\u00f3 a k\u00e9nyelmes f\u0171ny\u00edr\u00e1shoz!<\/pre>\n","protected":false},"excerpt":{"rendered":"<p>Elad\u00f3 \u00fajszer\u0171 f\u0171ny\u00edr\u00f3v\u00e1z. \u00d6nj\u00e1r\u00f3s, ac\u00e9lv\u00e1z\u00fa, k\u00f6zponti magass\u00e1g \u00e1ll\u00edt\u00f3 a k\u00e9nyelmes f\u0171ny\u00edr\u00e1shoz!<\/p>\n","protected":false},"featured_media":7346,"comment_status":"open","ping_status":"closed","template":"","meta":[],"product_cat":[79],"product_tag":[],"class_list":{"0":"post-7345","1":"product","2":"type-product","3":"status-publish","4":"has-post-thumbnail","6":"product_cat-funyirok-s-alkatreszek","8":"first","9":"outofstock","10":"shipping-taxable","11":"purchasable","12":"product-type-simple"},"yoast_head":"<!-- This site is optimized with the Yoast SEO plugin v22.9 - https:\/\/yoast.com\/wordpress\/plugins\/seo\/ -->\n<title>\u00dajszer\u0171 Einhell f\u0171ny\u00edr\u00f3v\u00e1z - Kertig\u00e9palkatr\u00e9szek.hu<\/title>\n<meta name=\"robots\" content=\"index, follow, max-snippet:-1, max-image-preview:large, max-video-preview:-1\" \/>\n<link rel=\"canonical\" href=\"https:\/\/kertigepalkatreszek.hu\/index.php\/termek\/ujszeru-einhell-funyirovaz\/\" \/>\n<meta property=\"og:locale\" content=\"hu_HU\" \/>\n<meta property=\"og:type\" content=\"article\" \/>\n<meta property=\"og:title\" content=\"\u00dajszer\u0171 Einhell f\u0171ny\u00edr\u00f3v\u00e1z - Kertig\u00e9palkatr\u00e9szek.hu\" \/>\n<meta property=\"og:description\" content=\"Elad\u00f3 \u00fajszer\u0171 f\u0171ny\u00edr\u00f3v\u00e1z. \u00d6nj\u00e1r\u00f3s, ac\u00e9lv\u00e1z\u00fa, k\u00f6zponti magass\u00e1g \u00e1ll\u00edt\u00f3 a k\u00e9nyelmes f\u0171ny\u00edr\u00e1shoz!\" \/>\n<meta property=\"og:url\" content=\"https:\/\/kertigepalkatreszek.hu\/index.php\/termek\/ujszeru-einhell-funyirovaz\/\" \/>\n<meta property=\"og:site_name\" content=\"Kertig\u00e9palkatr\u00e9szek.hu\" \/>\n<meta property=\"article:modified_time\" content=\"2026-04-13T15:39:21+00:00\" \/>\n<meta property=\"og:image\" content=\"https:\/\/kertigepalkatreszek.hu\/wp-content\/uploads\/2024\/06\/Ujszeru_Einhell_funyirovaz__396712487126161-e1718885014495.jpg\" \/>\n\t<meta property=\"og:image:width\" content=\"1080\" \/>\n\t<meta property=\"og:image:height\" content=\"1035\" \/>\n\t<meta property=\"og:image:type\" content=\"image\/jpeg\" \/>\n<meta name=\"twitter:card\" content=\"summary_large_image\" \/>\n<script type=\"application\/ld+json\" class=\"yoast-schema-graph\">{\"@context\":\"https:\/\/schema.org\",\"@graph\":[{\"@type\":\"WebPage\",\"@id\":\"https:\/\/kertigepalkatreszek.hu\/index.php\/termek\/ujszeru-einhell-funyirovaz\/\",\"url\":\"https:\/\/kertigepalkatreszek.hu\/index.php\/termek\/ujszeru-einhell-funyirovaz\/\",\"name\":\"\u00dajszer\u0171 Einhell f\u0171ny\u00edr\u00f3v\u00e1z - Kertig\u00e9palkatr\u00e9szek.hu\",\"isPartOf\":{\"@id\":\"https:\/\/kertigepalkatreszek.hu\/#website\"},\"primaryImageOfPage\":{\"@id\":\"https:\/\/kertigepalkatreszek.hu\/index.php\/termek\/ujszeru-einhell-funyirovaz\/#primaryimage\"},\"image\":{\"@id\":\"https:\/\/kertigepalkatreszek.hu\/index.php\/termek\/ujszeru-einhell-funyirovaz\/#primaryimage\"},\"thumbnailUrl\":\"https:\/\/i0.wp.com\/kertigepalkatreszek.hu\/wp-content\/uploads\/2024\/06\/Ujszeru_Einhell_funyirovaz__396712487126161-e1718885014495.jpg?fit=1080%2C1035&ssl=1\",\"datePublished\":\"2024-06-20T12:04:09+00:00\",\"dateModified\":\"2026-04-13T15:39:21+00:00\",\"breadcrumb\":{\"@id\":\"https:\/\/kertigepalkatreszek.hu\/index.php\/termek\/ujszeru-einhell-funyirovaz\/#breadcrumb\"},\"inLanguage\":\"hu\",\"potentialAction\":[{\"@type\":\"ReadAction\",\"target\":[\"https:\/\/kertigepalkatreszek.hu\/index.php\/termek\/ujszeru-einhell-funyirovaz\/\"]}]},{\"@type\":\"ImageObject\",\"inLanguage\":\"hu\",\"@id\":\"https:\/\/kertigepalkatreszek.hu\/index.php\/termek\/ujszeru-einhell-funyirovaz\/#primaryimage\",\"url\":\"https:\/\/i0.wp.com\/kertigepalkatreszek.hu\/wp-content\/uploads\/2024\/06\/Ujszeru_Einhell_funyirovaz__396712487126161-e1718885014495.jpg?fit=1080%2C1035&ssl=1\",\"contentUrl\":\"https:\/\/i0.wp.com\/kertigepalkatreszek.hu\/wp-content\/uploads\/2024\/06\/Ujszeru_Einhell_funyirovaz__396712487126161-e1718885014495.jpg?fit=1080%2C1035&ssl=1\",\"width\":1080,\"height\":1035},{\"@type\":\"BreadcrumbList\",\"@id\":\"https:\/\/kertigepalkatreszek.hu\/index.php\/termek\/ujszeru-einhell-funyirovaz\/#breadcrumb\",\"itemListElement\":[{\"@type\":\"ListItem\",\"position\":1,\"name\":\"Kezd\u0151lap\",\"item\":\"https:\/\/kertigepalkatreszek.hu\/\"},{\"@type\":\"ListItem\",\"position\":2,\"name\":\"\u00dczlet\",\"item\":\"https:\/\/kertigepalkatreszek.hu\/index.php\/uzlet\/\"},{\"@type\":\"ListItem\",\"position\":3,\"name\":\"\u00dajszer\u0171 Einhell f\u0171ny\u00edr\u00f3v\u00e1z\"}]},{\"@type\":\"WebSite\",\"@id\":\"https:\/\/kertigepalkatreszek.hu\/#website\",\"url\":\"https:\/\/kertigepalkatreszek.hu\/\",\"name\":\"Kertig\u00e9palkatr\u00e9szek.hu\",\"description\":\"\",\"potentialAction\":[{\"@type\":\"SearchAction\",\"target\":{\"@type\":\"EntryPoint\",\"urlTemplate\":\"https:\/\/kertigepalkatreszek.hu\/?s={search_term_string}\"},\"query-input\":\"required name=search_term_string\"}],\"inLanguage\":\"hu\"}]}<\/script>\n<!-- \/ Yoast SEO plugin. -->","yoast_head_json":{"title":"\u00dajszer\u0171 Einhell f\u0171ny\u00edr\u00f3v\u00e1z - Kertig\u00e9palkatr\u00e9szek.hu","robots":{"index":"index","follow":"follow","max-snippet":"max-snippet:-1","max-image-preview":"max-image-preview:large","max-video-preview":"max-video-preview:-1"},"canonical":"https:\/\/kertigepalkatreszek.hu\/index.php\/termek\/ujszeru-einhell-funyirovaz\/","og_locale":"hu_HU","og_type":"article","og_title":"\u00dajszer\u0171 Einhell f\u0171ny\u00edr\u00f3v\u00e1z - Kertig\u00e9palkatr\u00e9szek.hu","og_description":"Elad\u00f3 \u00fajszer\u0171 f\u0171ny\u00edr\u00f3v\u00e1z. \u00d6nj\u00e1r\u00f3s, ac\u00e9lv\u00e1z\u00fa, k\u00f6zponti magass\u00e1g \u00e1ll\u00edt\u00f3 a k\u00e9nyelmes f\u0171ny\u00edr\u00e1shoz!","og_url":"https:\/\/kertigepalkatreszek.hu\/index.php\/termek\/ujszeru-einhell-funyirovaz\/","og_site_name":"Kertig\u00e9palkatr\u00e9szek.hu","article_modified_time":"2026-04-13T15:39:21+00:00","og_image":[{"width":1080,"height":1035,"url":"https:\/\/kertigepalkatreszek.hu\/wp-content\/uploads\/2024\/06\/Ujszeru_Einhell_funyirovaz__396712487126161-e1718885014495.jpg","type":"image\/jpeg"}],"twitter_card":"summary_large_image","schema":{"@context":"https:\/\/schema.org","@graph":[{"@type":"WebPage","@id":"https:\/\/kertigepalkatreszek.hu\/index.php\/termek\/ujszeru-einhell-funyirovaz\/","url":"https:\/\/kertigepalkatreszek.hu\/index.php\/termek\/ujszeru-einhell-funyirovaz\/","name":"\u00dajszer\u0171 Einhell f\u0171ny\u00edr\u00f3v\u00e1z - Kertig\u00e9palkatr\u00e9szek.hu","isPartOf":{"@id":"https:\/\/kertigepalkatreszek.hu\/#website"},"primaryImageOfPage":{"@id":"https:\/\/kertigepalkatreszek.hu\/index.php\/termek\/ujszeru-einhell-funyirovaz\/#primaryimage"},"image":{"@id":"https:\/\/kertigepalkatreszek.hu\/index.php\/termek\/ujszeru-einhell-funyirovaz\/#primaryimage"},"thumbnailUrl":"https:\/\/i0.wp.com\/kertigepalkatreszek.hu\/wp-content\/uploads\/2024\/06\/Ujszeru_Einhell_funyirovaz__396712487126161-e1718885014495.jpg?fit=1080%2C1035&ssl=1","datePublished":"2024-06-20T12:04:09+00:00","dateModified":"2026-04-13T15:39:21+00:00","breadcrumb":{"@id":"https:\/\/kertigepalkatreszek.hu\/index.php\/termek\/ujszeru-einhell-funyirovaz\/#breadcrumb"},"inLanguage":"hu","potentialAction":[{"@type":"ReadAction","target":["https:\/\/kertigepalkatreszek.hu\/index.php\/termek\/ujszeru-einhell-funyirovaz\/"]}]},{"@type":"ImageObject","inLanguage":"hu","@id":"https:\/\/kertigepalkatreszek.hu\/index.php\/termek\/ujszeru-einhell-funyirovaz\/#primaryimage","url":"https:\/\/i0.wp.com\/kertigepalkatreszek.hu\/wp-content\/uploads\/2024\/06\/Ujszeru_Einhell_funyirovaz__396712487126161-e1718885014495.jpg?fit=1080%2C1035&ssl=1","contentUrl":"https:\/\/i0.wp.com\/kertigepalkatreszek.hu\/wp-content\/uploads\/2024\/06\/Ujszeru_Einhell_funyirovaz__396712487126161-e1718885014495.jpg?fit=1080%2C1035&ssl=1","width":1080,"height":1035},{"@type":"BreadcrumbList","@id":"https:\/\/kertigepalkatreszek.hu\/index.php\/termek\/ujszeru-einhell-funyirovaz\/#breadcrumb","itemListElement":[{"@type":"ListItem","position":1,"name":"Kezd\u0151lap","item":"https:\/\/kertigepalkatreszek.hu\/"},{"@type":"ListItem","position":2,"name":"\u00dczlet","item":"https:\/\/kertigepalkatreszek.hu\/index.php\/uzlet\/"},{"@type":"ListItem","position":3,"name":"\u00dajszer\u0171 Einhell f\u0171ny\u00edr\u00f3v\u00e1z"}]},{"@type":"WebSite","@id":"https:\/\/kertigepalkatreszek.hu\/#website","url":"https:\/\/kertigepalkatreszek.hu\/","name":"Kertig\u00e9palkatr\u00e9szek.hu","description":"","potentialAction":[{"@type":"SearchAction","target":{"@type":"EntryPoint","urlTemplate":"https:\/\/kertigepalkatreszek.hu\/?s={search_term_string}"},"query-input":"required name=search_term_string"}],"inLanguage":"hu"}]}},"jetpack_sharing_enabled":true,"_links":{"self":[{"href":"https:\/\/kertigepalkatreszek.hu\/index.php\/wp-json\/wp\/v2\/product\/7345","targetHints":{"allow":["GET"]}}],"collection":[{"href":"https:\/\/kertigepalkatreszek.hu\/index.php\/wp-json\/wp\/v2\/product"}],"about":[{"href":"https:\/\/kertigepalkatreszek.hu\/index.php\/wp-json\/wp\/v2\/types\/product"}],"replies":[{"embeddable":true,"href":"https:\/\/kertigepalkatreszek.hu\/index.php\/wp-json\/wp\/v2\/comments?post=7345"}],"wp:featuredmedia":[{"embeddable":true,"href":"https:\/\/kertigepalkatreszek.hu\/index.php\/wp-json\/wp\/v2\/media\/7346"}],"wp:attachment":[{"href":"https:\/\/kertigepalkatreszek.hu\/index.php\/wp-json\/wp\/v2\/media?parent=7345"}],"wp:term":[{"taxonomy":"product_cat","embeddable":true,"href":"https:\/\/kertigepalkatreszek.hu\/index.php\/wp-json\/wp\/v2\/product_cat?post=7345"},{"taxonomy":"product_tag","embeddable":true,"href":"https:\/\/kertigepalkatreszek.hu\/index.php\/wp-json\/wp\/v2\/product_tag?post=7345"}],"curies":[{"name":"wp","href":"https:\/\/api.w.org\/{rel}","templated":true}]}}