{"id":7589,"date":"2024-07-03T14:16:44","date_gmt":"2024-07-03T14:16:44","guid":{"rendered":"https:\/\/kertigepalkatreszek.hu\/?post_type=product&#038;p=7589"},"modified":"2024-07-03T14:16:45","modified_gmt":"2024-07-03T14:16:45","slug":"toro-funyiro-traktor-csapagy","status":"publish","type":"product","link":"https:\/\/kertigepalkatreszek.hu\/index.php\/termek\/toro-funyiro-traktor-csapagy\/","title":{"rendered":"Toro f\u0171ny\u00edr\u00f3 traktor csap\u00e1gy"},"content":{"rendered":"<p>Elad\u00f3 csap\u00e1gy.<br \/>\nM\u00e9retek:<br \/>\nFurat 19mm<br \/>\nK\u00fcls\u0151 \u00e1tm\u00e9r\u0151 52mm<br \/>\nTeljes magass\u00e1g 31mm<\/p>\n<pre>Cikksz\u00e1m: B.\u00e9p\u00fclet D5<\/pre>\n","protected":false},"excerpt":{"rendered":"<p>Elad\u00f3 csap\u00e1gy. M\u00e9retek: Furat 19mm K\u00fcls\u0151 \u00e1tm\u00e9r\u0151 52mm Teljes magass\u00e1g 31mm Cikksz\u00e1m: B.\u00e9p\u00fclet D5<\/p>\n","protected":false},"featured_media":7590,"comment_status":"open","ping_status":"closed","template":"","meta":[],"product_cat":[84],"product_tag":[],"class_list":{"0":"post-7589","1":"product","2":"type-product","3":"status-publish","4":"has-post-thumbnail","6":"product_cat-szimeringek-csapagyak","8":"first","9":"instock","10":"shipping-taxable","11":"purchasable","12":"product-type-simple"},"yoast_head":"<!-- This site is optimized with the Yoast SEO plugin v22.9 - https:\/\/yoast.com\/wordpress\/plugins\/seo\/ -->\n<title>Toro f\u0171ny\u00edr\u00f3 traktor csap\u00e1gy - Kertig\u00e9palkatr\u00e9szek.hu<\/title>\n<meta name=\"robots\" content=\"index, follow, max-snippet:-1, max-image-preview:large, max-video-preview:-1\" \/>\n<link rel=\"canonical\" href=\"https:\/\/kertigepalkatreszek.hu\/index.php\/termek\/toro-funyiro-traktor-csapagy\/\" \/>\n<meta property=\"og:locale\" content=\"hu_HU\" \/>\n<meta property=\"og:type\" content=\"article\" \/>\n<meta property=\"og:title\" content=\"Toro f\u0171ny\u00edr\u00f3 traktor csap\u00e1gy - Kertig\u00e9palkatr\u00e9szek.hu\" \/>\n<meta property=\"og:description\" content=\"Elad\u00f3 csap\u00e1gy. M\u00e9retek: Furat 19mm K\u00fcls\u0151 \u00e1tm\u00e9r\u0151 52mm Teljes magass\u00e1g 31mm Cikksz\u00e1m: B.\u00e9p\u00fclet D5\" \/>\n<meta property=\"og:url\" content=\"https:\/\/kertigepalkatreszek.hu\/index.php\/termek\/toro-funyiro-traktor-csapagy\/\" \/>\n<meta property=\"og:site_name\" content=\"Kertig\u00e9palkatr\u00e9szek.hu\" \/>\n<meta property=\"article:modified_time\" content=\"2024-07-03T14:16:45+00:00\" \/>\n<meta property=\"og:image\" content=\"https:\/\/kertigepalkatreszek.hu\/wp-content\/uploads\/2024\/07\/Toro_funyiro_traktor_csapagy_677662491608569-e1720016162200.jpg\" \/>\n\t<meta property=\"og:image:width\" content=\"1080\" \/>\n\t<meta property=\"og:image:height\" content=\"1027\" \/>\n\t<meta property=\"og:image:type\" content=\"image\/jpeg\" \/>\n<meta name=\"twitter:card\" content=\"summary_large_image\" \/>\n<script type=\"application\/ld+json\" class=\"yoast-schema-graph\">{\"@context\":\"https:\/\/schema.org\",\"@graph\":[{\"@type\":\"WebPage\",\"@id\":\"https:\/\/kertigepalkatreszek.hu\/index.php\/termek\/toro-funyiro-traktor-csapagy\/\",\"url\":\"https:\/\/kertigepalkatreszek.hu\/index.php\/termek\/toro-funyiro-traktor-csapagy\/\",\"name\":\"Toro f\u0171ny\u00edr\u00f3 traktor csap\u00e1gy - Kertig\u00e9palkatr\u00e9szek.hu\",\"isPartOf\":{\"@id\":\"https:\/\/kertigepalkatreszek.hu\/#website\"},\"primaryImageOfPage\":{\"@id\":\"https:\/\/kertigepalkatreszek.hu\/index.php\/termek\/toro-funyiro-traktor-csapagy\/#primaryimage\"},\"image\":{\"@id\":\"https:\/\/kertigepalkatreszek.hu\/index.php\/termek\/toro-funyiro-traktor-csapagy\/#primaryimage\"},\"thumbnailUrl\":\"https:\/\/i0.wp.com\/kertigepalkatreszek.hu\/wp-content\/uploads\/2024\/07\/Toro_funyiro_traktor_csapagy_677662491608569-e1720016162200.jpg?fit=1080%2C1027&ssl=1\",\"datePublished\":\"2024-07-03T14:16:44+00:00\",\"dateModified\":\"2024-07-03T14:16:45+00:00\",\"breadcrumb\":{\"@id\":\"https:\/\/kertigepalkatreszek.hu\/index.php\/termek\/toro-funyiro-traktor-csapagy\/#breadcrumb\"},\"inLanguage\":\"hu\",\"potentialAction\":[{\"@type\":\"ReadAction\",\"target\":[\"https:\/\/kertigepalkatreszek.hu\/index.php\/termek\/toro-funyiro-traktor-csapagy\/\"]}]},{\"@type\":\"ImageObject\",\"inLanguage\":\"hu\",\"@id\":\"https:\/\/kertigepalkatreszek.hu\/index.php\/termek\/toro-funyiro-traktor-csapagy\/#primaryimage\",\"url\":\"https:\/\/i0.wp.com\/kertigepalkatreszek.hu\/wp-content\/uploads\/2024\/07\/Toro_funyiro_traktor_csapagy_677662491608569-e1720016162200.jpg?fit=1080%2C1027&ssl=1\",\"contentUrl\":\"https:\/\/i0.wp.com\/kertigepalkatreszek.hu\/wp-content\/uploads\/2024\/07\/Toro_funyiro_traktor_csapagy_677662491608569-e1720016162200.jpg?fit=1080%2C1027&ssl=1\",\"width\":1080,\"height\":1027},{\"@type\":\"BreadcrumbList\",\"@id\":\"https:\/\/kertigepalkatreszek.hu\/index.php\/termek\/toro-funyiro-traktor-csapagy\/#breadcrumb\",\"itemListElement\":[{\"@type\":\"ListItem\",\"position\":1,\"name\":\"Kezd\u0151lap\",\"item\":\"https:\/\/kertigepalkatreszek.hu\/\"},{\"@type\":\"ListItem\",\"position\":2,\"name\":\"\u00dczlet\",\"item\":\"https:\/\/kertigepalkatreszek.hu\/index.php\/uzlet\/\"},{\"@type\":\"ListItem\",\"position\":3,\"name\":\"Toro f\u0171ny\u00edr\u00f3 traktor csap\u00e1gy\"}]},{\"@type\":\"WebSite\",\"@id\":\"https:\/\/kertigepalkatreszek.hu\/#website\",\"url\":\"https:\/\/kertigepalkatreszek.hu\/\",\"name\":\"Kertig\u00e9palkatr\u00e9szek.hu\",\"description\":\"\",\"potentialAction\":[{\"@type\":\"SearchAction\",\"target\":{\"@type\":\"EntryPoint\",\"urlTemplate\":\"https:\/\/kertigepalkatreszek.hu\/?s={search_term_string}\"},\"query-input\":\"required name=search_term_string\"}],\"inLanguage\":\"hu\"}]}<\/script>\n<!-- \/ Yoast SEO plugin. -->","yoast_head_json":{"title":"Toro f\u0171ny\u00edr\u00f3 traktor csap\u00e1gy - Kertig\u00e9palkatr\u00e9szek.hu","robots":{"index":"index","follow":"follow","max-snippet":"max-snippet:-1","max-image-preview":"max-image-preview:large","max-video-preview":"max-video-preview:-1"},"canonical":"https:\/\/kertigepalkatreszek.hu\/index.php\/termek\/toro-funyiro-traktor-csapagy\/","og_locale":"hu_HU","og_type":"article","og_title":"Toro f\u0171ny\u00edr\u00f3 traktor csap\u00e1gy - Kertig\u00e9palkatr\u00e9szek.hu","og_description":"Elad\u00f3 csap\u00e1gy. M\u00e9retek: Furat 19mm K\u00fcls\u0151 \u00e1tm\u00e9r\u0151 52mm Teljes magass\u00e1g 31mm Cikksz\u00e1m: B.\u00e9p\u00fclet D5","og_url":"https:\/\/kertigepalkatreszek.hu\/index.php\/termek\/toro-funyiro-traktor-csapagy\/","og_site_name":"Kertig\u00e9palkatr\u00e9szek.hu","article_modified_time":"2024-07-03T14:16:45+00:00","og_image":[{"width":1080,"height":1027,"url":"https:\/\/kertigepalkatreszek.hu\/wp-content\/uploads\/2024\/07\/Toro_funyiro_traktor_csapagy_677662491608569-e1720016162200.jpg","type":"image\/jpeg"}],"twitter_card":"summary_large_image","schema":{"@context":"https:\/\/schema.org","@graph":[{"@type":"WebPage","@id":"https:\/\/kertigepalkatreszek.hu\/index.php\/termek\/toro-funyiro-traktor-csapagy\/","url":"https:\/\/kertigepalkatreszek.hu\/index.php\/termek\/toro-funyiro-traktor-csapagy\/","name":"Toro f\u0171ny\u00edr\u00f3 traktor csap\u00e1gy - Kertig\u00e9palkatr\u00e9szek.hu","isPartOf":{"@id":"https:\/\/kertigepalkatreszek.hu\/#website"},"primaryImageOfPage":{"@id":"https:\/\/kertigepalkatreszek.hu\/index.php\/termek\/toro-funyiro-traktor-csapagy\/#primaryimage"},"image":{"@id":"https:\/\/kertigepalkatreszek.hu\/index.php\/termek\/toro-funyiro-traktor-csapagy\/#primaryimage"},"thumbnailUrl":"https:\/\/i0.wp.com\/kertigepalkatreszek.hu\/wp-content\/uploads\/2024\/07\/Toro_funyiro_traktor_csapagy_677662491608569-e1720016162200.jpg?fit=1080%2C1027&ssl=1","datePublished":"2024-07-03T14:16:44+00:00","dateModified":"2024-07-03T14:16:45+00:00","breadcrumb":{"@id":"https:\/\/kertigepalkatreszek.hu\/index.php\/termek\/toro-funyiro-traktor-csapagy\/#breadcrumb"},"inLanguage":"hu","potentialAction":[{"@type":"ReadAction","target":["https:\/\/kertigepalkatreszek.hu\/index.php\/termek\/toro-funyiro-traktor-csapagy\/"]}]},{"@type":"ImageObject","inLanguage":"hu","@id":"https:\/\/kertigepalkatreszek.hu\/index.php\/termek\/toro-funyiro-traktor-csapagy\/#primaryimage","url":"https:\/\/i0.wp.com\/kertigepalkatreszek.hu\/wp-content\/uploads\/2024\/07\/Toro_funyiro_traktor_csapagy_677662491608569-e1720016162200.jpg?fit=1080%2C1027&ssl=1","contentUrl":"https:\/\/i0.wp.com\/kertigepalkatreszek.hu\/wp-content\/uploads\/2024\/07\/Toro_funyiro_traktor_csapagy_677662491608569-e1720016162200.jpg?fit=1080%2C1027&ssl=1","width":1080,"height":1027},{"@type":"BreadcrumbList","@id":"https:\/\/kertigepalkatreszek.hu\/index.php\/termek\/toro-funyiro-traktor-csapagy\/#breadcrumb","itemListElement":[{"@type":"ListItem","position":1,"name":"Kezd\u0151lap","item":"https:\/\/kertigepalkatreszek.hu\/"},{"@type":"ListItem","position":2,"name":"\u00dczlet","item":"https:\/\/kertigepalkatreszek.hu\/index.php\/uzlet\/"},{"@type":"ListItem","position":3,"name":"Toro f\u0171ny\u00edr\u00f3 traktor csap\u00e1gy"}]},{"@type":"WebSite","@id":"https:\/\/kertigepalkatreszek.hu\/#website","url":"https:\/\/kertigepalkatreszek.hu\/","name":"Kertig\u00e9palkatr\u00e9szek.hu","description":"","potentialAction":[{"@type":"SearchAction","target":{"@type":"EntryPoint","urlTemplate":"https:\/\/kertigepalkatreszek.hu\/?s={search_term_string}"},"query-input":"required name=search_term_string"}],"inLanguage":"hu"}]}},"jetpack_sharing_enabled":true,"_links":{"self":[{"href":"https:\/\/kertigepalkatreszek.hu\/index.php\/wp-json\/wp\/v2\/product\/7589","targetHints":{"allow":["GET"]}}],"collection":[{"href":"https:\/\/kertigepalkatreszek.hu\/index.php\/wp-json\/wp\/v2\/product"}],"about":[{"href":"https:\/\/kertigepalkatreszek.hu\/index.php\/wp-json\/wp\/v2\/types\/product"}],"replies":[{"embeddable":true,"href":"https:\/\/kertigepalkatreszek.hu\/index.php\/wp-json\/wp\/v2\/comments?post=7589"}],"wp:featuredmedia":[{"embeddable":true,"href":"https:\/\/kertigepalkatreszek.hu\/index.php\/wp-json\/wp\/v2\/media\/7590"}],"wp:attachment":[{"href":"https:\/\/kertigepalkatreszek.hu\/index.php\/wp-json\/wp\/v2\/media?parent=7589"}],"wp:term":[{"taxonomy":"product_cat","embeddable":true,"href":"https:\/\/kertigepalkatreszek.hu\/index.php\/wp-json\/wp\/v2\/product_cat?post=7589"},{"taxonomy":"product_tag","embeddable":true,"href":"https:\/\/kertigepalkatreszek.hu\/index.php\/wp-json\/wp\/v2\/product_tag?post=7589"}],"curies":[{"name":"wp","href":"https:\/\/api.w.org\/{rel}","templated":true}]}}