{"id":8535,"date":"2024-09-05T11:32:03","date_gmt":"2024-09-05T11:32:03","guid":{"rendered":"https:\/\/kertigepalkatreszek.hu\/?post_type=product&#038;p=8535"},"modified":"2025-12-15T13:51:20","modified_gmt":"2025-12-15T13:51:20","slug":"terra-vari-dmj-315-szelkerek","status":"publish","type":"product","link":"https:\/\/kertigepalkatreszek.hu\/index.php\/termek\/terra-vari-dmj-315-szelkerek\/","title":{"rendered":"Terra Vari Dmj 315 sz\u00e9lker\u00e9k"},"content":{"rendered":"<pre>Terra ventil\u00e1tor ker\u00e9k sz\u00e9lker\u00e9k.\r\nAz alkatr\u00e9sz \u00fajszer\u0171.\r\nCikksz\u00e1m: Polc 60<\/pre>\n","protected":false},"excerpt":{"rendered":"<p>Terra ventil\u00e1tor ker\u00e9k sz\u00e9lker\u00e9k. Az alkatr\u00e9sz \u00fajszer\u0171. Cikksz\u00e1m: Polc 60<\/p>\n","protected":false},"featured_media":8538,"comment_status":"open","ping_status":"closed","template":"","meta":[],"product_cat":[46],"product_tag":[],"class_list":{"0":"post-8535","1":"product","2":"type-product","3":"status-publish","4":"has-post-thumbnail","6":"product_cat-terra","8":"first","9":"outofstock","10":"shipping-taxable","11":"purchasable","12":"product-type-simple"},"yoast_head":"<!-- This site is optimized with the Yoast SEO plugin v22.9 - https:\/\/yoast.com\/wordpress\/plugins\/seo\/ -->\n<title>Terra Vari Dmj 315 sz\u00e9lker\u00e9k - Kertig\u00e9palkatr\u00e9szek.hu<\/title>\n<meta name=\"robots\" content=\"index, follow, max-snippet:-1, max-image-preview:large, max-video-preview:-1\" \/>\n<link rel=\"canonical\" href=\"https:\/\/kertigepalkatreszek.hu\/index.php\/termek\/terra-vari-dmj-315-szelkerek\/\" \/>\n<meta property=\"og:locale\" content=\"hu_HU\" \/>\n<meta property=\"og:type\" content=\"article\" \/>\n<meta property=\"og:title\" content=\"Terra Vari Dmj 315 sz\u00e9lker\u00e9k - Kertig\u00e9palkatr\u00e9szek.hu\" \/>\n<meta property=\"og:description\" content=\"Terra ventil\u00e1tor ker\u00e9k sz\u00e9lker\u00e9k. Az alkatr\u00e9sz \u00fajszer\u0171. Cikksz\u00e1m: Polc 60\" \/>\n<meta property=\"og:url\" content=\"https:\/\/kertigepalkatreszek.hu\/index.php\/termek\/terra-vari-dmj-315-szelkerek\/\" \/>\n<meta property=\"og:site_name\" content=\"Kertig\u00e9palkatr\u00e9szek.hu\" \/>\n<meta property=\"article:modified_time\" content=\"2025-12-15T13:51:20+00:00\" \/>\n<meta property=\"og:image\" content=\"https:\/\/kertigepalkatreszek.hu\/wp-content\/uploads\/2024\/09\/Terra_vari_bmj_315_szelkerek_940102512508177-e1725535755186.jpg\" \/>\n\t<meta property=\"og:image:width\" content=\"809\" \/>\n\t<meta property=\"og:image:height\" content=\"606\" \/>\n\t<meta property=\"og:image:type\" content=\"image\/jpeg\" \/>\n<meta name=\"twitter:card\" content=\"summary_large_image\" \/>\n<script type=\"application\/ld+json\" class=\"yoast-schema-graph\">{\"@context\":\"https:\/\/schema.org\",\"@graph\":[{\"@type\":\"WebPage\",\"@id\":\"https:\/\/kertigepalkatreszek.hu\/index.php\/termek\/terra-vari-dmj-315-szelkerek\/\",\"url\":\"https:\/\/kertigepalkatreszek.hu\/index.php\/termek\/terra-vari-dmj-315-szelkerek\/\",\"name\":\"Terra Vari Dmj 315 sz\u00e9lker\u00e9k - Kertig\u00e9palkatr\u00e9szek.hu\",\"isPartOf\":{\"@id\":\"https:\/\/kertigepalkatreszek.hu\/#website\"},\"primaryImageOfPage\":{\"@id\":\"https:\/\/kertigepalkatreszek.hu\/index.php\/termek\/terra-vari-dmj-315-szelkerek\/#primaryimage\"},\"image\":{\"@id\":\"https:\/\/kertigepalkatreszek.hu\/index.php\/termek\/terra-vari-dmj-315-szelkerek\/#primaryimage\"},\"thumbnailUrl\":\"https:\/\/i0.wp.com\/kertigepalkatreszek.hu\/wp-content\/uploads\/2024\/09\/Terra_vari_bmj_315_szelkerek_940102512508177-e1725535755186.jpg?fit=809%2C606&ssl=1\",\"datePublished\":\"2024-09-05T11:32:03+00:00\",\"dateModified\":\"2025-12-15T13:51:20+00:00\",\"breadcrumb\":{\"@id\":\"https:\/\/kertigepalkatreszek.hu\/index.php\/termek\/terra-vari-dmj-315-szelkerek\/#breadcrumb\"},\"inLanguage\":\"hu\",\"potentialAction\":[{\"@type\":\"ReadAction\",\"target\":[\"https:\/\/kertigepalkatreszek.hu\/index.php\/termek\/terra-vari-dmj-315-szelkerek\/\"]}]},{\"@type\":\"ImageObject\",\"inLanguage\":\"hu\",\"@id\":\"https:\/\/kertigepalkatreszek.hu\/index.php\/termek\/terra-vari-dmj-315-szelkerek\/#primaryimage\",\"url\":\"https:\/\/i0.wp.com\/kertigepalkatreszek.hu\/wp-content\/uploads\/2024\/09\/Terra_vari_bmj_315_szelkerek_940102512508177-e1725535755186.jpg?fit=809%2C606&ssl=1\",\"contentUrl\":\"https:\/\/i0.wp.com\/kertigepalkatreszek.hu\/wp-content\/uploads\/2024\/09\/Terra_vari_bmj_315_szelkerek_940102512508177-e1725535755186.jpg?fit=809%2C606&ssl=1\",\"width\":809,\"height\":606},{\"@type\":\"BreadcrumbList\",\"@id\":\"https:\/\/kertigepalkatreszek.hu\/index.php\/termek\/terra-vari-dmj-315-szelkerek\/#breadcrumb\",\"itemListElement\":[{\"@type\":\"ListItem\",\"position\":1,\"name\":\"Kezd\u0151lap\",\"item\":\"https:\/\/kertigepalkatreszek.hu\/\"},{\"@type\":\"ListItem\",\"position\":2,\"name\":\"\u00dczlet\",\"item\":\"https:\/\/kertigepalkatreszek.hu\/index.php\/uzlet\/\"},{\"@type\":\"ListItem\",\"position\":3,\"name\":\"Terra Vari Dmj 315 sz\u00e9lker\u00e9k\"}]},{\"@type\":\"WebSite\",\"@id\":\"https:\/\/kertigepalkatreszek.hu\/#website\",\"url\":\"https:\/\/kertigepalkatreszek.hu\/\",\"name\":\"Kertig\u00e9palkatr\u00e9szek.hu\",\"description\":\"\",\"potentialAction\":[{\"@type\":\"SearchAction\",\"target\":{\"@type\":\"EntryPoint\",\"urlTemplate\":\"https:\/\/kertigepalkatreszek.hu\/?s={search_term_string}\"},\"query-input\":\"required name=search_term_string\"}],\"inLanguage\":\"hu\"}]}<\/script>\n<!-- \/ Yoast SEO plugin. -->","yoast_head_json":{"title":"Terra Vari Dmj 315 sz\u00e9lker\u00e9k - Kertig\u00e9palkatr\u00e9szek.hu","robots":{"index":"index","follow":"follow","max-snippet":"max-snippet:-1","max-image-preview":"max-image-preview:large","max-video-preview":"max-video-preview:-1"},"canonical":"https:\/\/kertigepalkatreszek.hu\/index.php\/termek\/terra-vari-dmj-315-szelkerek\/","og_locale":"hu_HU","og_type":"article","og_title":"Terra Vari Dmj 315 sz\u00e9lker\u00e9k - Kertig\u00e9palkatr\u00e9szek.hu","og_description":"Terra ventil\u00e1tor ker\u00e9k sz\u00e9lker\u00e9k. Az alkatr\u00e9sz \u00fajszer\u0171. Cikksz\u00e1m: Polc 60","og_url":"https:\/\/kertigepalkatreszek.hu\/index.php\/termek\/terra-vari-dmj-315-szelkerek\/","og_site_name":"Kertig\u00e9palkatr\u00e9szek.hu","article_modified_time":"2025-12-15T13:51:20+00:00","og_image":[{"width":809,"height":606,"url":"https:\/\/kertigepalkatreszek.hu\/wp-content\/uploads\/2024\/09\/Terra_vari_bmj_315_szelkerek_940102512508177-e1725535755186.jpg","type":"image\/jpeg"}],"twitter_card":"summary_large_image","schema":{"@context":"https:\/\/schema.org","@graph":[{"@type":"WebPage","@id":"https:\/\/kertigepalkatreszek.hu\/index.php\/termek\/terra-vari-dmj-315-szelkerek\/","url":"https:\/\/kertigepalkatreszek.hu\/index.php\/termek\/terra-vari-dmj-315-szelkerek\/","name":"Terra Vari Dmj 315 sz\u00e9lker\u00e9k - Kertig\u00e9palkatr\u00e9szek.hu","isPartOf":{"@id":"https:\/\/kertigepalkatreszek.hu\/#website"},"primaryImageOfPage":{"@id":"https:\/\/kertigepalkatreszek.hu\/index.php\/termek\/terra-vari-dmj-315-szelkerek\/#primaryimage"},"image":{"@id":"https:\/\/kertigepalkatreszek.hu\/index.php\/termek\/terra-vari-dmj-315-szelkerek\/#primaryimage"},"thumbnailUrl":"https:\/\/i0.wp.com\/kertigepalkatreszek.hu\/wp-content\/uploads\/2024\/09\/Terra_vari_bmj_315_szelkerek_940102512508177-e1725535755186.jpg?fit=809%2C606&ssl=1","datePublished":"2024-09-05T11:32:03+00:00","dateModified":"2025-12-15T13:51:20+00:00","breadcrumb":{"@id":"https:\/\/kertigepalkatreszek.hu\/index.php\/termek\/terra-vari-dmj-315-szelkerek\/#breadcrumb"},"inLanguage":"hu","potentialAction":[{"@type":"ReadAction","target":["https:\/\/kertigepalkatreszek.hu\/index.php\/termek\/terra-vari-dmj-315-szelkerek\/"]}]},{"@type":"ImageObject","inLanguage":"hu","@id":"https:\/\/kertigepalkatreszek.hu\/index.php\/termek\/terra-vari-dmj-315-szelkerek\/#primaryimage","url":"https:\/\/i0.wp.com\/kertigepalkatreszek.hu\/wp-content\/uploads\/2024\/09\/Terra_vari_bmj_315_szelkerek_940102512508177-e1725535755186.jpg?fit=809%2C606&ssl=1","contentUrl":"https:\/\/i0.wp.com\/kertigepalkatreszek.hu\/wp-content\/uploads\/2024\/09\/Terra_vari_bmj_315_szelkerek_940102512508177-e1725535755186.jpg?fit=809%2C606&ssl=1","width":809,"height":606},{"@type":"BreadcrumbList","@id":"https:\/\/kertigepalkatreszek.hu\/index.php\/termek\/terra-vari-dmj-315-szelkerek\/#breadcrumb","itemListElement":[{"@type":"ListItem","position":1,"name":"Kezd\u0151lap","item":"https:\/\/kertigepalkatreszek.hu\/"},{"@type":"ListItem","position":2,"name":"\u00dczlet","item":"https:\/\/kertigepalkatreszek.hu\/index.php\/uzlet\/"},{"@type":"ListItem","position":3,"name":"Terra Vari Dmj 315 sz\u00e9lker\u00e9k"}]},{"@type":"WebSite","@id":"https:\/\/kertigepalkatreszek.hu\/#website","url":"https:\/\/kertigepalkatreszek.hu\/","name":"Kertig\u00e9palkatr\u00e9szek.hu","description":"","potentialAction":[{"@type":"SearchAction","target":{"@type":"EntryPoint","urlTemplate":"https:\/\/kertigepalkatreszek.hu\/?s={search_term_string}"},"query-input":"required name=search_term_string"}],"inLanguage":"hu"}]}},"jetpack_sharing_enabled":true,"_links":{"self":[{"href":"https:\/\/kertigepalkatreszek.hu\/index.php\/wp-json\/wp\/v2\/product\/8535","targetHints":{"allow":["GET"]}}],"collection":[{"href":"https:\/\/kertigepalkatreszek.hu\/index.php\/wp-json\/wp\/v2\/product"}],"about":[{"href":"https:\/\/kertigepalkatreszek.hu\/index.php\/wp-json\/wp\/v2\/types\/product"}],"replies":[{"embeddable":true,"href":"https:\/\/kertigepalkatreszek.hu\/index.php\/wp-json\/wp\/v2\/comments?post=8535"}],"wp:featuredmedia":[{"embeddable":true,"href":"https:\/\/kertigepalkatreszek.hu\/index.php\/wp-json\/wp\/v2\/media\/8538"}],"wp:attachment":[{"href":"https:\/\/kertigepalkatreszek.hu\/index.php\/wp-json\/wp\/v2\/media?parent=8535"}],"wp:term":[{"taxonomy":"product_cat","embeddable":true,"href":"https:\/\/kertigepalkatreszek.hu\/index.php\/wp-json\/wp\/v2\/product_cat?post=8535"},{"taxonomy":"product_tag","embeddable":true,"href":"https:\/\/kertigepalkatreszek.hu\/index.php\/wp-json\/wp\/v2\/product_tag?post=8535"}],"curies":[{"name":"wp","href":"https:\/\/api.w.org\/{rel}","templated":true}]}}