{"id":9196,"date":"2024-10-17T14:09:16","date_gmt":"2024-10-17T14:09:16","guid":{"rendered":"https:\/\/kertigepalkatreszek.hu\/?post_type=product&#038;p=9196"},"modified":"2024-10-17T14:09:17","modified_gmt":"2024-10-17T14:09:17","slug":"talajmaro-kes-1","status":"publish","type":"product","link":"https:\/\/kertigepalkatreszek.hu\/index.php\/termek\/talajmaro-kes-1\/","title":{"rendered":"Talajmar\u00f3 k\u00e9s 1"},"content":{"rendered":"<pre>Elad\u00f3 \u00faj 20 jobbos- 20 balos kapa k\u00e9sek.\r\nAnyag vastags\u00e1g 5mm\r\n1700 ft\/db\r\n\r\nCikksz\u00e1m: B.\u00e9p\u00fclet k\u00e9sek<\/pre>\n","protected":false},"excerpt":{"rendered":"<p>Elad\u00f3 \u00faj 20 jobbos- 20 balos kapa k\u00e9sek. Anyag vastags\u00e1g 5mm 1700 ft\/db Cikksz\u00e1m: B.\u00e9p\u00fclet k\u00e9sek<\/p>\n","protected":false},"featured_media":9201,"comment_status":"open","ping_status":"closed","template":"","meta":[],"product_cat":[45],"product_tag":[],"class_list":{"0":"post-9196","1":"product","2":"type-product","3":"status-publish","4":"has-post-thumbnail","6":"product_cat-egyeb","8":"first","9":"instock","10":"shipping-taxable","11":"purchasable","12":"product-type-simple"},"yoast_head":"<!-- This site is optimized with the Yoast SEO plugin v22.9 - https:\/\/yoast.com\/wordpress\/plugins\/seo\/ -->\n<title>Talajmar\u00f3 k\u00e9s 1 - Kertig\u00e9palkatr\u00e9szek.hu<\/title>\n<meta name=\"robots\" content=\"index, follow, max-snippet:-1, max-image-preview:large, max-video-preview:-1\" \/>\n<link rel=\"canonical\" href=\"https:\/\/kertigepalkatreszek.hu\/index.php\/termek\/talajmaro-kes-1\/\" \/>\n<meta property=\"og:locale\" content=\"hu_HU\" \/>\n<meta property=\"og:type\" content=\"article\" \/>\n<meta property=\"og:title\" content=\"Talajmar\u00f3 k\u00e9s 1 - Kertig\u00e9palkatr\u00e9szek.hu\" \/>\n<meta property=\"og:description\" content=\"Elad\u00f3 \u00faj 20 jobbos- 20 balos kapa k\u00e9sek. Anyag vastags\u00e1g 5mm 1700 ft\/db Cikksz\u00e1m: B.\u00e9p\u00fclet k\u00e9sek\" \/>\n<meta property=\"og:url\" content=\"https:\/\/kertigepalkatreszek.hu\/index.php\/termek\/talajmaro-kes-1\/\" \/>\n<meta property=\"og:site_name\" content=\"Kertig\u00e9palkatr\u00e9szek.hu\" \/>\n<meta property=\"article:modified_time\" content=\"2024-10-17T14:09:17+00:00\" \/>\n<meta property=\"og:image\" content=\"https:\/\/kertigepalkatreszek.hu\/wp-content\/uploads\/2024\/10\/Talajmaro_kes_1_914292532207877-e1729174040481.jpg\" \/>\n\t<meta property=\"og:image:width\" content=\"1080\" \/>\n\t<meta property=\"og:image:height\" content=\"912\" \/>\n\t<meta property=\"og:image:type\" content=\"image\/jpeg\" \/>\n<meta name=\"twitter:card\" content=\"summary_large_image\" \/>\n<script type=\"application\/ld+json\" class=\"yoast-schema-graph\">{\"@context\":\"https:\/\/schema.org\",\"@graph\":[{\"@type\":\"WebPage\",\"@id\":\"https:\/\/kertigepalkatreszek.hu\/index.php\/termek\/talajmaro-kes-1\/\",\"url\":\"https:\/\/kertigepalkatreszek.hu\/index.php\/termek\/talajmaro-kes-1\/\",\"name\":\"Talajmar\u00f3 k\u00e9s 1 - Kertig\u00e9palkatr\u00e9szek.hu\",\"isPartOf\":{\"@id\":\"https:\/\/kertigepalkatreszek.hu\/#website\"},\"primaryImageOfPage\":{\"@id\":\"https:\/\/kertigepalkatreszek.hu\/index.php\/termek\/talajmaro-kes-1\/#primaryimage\"},\"image\":{\"@id\":\"https:\/\/kertigepalkatreszek.hu\/index.php\/termek\/talajmaro-kes-1\/#primaryimage\"},\"thumbnailUrl\":\"https:\/\/i0.wp.com\/kertigepalkatreszek.hu\/wp-content\/uploads\/2024\/10\/Talajmaro_kes_1_914292532207877-e1729174040481.jpg?fit=1080%2C912&ssl=1\",\"datePublished\":\"2024-10-17T14:09:16+00:00\",\"dateModified\":\"2024-10-17T14:09:17+00:00\",\"breadcrumb\":{\"@id\":\"https:\/\/kertigepalkatreszek.hu\/index.php\/termek\/talajmaro-kes-1\/#breadcrumb\"},\"inLanguage\":\"hu\",\"potentialAction\":[{\"@type\":\"ReadAction\",\"target\":[\"https:\/\/kertigepalkatreszek.hu\/index.php\/termek\/talajmaro-kes-1\/\"]}]},{\"@type\":\"ImageObject\",\"inLanguage\":\"hu\",\"@id\":\"https:\/\/kertigepalkatreszek.hu\/index.php\/termek\/talajmaro-kes-1\/#primaryimage\",\"url\":\"https:\/\/i0.wp.com\/kertigepalkatreszek.hu\/wp-content\/uploads\/2024\/10\/Talajmaro_kes_1_914292532207877-e1729174040481.jpg?fit=1080%2C912&ssl=1\",\"contentUrl\":\"https:\/\/i0.wp.com\/kertigepalkatreszek.hu\/wp-content\/uploads\/2024\/10\/Talajmaro_kes_1_914292532207877-e1729174040481.jpg?fit=1080%2C912&ssl=1\",\"width\":1080,\"height\":912},{\"@type\":\"BreadcrumbList\",\"@id\":\"https:\/\/kertigepalkatreszek.hu\/index.php\/termek\/talajmaro-kes-1\/#breadcrumb\",\"itemListElement\":[{\"@type\":\"ListItem\",\"position\":1,\"name\":\"Kezd\u0151lap\",\"item\":\"https:\/\/kertigepalkatreszek.hu\/\"},{\"@type\":\"ListItem\",\"position\":2,\"name\":\"\u00dczlet\",\"item\":\"https:\/\/kertigepalkatreszek.hu\/index.php\/uzlet\/\"},{\"@type\":\"ListItem\",\"position\":3,\"name\":\"Talajmar\u00f3 k\u00e9s 1\"}]},{\"@type\":\"WebSite\",\"@id\":\"https:\/\/kertigepalkatreszek.hu\/#website\",\"url\":\"https:\/\/kertigepalkatreszek.hu\/\",\"name\":\"Kertig\u00e9palkatr\u00e9szek.hu\",\"description\":\"\",\"potentialAction\":[{\"@type\":\"SearchAction\",\"target\":{\"@type\":\"EntryPoint\",\"urlTemplate\":\"https:\/\/kertigepalkatreszek.hu\/?s={search_term_string}\"},\"query-input\":\"required name=search_term_string\"}],\"inLanguage\":\"hu\"}]}<\/script>\n<!-- \/ Yoast SEO plugin. -->","yoast_head_json":{"title":"Talajmar\u00f3 k\u00e9s 1 - Kertig\u00e9palkatr\u00e9szek.hu","robots":{"index":"index","follow":"follow","max-snippet":"max-snippet:-1","max-image-preview":"max-image-preview:large","max-video-preview":"max-video-preview:-1"},"canonical":"https:\/\/kertigepalkatreszek.hu\/index.php\/termek\/talajmaro-kes-1\/","og_locale":"hu_HU","og_type":"article","og_title":"Talajmar\u00f3 k\u00e9s 1 - Kertig\u00e9palkatr\u00e9szek.hu","og_description":"Elad\u00f3 \u00faj 20 jobbos- 20 balos kapa k\u00e9sek. Anyag vastags\u00e1g 5mm 1700 ft\/db Cikksz\u00e1m: B.\u00e9p\u00fclet k\u00e9sek","og_url":"https:\/\/kertigepalkatreszek.hu\/index.php\/termek\/talajmaro-kes-1\/","og_site_name":"Kertig\u00e9palkatr\u00e9szek.hu","article_modified_time":"2024-10-17T14:09:17+00:00","og_image":[{"width":1080,"height":912,"url":"https:\/\/kertigepalkatreszek.hu\/wp-content\/uploads\/2024\/10\/Talajmaro_kes_1_914292532207877-e1729174040481.jpg","type":"image\/jpeg"}],"twitter_card":"summary_large_image","schema":{"@context":"https:\/\/schema.org","@graph":[{"@type":"WebPage","@id":"https:\/\/kertigepalkatreszek.hu\/index.php\/termek\/talajmaro-kes-1\/","url":"https:\/\/kertigepalkatreszek.hu\/index.php\/termek\/talajmaro-kes-1\/","name":"Talajmar\u00f3 k\u00e9s 1 - Kertig\u00e9palkatr\u00e9szek.hu","isPartOf":{"@id":"https:\/\/kertigepalkatreszek.hu\/#website"},"primaryImageOfPage":{"@id":"https:\/\/kertigepalkatreszek.hu\/index.php\/termek\/talajmaro-kes-1\/#primaryimage"},"image":{"@id":"https:\/\/kertigepalkatreszek.hu\/index.php\/termek\/talajmaro-kes-1\/#primaryimage"},"thumbnailUrl":"https:\/\/i0.wp.com\/kertigepalkatreszek.hu\/wp-content\/uploads\/2024\/10\/Talajmaro_kes_1_914292532207877-e1729174040481.jpg?fit=1080%2C912&ssl=1","datePublished":"2024-10-17T14:09:16+00:00","dateModified":"2024-10-17T14:09:17+00:00","breadcrumb":{"@id":"https:\/\/kertigepalkatreszek.hu\/index.php\/termek\/talajmaro-kes-1\/#breadcrumb"},"inLanguage":"hu","potentialAction":[{"@type":"ReadAction","target":["https:\/\/kertigepalkatreszek.hu\/index.php\/termek\/talajmaro-kes-1\/"]}]},{"@type":"ImageObject","inLanguage":"hu","@id":"https:\/\/kertigepalkatreszek.hu\/index.php\/termek\/talajmaro-kes-1\/#primaryimage","url":"https:\/\/i0.wp.com\/kertigepalkatreszek.hu\/wp-content\/uploads\/2024\/10\/Talajmaro_kes_1_914292532207877-e1729174040481.jpg?fit=1080%2C912&ssl=1","contentUrl":"https:\/\/i0.wp.com\/kertigepalkatreszek.hu\/wp-content\/uploads\/2024\/10\/Talajmaro_kes_1_914292532207877-e1729174040481.jpg?fit=1080%2C912&ssl=1","width":1080,"height":912},{"@type":"BreadcrumbList","@id":"https:\/\/kertigepalkatreszek.hu\/index.php\/termek\/talajmaro-kes-1\/#breadcrumb","itemListElement":[{"@type":"ListItem","position":1,"name":"Kezd\u0151lap","item":"https:\/\/kertigepalkatreszek.hu\/"},{"@type":"ListItem","position":2,"name":"\u00dczlet","item":"https:\/\/kertigepalkatreszek.hu\/index.php\/uzlet\/"},{"@type":"ListItem","position":3,"name":"Talajmar\u00f3 k\u00e9s 1"}]},{"@type":"WebSite","@id":"https:\/\/kertigepalkatreszek.hu\/#website","url":"https:\/\/kertigepalkatreszek.hu\/","name":"Kertig\u00e9palkatr\u00e9szek.hu","description":"","potentialAction":[{"@type":"SearchAction","target":{"@type":"EntryPoint","urlTemplate":"https:\/\/kertigepalkatreszek.hu\/?s={search_term_string}"},"query-input":"required name=search_term_string"}],"inLanguage":"hu"}]}},"jetpack_sharing_enabled":true,"_links":{"self":[{"href":"https:\/\/kertigepalkatreszek.hu\/index.php\/wp-json\/wp\/v2\/product\/9196","targetHints":{"allow":["GET"]}}],"collection":[{"href":"https:\/\/kertigepalkatreszek.hu\/index.php\/wp-json\/wp\/v2\/product"}],"about":[{"href":"https:\/\/kertigepalkatreszek.hu\/index.php\/wp-json\/wp\/v2\/types\/product"}],"replies":[{"embeddable":true,"href":"https:\/\/kertigepalkatreszek.hu\/index.php\/wp-json\/wp\/v2\/comments?post=9196"}],"wp:featuredmedia":[{"embeddable":true,"href":"https:\/\/kertigepalkatreszek.hu\/index.php\/wp-json\/wp\/v2\/media\/9201"}],"wp:attachment":[{"href":"https:\/\/kertigepalkatreszek.hu\/index.php\/wp-json\/wp\/v2\/media?parent=9196"}],"wp:term":[{"taxonomy":"product_cat","embeddable":true,"href":"https:\/\/kertigepalkatreszek.hu\/index.php\/wp-json\/wp\/v2\/product_cat?post=9196"},{"taxonomy":"product_tag","embeddable":true,"href":"https:\/\/kertigepalkatreszek.hu\/index.php\/wp-json\/wp\/v2\/product_tag?post=9196"}],"curies":[{"name":"wp","href":"https:\/\/api.w.org\/{rel}","templated":true}]}}