{"id":9603,"date":"2025-01-13T15:46:52","date_gmt":"2025-01-13T15:46:52","guid":{"rendered":"https:\/\/kertigepalkatreszek.hu\/?post_type=product&#038;p=9603"},"modified":"2025-01-13T15:46:52","modified_gmt":"2025-01-13T15:46:52","slug":"mtd-elektromos-funyiro-ventilator","status":"publish","type":"product","link":"https:\/\/kertigepalkatreszek.hu\/index.php\/termek\/mtd-elektromos-funyiro-ventilator\/","title":{"rendered":"Mtd elektromos f\u0171ny\u00edr\u00f3 ventil\u00e1tor"},"content":{"rendered":"<pre>F\u0171ny\u00edr\u00f3 motor ventil\u00e1tor FF327 , 1000 wattos motorra\r\nM\u00e9retek:\r\n\u00c1tm\u00e9r\u0151: 104 mm\r\nTengelym\u00e9ret: 13,8 mm\r\nCikksz\u00e1m: V-60<\/pre>\n","protected":false},"excerpt":{"rendered":"<p>F\u0171ny\u00edr\u00f3 motor ventil\u00e1tor FF327 , 1000 wattos motorra M\u00e9retek: \u00c1tm\u00e9r\u0151: 104 mm Tengelym\u00e9ret: 13,8 mm Cikksz\u00e1m: V-60<\/p>\n","protected":false},"featured_media":9605,"comment_status":"open","ping_status":"closed","template":"","meta":[],"product_cat":[57],"product_tag":[],"class_list":{"0":"post-9603","1":"product","2":"type-product","3":"status-publish","4":"has-post-thumbnail","6":"product_cat-mtd","8":"first","9":"instock","10":"shipping-taxable","11":"purchasable","12":"product-type-simple"},"yoast_head":"<!-- This site is optimized with the Yoast SEO plugin v22.9 - https:\/\/yoast.com\/wordpress\/plugins\/seo\/ -->\n<title>Mtd elektromos f\u0171ny\u00edr\u00f3 ventil\u00e1tor - Kertig\u00e9palkatr\u00e9szek.hu<\/title>\n<meta name=\"robots\" content=\"index, follow, max-snippet:-1, max-image-preview:large, max-video-preview:-1\" \/>\n<link rel=\"canonical\" href=\"https:\/\/kertigepalkatreszek.hu\/index.php\/termek\/mtd-elektromos-funyiro-ventilator\/\" \/>\n<meta property=\"og:locale\" content=\"hu_HU\" \/>\n<meta property=\"og:type\" content=\"article\" \/>\n<meta property=\"og:title\" content=\"Mtd elektromos f\u0171ny\u00edr\u00f3 ventil\u00e1tor - Kertig\u00e9palkatr\u00e9szek.hu\" \/>\n<meta property=\"og:description\" content=\"F\u0171ny\u00edr\u00f3 motor ventil\u00e1tor FF327 , 1000 wattos motorra M\u00e9retek: \u00c1tm\u00e9r\u0151: 104 mm Tengelym\u00e9ret: 13,8 mm Cikksz\u00e1m: V-60\" \/>\n<meta property=\"og:url\" content=\"https:\/\/kertigepalkatreszek.hu\/index.php\/termek\/mtd-elektromos-funyiro-ventilator\/\" \/>\n<meta property=\"og:site_name\" content=\"Kertig\u00e9palkatr\u00e9szek.hu\" \/>\n<meta property=\"og:image\" content=\"https:\/\/kertigepalkatreszek.hu\/wp-content\/uploads\/2025\/01\/Mtd_elektromos_funyiro_ventilator__426932572626068-e1736783048542.jpg\" \/>\n\t<meta property=\"og:image:width\" content=\"810\" \/>\n\t<meta property=\"og:image:height\" content=\"930\" \/>\n\t<meta property=\"og:image:type\" content=\"image\/jpeg\" \/>\n<meta name=\"twitter:card\" content=\"summary_large_image\" \/>\n<script type=\"application\/ld+json\" class=\"yoast-schema-graph\">{\"@context\":\"https:\/\/schema.org\",\"@graph\":[{\"@type\":\"WebPage\",\"@id\":\"https:\/\/kertigepalkatreszek.hu\/index.php\/termek\/mtd-elektromos-funyiro-ventilator\/\",\"url\":\"https:\/\/kertigepalkatreszek.hu\/index.php\/termek\/mtd-elektromos-funyiro-ventilator\/\",\"name\":\"Mtd elektromos f\u0171ny\u00edr\u00f3 ventil\u00e1tor - Kertig\u00e9palkatr\u00e9szek.hu\",\"isPartOf\":{\"@id\":\"https:\/\/kertigepalkatreszek.hu\/#website\"},\"primaryImageOfPage\":{\"@id\":\"https:\/\/kertigepalkatreszek.hu\/index.php\/termek\/mtd-elektromos-funyiro-ventilator\/#primaryimage\"},\"image\":{\"@id\":\"https:\/\/kertigepalkatreszek.hu\/index.php\/termek\/mtd-elektromos-funyiro-ventilator\/#primaryimage\"},\"thumbnailUrl\":\"https:\/\/i0.wp.com\/kertigepalkatreszek.hu\/wp-content\/uploads\/2025\/01\/Mtd_elektromos_funyiro_ventilator__426932572626068-e1736783048542.jpg?fit=810%2C930&ssl=1\",\"datePublished\":\"2025-01-13T15:46:52+00:00\",\"dateModified\":\"2025-01-13T15:46:52+00:00\",\"breadcrumb\":{\"@id\":\"https:\/\/kertigepalkatreszek.hu\/index.php\/termek\/mtd-elektromos-funyiro-ventilator\/#breadcrumb\"},\"inLanguage\":\"hu\",\"potentialAction\":[{\"@type\":\"ReadAction\",\"target\":[\"https:\/\/kertigepalkatreszek.hu\/index.php\/termek\/mtd-elektromos-funyiro-ventilator\/\"]}]},{\"@type\":\"ImageObject\",\"inLanguage\":\"hu\",\"@id\":\"https:\/\/kertigepalkatreszek.hu\/index.php\/termek\/mtd-elektromos-funyiro-ventilator\/#primaryimage\",\"url\":\"https:\/\/i0.wp.com\/kertigepalkatreszek.hu\/wp-content\/uploads\/2025\/01\/Mtd_elektromos_funyiro_ventilator__426932572626068-e1736783048542.jpg?fit=810%2C930&ssl=1\",\"contentUrl\":\"https:\/\/i0.wp.com\/kertigepalkatreszek.hu\/wp-content\/uploads\/2025\/01\/Mtd_elektromos_funyiro_ventilator__426932572626068-e1736783048542.jpg?fit=810%2C930&ssl=1\",\"width\":810,\"height\":930},{\"@type\":\"BreadcrumbList\",\"@id\":\"https:\/\/kertigepalkatreszek.hu\/index.php\/termek\/mtd-elektromos-funyiro-ventilator\/#breadcrumb\",\"itemListElement\":[{\"@type\":\"ListItem\",\"position\":1,\"name\":\"Kezd\u0151lap\",\"item\":\"https:\/\/kertigepalkatreszek.hu\/\"},{\"@type\":\"ListItem\",\"position\":2,\"name\":\"\u00dczlet\",\"item\":\"https:\/\/kertigepalkatreszek.hu\/index.php\/uzlet\/\"},{\"@type\":\"ListItem\",\"position\":3,\"name\":\"Mtd elektromos f\u0171ny\u00edr\u00f3 ventil\u00e1tor\"}]},{\"@type\":\"WebSite\",\"@id\":\"https:\/\/kertigepalkatreszek.hu\/#website\",\"url\":\"https:\/\/kertigepalkatreszek.hu\/\",\"name\":\"Kertig\u00e9palkatr\u00e9szek.hu\",\"description\":\"\",\"potentialAction\":[{\"@type\":\"SearchAction\",\"target\":{\"@type\":\"EntryPoint\",\"urlTemplate\":\"https:\/\/kertigepalkatreszek.hu\/?s={search_term_string}\"},\"query-input\":\"required name=search_term_string\"}],\"inLanguage\":\"hu\"}]}<\/script>\n<!-- \/ Yoast SEO plugin. -->","yoast_head_json":{"title":"Mtd elektromos f\u0171ny\u00edr\u00f3 ventil\u00e1tor - Kertig\u00e9palkatr\u00e9szek.hu","robots":{"index":"index","follow":"follow","max-snippet":"max-snippet:-1","max-image-preview":"max-image-preview:large","max-video-preview":"max-video-preview:-1"},"canonical":"https:\/\/kertigepalkatreszek.hu\/index.php\/termek\/mtd-elektromos-funyiro-ventilator\/","og_locale":"hu_HU","og_type":"article","og_title":"Mtd elektromos f\u0171ny\u00edr\u00f3 ventil\u00e1tor - Kertig\u00e9palkatr\u00e9szek.hu","og_description":"F\u0171ny\u00edr\u00f3 motor ventil\u00e1tor FF327 , 1000 wattos motorra M\u00e9retek: \u00c1tm\u00e9r\u0151: 104 mm Tengelym\u00e9ret: 13,8 mm Cikksz\u00e1m: V-60","og_url":"https:\/\/kertigepalkatreszek.hu\/index.php\/termek\/mtd-elektromos-funyiro-ventilator\/","og_site_name":"Kertig\u00e9palkatr\u00e9szek.hu","og_image":[{"width":810,"height":930,"url":"https:\/\/kertigepalkatreszek.hu\/wp-content\/uploads\/2025\/01\/Mtd_elektromos_funyiro_ventilator__426932572626068-e1736783048542.jpg","type":"image\/jpeg"}],"twitter_card":"summary_large_image","schema":{"@context":"https:\/\/schema.org","@graph":[{"@type":"WebPage","@id":"https:\/\/kertigepalkatreszek.hu\/index.php\/termek\/mtd-elektromos-funyiro-ventilator\/","url":"https:\/\/kertigepalkatreszek.hu\/index.php\/termek\/mtd-elektromos-funyiro-ventilator\/","name":"Mtd elektromos f\u0171ny\u00edr\u00f3 ventil\u00e1tor - Kertig\u00e9palkatr\u00e9szek.hu","isPartOf":{"@id":"https:\/\/kertigepalkatreszek.hu\/#website"},"primaryImageOfPage":{"@id":"https:\/\/kertigepalkatreszek.hu\/index.php\/termek\/mtd-elektromos-funyiro-ventilator\/#primaryimage"},"image":{"@id":"https:\/\/kertigepalkatreszek.hu\/index.php\/termek\/mtd-elektromos-funyiro-ventilator\/#primaryimage"},"thumbnailUrl":"https:\/\/i0.wp.com\/kertigepalkatreszek.hu\/wp-content\/uploads\/2025\/01\/Mtd_elektromos_funyiro_ventilator__426932572626068-e1736783048542.jpg?fit=810%2C930&ssl=1","datePublished":"2025-01-13T15:46:52+00:00","dateModified":"2025-01-13T15:46:52+00:00","breadcrumb":{"@id":"https:\/\/kertigepalkatreszek.hu\/index.php\/termek\/mtd-elektromos-funyiro-ventilator\/#breadcrumb"},"inLanguage":"hu","potentialAction":[{"@type":"ReadAction","target":["https:\/\/kertigepalkatreszek.hu\/index.php\/termek\/mtd-elektromos-funyiro-ventilator\/"]}]},{"@type":"ImageObject","inLanguage":"hu","@id":"https:\/\/kertigepalkatreszek.hu\/index.php\/termek\/mtd-elektromos-funyiro-ventilator\/#primaryimage","url":"https:\/\/i0.wp.com\/kertigepalkatreszek.hu\/wp-content\/uploads\/2025\/01\/Mtd_elektromos_funyiro_ventilator__426932572626068-e1736783048542.jpg?fit=810%2C930&ssl=1","contentUrl":"https:\/\/i0.wp.com\/kertigepalkatreszek.hu\/wp-content\/uploads\/2025\/01\/Mtd_elektromos_funyiro_ventilator__426932572626068-e1736783048542.jpg?fit=810%2C930&ssl=1","width":810,"height":930},{"@type":"BreadcrumbList","@id":"https:\/\/kertigepalkatreszek.hu\/index.php\/termek\/mtd-elektromos-funyiro-ventilator\/#breadcrumb","itemListElement":[{"@type":"ListItem","position":1,"name":"Kezd\u0151lap","item":"https:\/\/kertigepalkatreszek.hu\/"},{"@type":"ListItem","position":2,"name":"\u00dczlet","item":"https:\/\/kertigepalkatreszek.hu\/index.php\/uzlet\/"},{"@type":"ListItem","position":3,"name":"Mtd elektromos f\u0171ny\u00edr\u00f3 ventil\u00e1tor"}]},{"@type":"WebSite","@id":"https:\/\/kertigepalkatreszek.hu\/#website","url":"https:\/\/kertigepalkatreszek.hu\/","name":"Kertig\u00e9palkatr\u00e9szek.hu","description":"","potentialAction":[{"@type":"SearchAction","target":{"@type":"EntryPoint","urlTemplate":"https:\/\/kertigepalkatreszek.hu\/?s={search_term_string}"},"query-input":"required name=search_term_string"}],"inLanguage":"hu"}]}},"jetpack_sharing_enabled":true,"_links":{"self":[{"href":"https:\/\/kertigepalkatreszek.hu\/index.php\/wp-json\/wp\/v2\/product\/9603","targetHints":{"allow":["GET"]}}],"collection":[{"href":"https:\/\/kertigepalkatreszek.hu\/index.php\/wp-json\/wp\/v2\/product"}],"about":[{"href":"https:\/\/kertigepalkatreszek.hu\/index.php\/wp-json\/wp\/v2\/types\/product"}],"replies":[{"embeddable":true,"href":"https:\/\/kertigepalkatreszek.hu\/index.php\/wp-json\/wp\/v2\/comments?post=9603"}],"wp:featuredmedia":[{"embeddable":true,"href":"https:\/\/kertigepalkatreszek.hu\/index.php\/wp-json\/wp\/v2\/media\/9605"}],"wp:attachment":[{"href":"https:\/\/kertigepalkatreszek.hu\/index.php\/wp-json\/wp\/v2\/media?parent=9603"}],"wp:term":[{"taxonomy":"product_cat","embeddable":true,"href":"https:\/\/kertigepalkatreszek.hu\/index.php\/wp-json\/wp\/v2\/product_cat?post=9603"},{"taxonomy":"product_tag","embeddable":true,"href":"https:\/\/kertigepalkatreszek.hu\/index.php\/wp-json\/wp\/v2\/product_tag?post=9603"}],"curies":[{"name":"wp","href":"https:\/\/api.w.org\/{rel}","templated":true}]}}