{"id":9918,"date":"2025-01-22T13:36:55","date_gmt":"2025-01-22T13:36:55","guid":{"rendered":"https:\/\/kertigepalkatreszek.hu\/?post_type=product&#038;p=9918"},"modified":"2025-01-29T10:06:41","modified_gmt":"2025-01-29T10:06:41","slug":"honda-g150-f400-szivo-szelep","status":"publish","type":"product","link":"https:\/\/kertigepalkatreszek.hu\/index.php\/termek\/honda-g150-f400-szivo-szelep\/","title":{"rendered":"Honda G150 F400 sz\u00edv\u00f3 szelep"},"content":{"rendered":"<pre>\u00daj honda G 150 F400 sz\u00edv\u00f3szelep.\r\n\u00c1tm\u00e9r\u0151: 1:7 mm\r\n\u00c1tm\u00e9r\u0151: 2:25,9 mm\r\nCikksz\u00e1m: V-12 G-150\/Szivsz\/t<\/pre>\n","protected":false},"excerpt":{"rendered":"<p>\u00daj honda G 150 F400 sz\u00edv\u00f3szelep. \u00c1tm\u00e9r\u0151: 1:7 mm \u00c1tm\u00e9r\u0151: 2:25,9 mm Cikksz\u00e1m: V-12 G-150\/Szivsz\/t<\/p>\n","protected":false},"featured_media":9921,"comment_status":"open","ping_status":"closed","template":"","meta":[],"product_cat":[58,98],"product_tag":[],"class_list":{"0":"post-9918","1":"product","2":"type-product","3":"status-publish","4":"has-post-thumbnail","6":"product_cat-honda","7":"product_cat-f400-f600","9":"first","10":"instock","11":"shipping-taxable","12":"purchasable","13":"product-type-simple"},"yoast_head":"<!-- This site is optimized with the Yoast SEO plugin v22.9 - https:\/\/yoast.com\/wordpress\/plugins\/seo\/ -->\n<title>Honda G150 F400 sz\u00edv\u00f3 szelep - Kertig\u00e9palkatr\u00e9szek.hu<\/title>\n<meta name=\"robots\" content=\"index, follow, max-snippet:-1, max-image-preview:large, max-video-preview:-1\" \/>\n<link rel=\"canonical\" href=\"https:\/\/kertigepalkatreszek.hu\/index.php\/termek\/honda-g150-f400-szivo-szelep\/\" \/>\n<meta property=\"og:locale\" content=\"hu_HU\" \/>\n<meta property=\"og:type\" content=\"article\" \/>\n<meta property=\"og:title\" content=\"Honda G150 F400 sz\u00edv\u00f3 szelep - Kertig\u00e9palkatr\u00e9szek.hu\" \/>\n<meta property=\"og:description\" content=\"\u00daj honda G 150 F400 sz\u00edv\u00f3szelep. \u00c1tm\u00e9r\u0151: 1:7 mm \u00c1tm\u00e9r\u0151: 2:25,9 mm Cikksz\u00e1m: V-12 G-150\/Szivsz\/t\" \/>\n<meta property=\"og:url\" content=\"https:\/\/kertigepalkatreszek.hu\/index.php\/termek\/honda-g150-f400-szivo-szelep\/\" \/>\n<meta property=\"og:site_name\" content=\"Kertig\u00e9palkatr\u00e9szek.hu\" \/>\n<meta property=\"article:modified_time\" content=\"2025-01-29T10:06:41+00:00\" \/>\n<meta property=\"og:image\" content=\"https:\/\/kertigepalkatreszek.hu\/wp-content\/uploads\/2025\/01\/Honda_G150_szivo_szelep_974312550844982-e1737552925450.jpg\" \/>\n\t<meta property=\"og:image:width\" content=\"1080\" \/>\n\t<meta property=\"og:image:height\" content=\"878\" \/>\n\t<meta property=\"og:image:type\" content=\"image\/jpeg\" \/>\n<meta name=\"twitter:card\" content=\"summary_large_image\" \/>\n<script type=\"application\/ld+json\" class=\"yoast-schema-graph\">{\"@context\":\"https:\/\/schema.org\",\"@graph\":[{\"@type\":\"WebPage\",\"@id\":\"https:\/\/kertigepalkatreszek.hu\/index.php\/termek\/honda-g150-f400-szivo-szelep\/\",\"url\":\"https:\/\/kertigepalkatreszek.hu\/index.php\/termek\/honda-g150-f400-szivo-szelep\/\",\"name\":\"Honda G150 F400 sz\u00edv\u00f3 szelep - Kertig\u00e9palkatr\u00e9szek.hu\",\"isPartOf\":{\"@id\":\"https:\/\/kertigepalkatreszek.hu\/#website\"},\"primaryImageOfPage\":{\"@id\":\"https:\/\/kertigepalkatreszek.hu\/index.php\/termek\/honda-g150-f400-szivo-szelep\/#primaryimage\"},\"image\":{\"@id\":\"https:\/\/kertigepalkatreszek.hu\/index.php\/termek\/honda-g150-f400-szivo-szelep\/#primaryimage\"},\"thumbnailUrl\":\"https:\/\/i0.wp.com\/kertigepalkatreszek.hu\/wp-content\/uploads\/2025\/01\/Honda_G150_szivo_szelep_974312550844982-e1737552925450.jpg?fit=1080%2C878&ssl=1\",\"datePublished\":\"2025-01-22T13:36:55+00:00\",\"dateModified\":\"2025-01-29T10:06:41+00:00\",\"breadcrumb\":{\"@id\":\"https:\/\/kertigepalkatreszek.hu\/index.php\/termek\/honda-g150-f400-szivo-szelep\/#breadcrumb\"},\"inLanguage\":\"hu\",\"potentialAction\":[{\"@type\":\"ReadAction\",\"target\":[\"https:\/\/kertigepalkatreszek.hu\/index.php\/termek\/honda-g150-f400-szivo-szelep\/\"]}]},{\"@type\":\"ImageObject\",\"inLanguage\":\"hu\",\"@id\":\"https:\/\/kertigepalkatreszek.hu\/index.php\/termek\/honda-g150-f400-szivo-szelep\/#primaryimage\",\"url\":\"https:\/\/i0.wp.com\/kertigepalkatreszek.hu\/wp-content\/uploads\/2025\/01\/Honda_G150_szivo_szelep_974312550844982-e1737552925450.jpg?fit=1080%2C878&ssl=1\",\"contentUrl\":\"https:\/\/i0.wp.com\/kertigepalkatreszek.hu\/wp-content\/uploads\/2025\/01\/Honda_G150_szivo_szelep_974312550844982-e1737552925450.jpg?fit=1080%2C878&ssl=1\",\"width\":1080,\"height\":878},{\"@type\":\"BreadcrumbList\",\"@id\":\"https:\/\/kertigepalkatreszek.hu\/index.php\/termek\/honda-g150-f400-szivo-szelep\/#breadcrumb\",\"itemListElement\":[{\"@type\":\"ListItem\",\"position\":1,\"name\":\"Kezd\u0151lap\",\"item\":\"https:\/\/kertigepalkatreszek.hu\/\"},{\"@type\":\"ListItem\",\"position\":2,\"name\":\"\u00dczlet\",\"item\":\"https:\/\/kertigepalkatreszek.hu\/index.php\/uzlet\/\"},{\"@type\":\"ListItem\",\"position\":3,\"name\":\"Honda G150 F400 sz\u00edv\u00f3 szelep\"}]},{\"@type\":\"WebSite\",\"@id\":\"https:\/\/kertigepalkatreszek.hu\/#website\",\"url\":\"https:\/\/kertigepalkatreszek.hu\/\",\"name\":\"Kertig\u00e9palkatr\u00e9szek.hu\",\"description\":\"\",\"potentialAction\":[{\"@type\":\"SearchAction\",\"target\":{\"@type\":\"EntryPoint\",\"urlTemplate\":\"https:\/\/kertigepalkatreszek.hu\/?s={search_term_string}\"},\"query-input\":\"required name=search_term_string\"}],\"inLanguage\":\"hu\"}]}<\/script>\n<!-- \/ Yoast SEO plugin. -->","yoast_head_json":{"title":"Honda G150 F400 sz\u00edv\u00f3 szelep - Kertig\u00e9palkatr\u00e9szek.hu","robots":{"index":"index","follow":"follow","max-snippet":"max-snippet:-1","max-image-preview":"max-image-preview:large","max-video-preview":"max-video-preview:-1"},"canonical":"https:\/\/kertigepalkatreszek.hu\/index.php\/termek\/honda-g150-f400-szivo-szelep\/","og_locale":"hu_HU","og_type":"article","og_title":"Honda G150 F400 sz\u00edv\u00f3 szelep - Kertig\u00e9palkatr\u00e9szek.hu","og_description":"\u00daj honda G 150 F400 sz\u00edv\u00f3szelep. \u00c1tm\u00e9r\u0151: 1:7 mm \u00c1tm\u00e9r\u0151: 2:25,9 mm Cikksz\u00e1m: V-12 G-150\/Szivsz\/t","og_url":"https:\/\/kertigepalkatreszek.hu\/index.php\/termek\/honda-g150-f400-szivo-szelep\/","og_site_name":"Kertig\u00e9palkatr\u00e9szek.hu","article_modified_time":"2025-01-29T10:06:41+00:00","og_image":[{"width":1080,"height":878,"url":"https:\/\/kertigepalkatreszek.hu\/wp-content\/uploads\/2025\/01\/Honda_G150_szivo_szelep_974312550844982-e1737552925450.jpg","type":"image\/jpeg"}],"twitter_card":"summary_large_image","schema":{"@context":"https:\/\/schema.org","@graph":[{"@type":"WebPage","@id":"https:\/\/kertigepalkatreszek.hu\/index.php\/termek\/honda-g150-f400-szivo-szelep\/","url":"https:\/\/kertigepalkatreszek.hu\/index.php\/termek\/honda-g150-f400-szivo-szelep\/","name":"Honda G150 F400 sz\u00edv\u00f3 szelep - Kertig\u00e9palkatr\u00e9szek.hu","isPartOf":{"@id":"https:\/\/kertigepalkatreszek.hu\/#website"},"primaryImageOfPage":{"@id":"https:\/\/kertigepalkatreszek.hu\/index.php\/termek\/honda-g150-f400-szivo-szelep\/#primaryimage"},"image":{"@id":"https:\/\/kertigepalkatreszek.hu\/index.php\/termek\/honda-g150-f400-szivo-szelep\/#primaryimage"},"thumbnailUrl":"https:\/\/i0.wp.com\/kertigepalkatreszek.hu\/wp-content\/uploads\/2025\/01\/Honda_G150_szivo_szelep_974312550844982-e1737552925450.jpg?fit=1080%2C878&ssl=1","datePublished":"2025-01-22T13:36:55+00:00","dateModified":"2025-01-29T10:06:41+00:00","breadcrumb":{"@id":"https:\/\/kertigepalkatreszek.hu\/index.php\/termek\/honda-g150-f400-szivo-szelep\/#breadcrumb"},"inLanguage":"hu","potentialAction":[{"@type":"ReadAction","target":["https:\/\/kertigepalkatreszek.hu\/index.php\/termek\/honda-g150-f400-szivo-szelep\/"]}]},{"@type":"ImageObject","inLanguage":"hu","@id":"https:\/\/kertigepalkatreszek.hu\/index.php\/termek\/honda-g150-f400-szivo-szelep\/#primaryimage","url":"https:\/\/i0.wp.com\/kertigepalkatreszek.hu\/wp-content\/uploads\/2025\/01\/Honda_G150_szivo_szelep_974312550844982-e1737552925450.jpg?fit=1080%2C878&ssl=1","contentUrl":"https:\/\/i0.wp.com\/kertigepalkatreszek.hu\/wp-content\/uploads\/2025\/01\/Honda_G150_szivo_szelep_974312550844982-e1737552925450.jpg?fit=1080%2C878&ssl=1","width":1080,"height":878},{"@type":"BreadcrumbList","@id":"https:\/\/kertigepalkatreszek.hu\/index.php\/termek\/honda-g150-f400-szivo-szelep\/#breadcrumb","itemListElement":[{"@type":"ListItem","position":1,"name":"Kezd\u0151lap","item":"https:\/\/kertigepalkatreszek.hu\/"},{"@type":"ListItem","position":2,"name":"\u00dczlet","item":"https:\/\/kertigepalkatreszek.hu\/index.php\/uzlet\/"},{"@type":"ListItem","position":3,"name":"Honda G150 F400 sz\u00edv\u00f3 szelep"}]},{"@type":"WebSite","@id":"https:\/\/kertigepalkatreszek.hu\/#website","url":"https:\/\/kertigepalkatreszek.hu\/","name":"Kertig\u00e9palkatr\u00e9szek.hu","description":"","potentialAction":[{"@type":"SearchAction","target":{"@type":"EntryPoint","urlTemplate":"https:\/\/kertigepalkatreszek.hu\/?s={search_term_string}"},"query-input":"required name=search_term_string"}],"inLanguage":"hu"}]}},"jetpack_sharing_enabled":true,"_links":{"self":[{"href":"https:\/\/kertigepalkatreszek.hu\/index.php\/wp-json\/wp\/v2\/product\/9918","targetHints":{"allow":["GET"]}}],"collection":[{"href":"https:\/\/kertigepalkatreszek.hu\/index.php\/wp-json\/wp\/v2\/product"}],"about":[{"href":"https:\/\/kertigepalkatreszek.hu\/index.php\/wp-json\/wp\/v2\/types\/product"}],"replies":[{"embeddable":true,"href":"https:\/\/kertigepalkatreszek.hu\/index.php\/wp-json\/wp\/v2\/comments?post=9918"}],"wp:featuredmedia":[{"embeddable":true,"href":"https:\/\/kertigepalkatreszek.hu\/index.php\/wp-json\/wp\/v2\/media\/9921"}],"wp:attachment":[{"href":"https:\/\/kertigepalkatreszek.hu\/index.php\/wp-json\/wp\/v2\/media?parent=9918"}],"wp:term":[{"taxonomy":"product_cat","embeddable":true,"href":"https:\/\/kertigepalkatreszek.hu\/index.php\/wp-json\/wp\/v2\/product_cat?post=9918"},{"taxonomy":"product_tag","embeddable":true,"href":"https:\/\/kertigepalkatreszek.hu\/index.php\/wp-json\/wp\/v2\/product_tag?post=9918"}],"curies":[{"name":"wp","href":"https:\/\/api.w.org\/{rel}","templated":true}]}}